 {"id":146,"date":"2017-12-20T12:07:22","date_gmt":"2017-12-20T11:07:22","guid":{"rendered":"https:\/\/blogs.univ-tlse2.fr\/15grandesfigures-scedu\/?page_id=146"},"modified":"2018-01-09T10:09:00","modified_gmt":"2018-01-09T09:09:00","slug":"les-artistes","status":"publish","type":"page","link":"https:\/\/blogs.univ-tlse2.fr\/15grandesfigures-scedu\/les-artistes\/","title":{"rendered":"Les artistes"},"content":{"rendered":"<p><strong>Les artistes qui ont mis en image les 15 grandes figures en sciences de l&rsquo;\u00e9ducation<\/strong><\/p>\n<table border=\"1\" cellspacing=\"0\" cellpadding=\"0\">\n<tbody>\n<tr>\n<td style=\"width: 50%;text-align: center;vertical-align: middle\"><a href=\"http:\/\/www.doyoubuzz.com\/christiana-charalampopoulou\">Christiana Charalampopoulou<\/a> Docteure en sciences de l&rsquo;\u00e9ducation, chercheure associ\u00e9e \u00e0 EFTS<\/td>\n<td style=\"width: 25%;text-align: center;vertical-align: middle\">\n<p><div id=\"attachment_92\" style=\"width: 112px\" class=\"wp-caption alignnone\"><img loading=\"lazy\" decoding=\"async\" aria-describedby=\"caption-attachment-92\" class=\"wp-image-92 size-full\" src=\"https:\/\/blogs.univ-tlse2.fr\/15grandesfigures-scedu\/files\/2017\/12\/baronbycharalampopoulou.gif\" alt=\"\" width=\"102\" height=\"132\" \/><p id=\"caption-attachment-92\" class=\"wp-caption-text\">Cr\u00e9ation graphique<\/p><\/div><\/td>\n<td style=\"width: 25%;text-align: center;vertical-align: middle\">\n<p><div id=\"attachment_93\" style=\"width: 112px\" class=\"wp-caption alignnone\"><img loading=\"lazy\" decoding=\"async\" aria-describedby=\"caption-attachment-93\" class=\"wp-image-93 size-full\" src=\"https:\/\/blogs.univ-tlse2.fr\/15grandesfigures-scedu\/files\/2017\/12\/lelievrebycharalampopoulou.gif\" alt=\"\" width=\"102\" height=\"132\" \/><p id=\"caption-attachment-93\" class=\"wp-caption-text\">Cr\u00e9ation graphique<\/p><\/div><\/td>\n<\/tr>\n<tr>\n<td style=\"height: 40px;width: 50%;text-align: center;vertical-align: middle\">\n<p><div id=\"attachment_97\" style=\"width: 112px\" class=\"wp-caption alignright ;vertical-align: middle\"><img loading=\"lazy\" decoding=\"async\" aria-describedby=\"caption-attachment-97\" class=\"wp-image-97 size-full\" src=\"https:\/\/blogs.univ-tlse2.fr\/15grandesfigures-scedu\/files\/2017\/12\/mosconibycharalampopoulou.gif\" alt=\"\" width=\"102\" height=\"132\" \/><p id=\"caption-attachment-97\" class=\"wp-caption-text\">Cr\u00e9ation graphique<\/p><\/div><\/td>\n<td style=\"height: 40px;width: 25%;text-align: center;vertical-align: middle\">\n<p><div id=\"attachment_94\" style=\"width: 112px\" class=\"wp-caption alignnone\"><img loading=\"lazy\" decoding=\"async\" aria-describedby=\"caption-attachment-94\" class=\"wp-image-94 size-full\" src=\"https:\/\/blogs.univ-tlse2.fr\/15grandesfigures-scedu\/files\/2017\/12\/rayoubycharalampopoulou.gif\" alt=\"\" width=\"102\" height=\"132\" \/><p id=\"caption-attachment-94\" class=\"wp-caption-text\">Cr\u00e9ation graphique<\/p><\/div><\/td>\n<td style=\"height: 40px;width: 25%;text-align: center;vertical-align: middle\">\n<p><div id=\"attachment_95\" style=\"width: 112px\" class=\"wp-caption alignnone\"><img loading=\"lazy\" decoding=\"async\" aria-describedby=\"caption-attachment-95\" class=\"wp-image-95 size-full\" src=\"https:\/\/blogs.univ-tlse2.fr\/15grandesfigures-scedu\/files\/2017\/12\/reuterbycharalampopoulou.gif\" alt=\"\" width=\"102\" height=\"132\" \/><p id=\"caption-attachment-95\" class=\"wp-caption-text\">Cr\u00e9ation graphique<\/p><\/div><\/td>\n<\/tr>\n<tr>\n<td style=\"width: 50%;text-align: center;vertical-align: middle\"><a href=\"mail&#116;&#111;&#x3a;&#x6d;&#x69;&#x6d;&#x61;rt&#46;b&#64;&#103;&#x6d;&#x61;&#x69;&#x6c;&#x2e;com\">Brigitte Mimart<\/a><br \/>\nDoctorante en sciences de l&rsquo;\u00e9ducation, EFTS<\/td>\n<td style=\"width: 50%;text-align: center;vertical-align: middle\" colspan=\"2\">\n<p><div id=\"attachment_96\" style=\"width: 112px\" class=\"wp-caption alignnone\"><img loading=\"lazy\" decoding=\"async\" aria-describedby=\"caption-attachment-96\" class=\"wp-image-96 size-full\" src=\"https:\/\/blogs.univ-tlse2.fr\/15grandesfigures-scedu\/files\/2017\/12\/peyroniebymimart.gif\" alt=\"\" width=\"102\" height=\"132\" \/><p id=\"caption-attachment-96\" class=\"wp-caption-text\">Acrylique non dilu\u00e9e sur papier cartonn\u00e9, technique de peinture \u00ab\u00a0pi\u00e9tiner\u00a0\u00bb<\/p><\/div><\/td>\n<\/tr>\n<tr>\n<td style=\"height: 40px;width: 50%;text-align: center;vertical-align: middle\"><a href=\"&#x6d;&#x61;&#105;lt&#x6f;&#x3a;&#x6c;eme&#x6c;&#x64;&#101;pa&#x74;&#x40;&#x67;&#109;ai&#x6c;&#x2e;&#99;om\">Patricia Mothes<\/a><br \/>\nDocteure en sciences de l&rsquo;\u00e9ducation, chercheure associ\u00e9e \u00e0 EFTS<\/td>\n<td style=\"height: 40px;width: 50%;text-align: center\" colspan=\"2\"><img loading=\"lazy\" decoding=\"async\" class=\"alignnone size-full wp-image-90\" src=\"https:\/\/blogs.univ-tlse2.fr\/15grandesfigures-scedu\/files\/2017\/12\/develaybymothes.gif\" alt=\"\" width=\"102\" height=\"132\" \/><\/td>\n<\/tr>\n<tr>\n<td style=\"height: 40px;width: 50%;text-align: center;vertical-align: middle\"><a href=\"m&#x61;&#x69;l&#116;&#x6f;:&#112;&#x68;&#x69;l&#x69;&#x70;p&#101;&#x2e;s&#97;&#x68;&#x75;c&#x40;&#x65;d&#117;&#x63;a&#103;&#x72;&#x69;&#46;&#x66;&#x72;\">Philippe Sahuc<\/a><br \/>\nMa\u00eetre de conf\u00e9rences \u00e0 EFTS<\/td>\n<td style=\"height: 40px;width: 50%;text-align: center\" colspan=\"2\">\u00a0<img loading=\"lazy\" decoding=\"async\" class=\"alignnone size-full wp-image-89\" src=\"https:\/\/blogs.univ-tlse2.fr\/15grandesfigures-scedu\/files\/2017\/12\/charlotbysahuc.gif\" alt=\"\" width=\"102\" height=\"132\" \/><\/td>\n<\/tr>\n<tr>\n<td style=\"height: 40px;width: 50%;text-align: center;vertical-align: middle\" rowspan=\"2\"><a href=\"&#x6d;&#x61;&#x69;&#x6c;&#x74;&#x6f;&#x3a;&#x6f;&#x72;&#x69;&#x61;&#x6e;&#x6e;&#x61;&#x2e;&#x73;&#x6f;&#x75;&#x6c;&#x40;&#x79;&#x61;&#104;&#111;&#111;&#46;&#102;&#114;\">Orianna Soul<\/a><\/p>\n<p><a href=\"https:\/\/www.facebook.com\/Wasni-Cr%C3%A9ations-Orianna-Soul-326464677745890\/\">Page Facebook\u00a0<span id=\"yui_3_16_0_ym19_1_1515432544150_20438\">Wasni Cr\u00e9ations &#8211; Orianna Soul\u00a0<\/span><\/a><\/td>\n<td style=\"height: 40px;width: 25%;text-align: center\"><img loading=\"lazy\" decoding=\"async\" class=\"alignnone size-full wp-image-83\" src=\"https:\/\/blogs.univ-tlse2.fr\/15grandesfigures-scedu\/files\/2017\/12\/durubellatbysoul.gif\" alt=\"\" width=\"102\" height=\"132\" \/><\/td>\n<td style=\"height: 40px;width: 25%;text-align: center\"><img loading=\"lazy\" decoding=\"async\" class=\"alignnone size-full wp-image-87\" src=\"https:\/\/blogs.univ-tlse2.fr\/15grandesfigures-scedu\/files\/2017\/12\/meirieubysoul.gif\" alt=\"\" width=\"102\" height=\"132\" \/><\/td>\n<\/tr>\n<tr>\n<td style=\"height: 40px;width: 50%;text-align: center\" colspan=\"2\">\n<h6>\u00ab\u00a0<em>Un dessin, c&rsquo;est de la r\u00e9alit\u00e9, la v\u00f4tre, habill\u00e9e par votre imaginaire, vos fantasmes, votre culture, votre vie<\/em>\u00a0\u00bb Pierre Lemaitre<\/h6>\n<\/td>\n<\/tr>\n<tr>\n<td style=\"height: 40px;width: 50%;text-align: center;vertical-align: middle\">Anastasia-Zo\u00e9 Souliotou<\/td>\n<td style=\"height: 40px;width: 25%;text-align: center\" colspan=\"2\"><img loading=\"lazy\" decoding=\"async\" class=\"alignnone size-full wp-image-84\" src=\"https:\/\/blogs.univ-tlse2.fr\/15grandesfigures-scedu\/files\/2017\/12\/houssayebysouliotou.gif\" alt=\"\" width=\"102\" height=\"132\" \/><\/td>\n<\/tr>\n<tr>\n<td style=\"height: 40px;width: 50%;text-align: center;vertical-align: middle\">Martine Voisin<\/td>\n<td style=\"height: 40px;width: 25%;text-align: center\"><img loading=\"lazy\" decoding=\"async\" class=\"alignnone size-full wp-image-88\" src=\"https:\/\/blogs.univ-tlse2.fr\/15grandesfigures-scedu\/files\/2017\/12\/blanchardlavillebyvoisin.gif\" alt=\"\" width=\"102\" height=\"132\" \/><\/td>\n<td style=\"height: 40px;width: 25%;text-align: center\"><img loading=\"lazy\" decoding=\"async\" class=\"alignnone size-full wp-image-86\" src=\"https:\/\/blogs.univ-tlse2.fr\/15grandesfigures-scedu\/files\/2017\/12\/martinandbyvoisin.gif\" alt=\"\" width=\"102\" height=\"132\" \/><\/td>\n<\/tr>\n<\/tbody>\n<\/table>\n<p>&nbsp;<\/p>\n<p>Nous remercions Johanna Arroyas pour sa participation, Benoit Colas pour la r\u00e9alisation du graphisme de l&rsquo;exposition et du livret et Marion Le Torrivellec (LLA Cr\u00e9atis) pour son aide pr\u00e9cieuse.<\/p>\n<p><strong>Petite histoire :<\/strong><\/p>\n<p>Les doctorants de l&rsquo;UMR EFTS dans le cadre du colloque <a class=\"customize-unpreviewable\" href=\"https:\/\/50-ans-se.sciencesconf.org\/\">M\u00eal\u00e9es et d\u00e9m\u00eal\u00e9s, 50 ans de recherches en sciences de l\u2019\u00e9ducation,\u00a0<\/a>ont cr\u00e9\u00e9 une exposition consacr\u00e9e aux acteurs de la communaut\u00e9 des Sciences de l&rsquo;\u00e9ducation. Ils ont lanc\u00e9 un appel \u00e0 artistes afin que ceux-ci proposent leur interpr\u00e9tation artistique des 15 grandes figures. L&rsquo;appel a \u00e9t\u00e9 lanc\u00e9 sur :\u00a0<a href=\"https:\/\/www.facebook.com\/15figuresSE\/\">https:\/\/www.facebook.com\/15figuresSE\/ <\/a><\/p>\n<p>Un vernissage des \u0153uvres originales : \u00ab\u00a0atelier du peintre\u00a0\u00bb a \u00e9t\u00e9 organis\u00e9 le 20 septembre 2017 :<\/p>\n<p><img loading=\"lazy\" decoding=\"async\" class=\"wp-image-200 aligncenter\" src=\"https:\/\/blogs.univ-tlse2.fr\/15grandesfigures-scedu\/files\/2017\/12\/atelierpeintre-300x200.jpg\" alt=\"\" width=\"450\" height=\"300\" srcset=\"https:\/\/blogs.univ-tlse2.fr\/15grandesfigures-scedu\/files\/2017\/12\/atelierpeintre-300x200.jpg 300w, https:\/\/blogs.univ-tlse2.fr\/15grandesfigures-scedu\/files\/2017\/12\/atelierpeintre-768x512.jpg 768w, https:\/\/blogs.univ-tlse2.fr\/15grandesfigures-scedu\/files\/2017\/12\/atelierpeintre.jpg 1000w\" sizes=\"auto, (max-width: 450px) 100vw, 450px\" \/><\/p>\n","protected":false},"excerpt":{"rendered":"<p>Les artistes qui ont mis en image les 15 grandes figures en sciences de l&rsquo;\u00e9ducation Christiana Charalampopoulou Docteure en sciences de l&rsquo;\u00e9ducation, chercheure associ\u00e9e \u00e0 EFTS Brigitte Mimart Doctorante en sciences de l&rsquo;\u00e9ducation, EFTS Patricia Mothes Docteure en sciences de &hellip; <a href=\"https:\/\/blogs.univ-tlse2.fr\/15grandesfigures-scedu\/les-artistes\/\">Continuer la lecture <span class=\"meta-nav\">&rarr;<\/span><\/a><\/p>\n","protected":false},"author":271,"featured_media":0,"parent":0,"menu_order":0,"comment_status":"closed","ping_status":"closed","template":"","meta":{"footnotes":""},"class_list":["post-146","page","type-page","status-publish","hentry"],"_links":{"self":[{"href":"https:\/\/blogs.univ-tlse2.fr\/15grandesfigures-scedu\/wp-json\/wp\/v2\/pages\/146","targetHints":{"allow":["GET"]}}],"collection":[{"href":"https:\/\/blogs.univ-tlse2.fr\/15grandesfigures-scedu\/wp-json\/wp\/v2\/pages"}],"about":[{"href":"https:\/\/blogs.univ-tlse2.fr\/15grandesfigures-scedu\/wp-json\/wp\/v2\/types\/page"}],"author":[{"embeddable":true,"href":"https:\/\/blogs.univ-tlse2.fr\/15grandesfigures-scedu\/wp-json\/wp\/v2\/users\/271"}],"replies":[{"embeddable":true,"href":"https:\/\/blogs.univ-tlse2.fr\/15grandesfigures-scedu\/wp-json\/wp\/v2\/comments?post=146"}],"version-history":[{"count":53,"href":"https:\/\/blogs.univ-tlse2.fr\/15grandesfigures-scedu\/wp-json\/wp\/v2\/pages\/146\/revisions"}],"predecessor-version":[{"id":370,"href":"https:\/\/blogs.univ-tlse2.fr\/15grandesfigures-scedu\/wp-json\/wp\/v2\/pages\/146\/revisions\/370"}],"wp:attachment":[{"href":"https:\/\/blogs.univ-tlse2.fr\/15grandesfigures-scedu\/wp-json\/wp\/v2\/media?parent=146"}],"curies":[{"name":"wp","href":"https:\/\/api.w.org\/{rel}","templated":true}]}}