 {"id":148,"date":"2017-12-20T12:07:44","date_gmt":"2017-12-20T11:07:44","guid":{"rendered":"https:\/\/blogs.univ-tlse2.fr\/15grandesfigures-scedu\/?page_id=148"},"modified":"2017-12-22T09:43:38","modified_gmt":"2017-12-22T08:43:38","slug":"contact","status":"publish","type":"page","link":"https:\/\/blogs.univ-tlse2.fr\/15grandesfigures-scedu\/contact\/","title":{"rendered":"Contact"},"content":{"rendered":"<p>Pour toute demande au sujet de l&rsquo;exposition, du livret ou du colloque, vous pouvez nous contacter sur <a href=\"ma&#x69;&#x6c;&#x74;o:&#109;&#x65;&#x6c;ee&#115;&#x64;&#x65;&#64;u&#110;&#x69;&#x76;&#x2d;tl&#x73;&#x65;&#x32;&#46;f&#114;\">&#109;&#x65;l&#x65;e&#x73;d&#x65;&#64;&#117;&#x6e;&#105;&#x76;-&#x74;l&#x73;e&#50;&#x2e;&#102;&#x72;<\/a><\/p>\n<p><strong>Adresse :<\/strong><br \/>\nUniversit\u00e9 de Toulouse Jean Jaur\u00e8s &#8211; Maison de la recherche<br \/>\nUMR EFTS<br \/>\n5, all\u00e9es Antonio-Machado<br \/>\nF \u2013 31 058 Toulouse Cedex 9<\/p>\n<p>Cr\u00e9ation du <a href=\"https:\/\/blogs.univ-tlse2.fr\/15grandesfigures-scedu\/\">blogs.univ-tlse2.fr\/15grandesfigures-scedu\u00a0<\/a>par <a href=\"m&#x61;&#x69;l&#116;&#x6f;:&#99;&#x68;r&#105;&#x73;te&#x6c;&#x6c;e&#x2e;&#x68;e&#114;&#x72;a&#117;&#x64;&#64;u&#x6e;&#x69;v&#x2d;&#x74;l&#115;&#x65;2&#46;&#x66;r\">Christelle Herraud<\/a><\/p>\n","protected":false},"excerpt":{"rendered":"<p>Pour toute demande au sujet de l&rsquo;exposition, du livret ou du colloque, vous pouvez nous contacter sur &#x6d;&#x65;&#108;ee&#x73;&#x64;&#x65;&#64;un&#x69;&#x76;&#x2d;&#116;ls&#x65;&#x32;&#x2e;&#102;r Adresse : Universit\u00e9 de Toulouse Jean Jaur\u00e8s &#8211; Maison de la recherche UMR EFTS 5, all\u00e9es Antonio-Machado F \u2013 31 058 Toulouse &hellip; <a href=\"https:\/\/blogs.univ-tlse2.fr\/15grandesfigures-scedu\/contact\/\">Continuer la lecture <span class=\"meta-nav\">&rarr;<\/span><\/a><\/p>\n","protected":false},"author":271,"featured_media":0,"parent":0,"menu_order":0,"comment_status":"closed","ping_status":"closed","template":"","meta":{"footnotes":""},"class_list":["post-148","page","type-page","status-publish","hentry"],"_links":{"self":[{"href":"https:\/\/blogs.univ-tlse2.fr\/15grandesfigures-scedu\/wp-json\/wp\/v2\/pages\/148","targetHints":{"allow":["GET"]}}],"collection":[{"href":"https:\/\/blogs.univ-tlse2.fr\/15grandesfigures-scedu\/wp-json\/wp\/v2\/pages"}],"about":[{"href":"https:\/\/blogs.univ-tlse2.fr\/15grandesfigures-scedu\/wp-json\/wp\/v2\/types\/page"}],"author":[{"embeddable":true,"href":"https:\/\/blogs.univ-tlse2.fr\/15grandesfigures-scedu\/wp-json\/wp\/v2\/users\/271"}],"replies":[{"embeddable":true,"href":"https:\/\/blogs.univ-tlse2.fr\/15grandesfigures-scedu\/wp-json\/wp\/v2\/comments?post=148"}],"version-history":[{"count":4,"href":"https:\/\/blogs.univ-tlse2.fr\/15grandesfigures-scedu\/wp-json\/wp\/v2\/pages\/148\/revisions"}],"predecessor-version":[{"id":306,"href":"https:\/\/blogs.univ-tlse2.fr\/15grandesfigures-scedu\/wp-json\/wp\/v2\/pages\/148\/revisions\/306"}],"wp:attachment":[{"href":"https:\/\/blogs.univ-tlse2.fr\/15grandesfigures-scedu\/wp-json\/wp\/v2\/media?parent=148"}],"curies":[{"name":"wp","href":"https:\/\/api.w.org\/{rel}","templated":true}]}}