 {"id":2,"date":"2017-10-25T16:21:00","date_gmt":"2017-10-25T14:21:00","guid":{"rendered":"https:\/\/blogs.univ-tlse2.fr\/15grandesfigures-scedu\/?page_id=2"},"modified":"2018-01-26T11:39:40","modified_gmt":"2018-01-26T10:39:40","slug":"page-d-exemple","status":"publish","type":"page","link":"https:\/\/blogs.univ-tlse2.fr\/15grandesfigures-scedu\/","title":{"rendered":"Accueil"},"content":{"rendered":"<div class=\"entry-content\">\n<h1>Exposition : 15 grandes figures en sciences de l\u2019\u00e9ducation<\/h1>\n<p>Cette exposition inaugur\u00e9e lors du colloque <a class=\"customize-unpreviewable\" href=\"https:\/\/50-ans-se.sciencesconf.org\/\">M\u00eal\u00e9es et d\u00e9m\u00eal\u00e9s, 50 ans de recherches en sciences de l\u2019\u00e9ducation<\/a>, pr\u00e9sente l\u2019\u00e9quipe de rugby des 15 grandes figures en sciences de l\u2019\u00e9ducation s\u00e9lectionn\u00e9es par le coach Marguerite Altet.<\/p>\n<p>Les 15 tableaux des grandes figures sont : Bernard Charlot, Claudine Blanchard-Laville, Georges-Louis Baron, Michel Develay, Marie Duru-Bellat, Jean Houssaye, Claude Lelievre, Henri Peyronie, Philippe Meirieu, Nicole Mosconi, Yves Reuter, Jean-Marie Barbier, Jean-Louis Martinand, Elisabeth Bautier et Patrick Rayou. Un tableau additionnel, rend hommage \u00e0 l\u2019un des fondateurs des sciences de l&rsquo;\u00e9ducation, Gaston Mialaret. Chaque poster est accompagn\u00e9 d\u2019un portrait artistique de la grande figure.<\/p>\n<p>&nbsp;<\/p>\n<\/div>\n<table border=\"0\" cellspacing=\"0\" cellpadding=\"0\">\n<tbody>\n<tr>\n<td style=\"height: 132px;width: 33%;text-align: center;vertical-align: middle\" colspan=\"4\"><a href=\"https:\/\/blogs.univ-tlse2.fr\/15grandesfigures-scedu\/barbier\/\"><\/p>\n<div id=\"barbier\"><\/div>\n<p><\/a><\/td>\n<td style=\"height: 132px;width: 33%;text-align: center;vertical-align: middle\" colspan=\"4\"><a href=\"https:\/\/blogs.univ-tlse2.fr\/15grandesfigures-scedu\/lelievre\/\"><\/p>\n<div id=\"lelievre\"><\/div>\n<p><\/a><\/td>\n<td style=\"height: 132px;width: 33%;text-align: center;vertical-align: middle\" colspan=\"4\"><a href=\"https:\/\/blogs.univ-tlse2.fr\/15grandesfigures-scedu\/bautier-2\/\"><\/p>\n<div id=\"bautier\"><\/div>\n<p><\/a><\/td>\n<\/tr>\n<tr>\n<td style=\"height: 40px;width: 17%\" colspan=\"2\"><\/td>\n<td style=\"height: 40px;width: 33%;text-align: center;vertical-align: middle\" colspan=\"4\"><a href=\"https:\/\/blogs.univ-tlse2.fr\/15grandesfigures-scedu\/blanchardlaville\/\"><\/p>\n<div id=\"blanchardlaville\"><\/div>\n<p><\/a><\/td>\n<td style=\"height: 40px;width: 33%;text-align: center;vertical-align: middle\" colspan=\"4\"><a href=\"https:\/\/blogs.univ-tlse2.fr\/15grandesfigures-scedu\/baron\/\"><\/p>\n<div id=\"baron\"><\/div>\n<p><\/a><\/td>\n<td style=\"height: 40px;width: 17%\" colspan=\"2\"><\/td>\n<\/tr>\n<tr>\n<td style=\"height: 40px;width: 33%;text-align: center;vertical-align: middle\" colspan=\"4\"><a href=\"https:\/\/blogs.univ-tlse2.fr\/15grandesfigures-scedu\/develay\/\"><\/p>\n<div id=\"develay\"><\/div>\n<p><\/a><\/td>\n<td style=\"height: 40px;width: 33%;text-align: center;vertical-align: middle\" colspan=\"4\"><a href=\"https:\/\/blogs.univ-tlse2.fr\/15grandesfigures-scedu\/houssaye\/\"><\/p>\n<div id=\"houssaye\"><\/div>\n<p><\/a><\/td>\n<td style=\"height: 40px;width: 34%;text-align: center;vertical-align: middle\" colspan=\"4\"><a href=\"https:\/\/blogs.univ-tlse2.fr\/15grandesfigures-scedu\/durubellat\/\"><\/p>\n<div id=\"durubellat\"><\/div>\n<p><\/a><\/td>\n<\/tr>\n<tr>\n<td style=\"height: 40px;width: 17%\" colspan=\"2\"><\/td>\n<td style=\"height: 40px;width: 33%;text-align: center;vertical-align: middle\" colspan=\"4\"><a href=\"https:\/\/blogs.univ-tlse2.fr\/15grandesfigures-scedu\/charlot\/\"><\/p>\n<div id=\"charlot\"><\/div>\n<p><\/a><\/td>\n<td style=\"height: 40px;width: 33%;text-align: center;vertical-align: middle\" colspan=\"4\"><a href=\"https:\/\/blogs.univ-tlse2.fr\/15grandesfigures-scedu\/meirieu\/\"><\/p>\n<div id=\"meirieu\"><\/div>\n<p><\/a><\/td>\n<td style=\"height: 40px;width: 17%\" colspan=\"2\"><\/td>\n<\/tr>\n<tr>\n<td style=\"height: 40px;width: 25%;text-align: center;vertical-align: middle\" colspan=\"3\"><a href=\"https:\/\/blogs.univ-tlse2.fr\/15grandesfigures-scedu\/reuter\/\"><\/p>\n<div id=\"reuter\"><\/div>\n<p><\/a><\/td>\n<td style=\"height: 40px;width: 25%;text-align: center;vertical-align: middle\" colspan=\"3\"><a href=\"https:\/\/blogs.univ-tlse2.fr\/15grandesfigures-scedu\/martinand\/\"><\/p>\n<div id=\"martinand\"><\/div>\n<p><\/a><\/td>\n<td style=\"height: 40px;width: 25%;text-align: center;vertical-align: middle\" colspan=\"3\"><a href=\"https:\/\/blogs.univ-tlse2.fr\/15grandesfigures-scedu\/mosconi\/\"><\/p>\n<div id=\"mosconi\"><\/div>\n<p><\/a><\/td>\n<td style=\"height: 40px;width: 25%;text-align: center;vertical-align: middle\" colspan=\"3\"><a href=\"https:\/\/blogs.univ-tlse2.fr\/15grandesfigures-scedu\/peyronie\/\"><\/p>\n<div id=\"peyronie\"><\/div>\n<p><\/a><\/td>\n<\/tr>\n<tr>\n<td style=\"height: 40px;width: 100%;text-align: center;vertical-align: middle\" colspan=\"12\"><a href=\"https:\/\/blogs.univ-tlse2.fr\/15grandesfigures-scedu\/rayou\/\"><\/p>\n<div id=\"rayou\"><\/div>\n<p><\/a><\/td>\n<\/tr>\n<tr>\n<td style=\"height: 38px;width: 33%\" colspan=\"4\"><\/td>\n<td style=\"height: 38px;width: 33%\" colspan=\"4\"><\/td>\n<td style=\"height: 38px;width: 34%;text-align: right;vertical-align: middle\" colspan=\"4\"><a href=\"https:\/\/blogs.univ-tlse2.fr\/15grandesfigures-scedu\/altet-2\/\"><\/p>\n<div id=\"altet\"><\/div>\n<p><\/a><\/td>\n<\/tr>\n<tr>\n<td style=\"height: 40px;width: 100%\" colspan=\"12\"><\/td>\n<\/tr>\n<\/tbody>\n<\/table>\n<p>Hommage \u00e0 l\u2019un des fondateurs, Gaston Mialaret <img loading=\"lazy\" decoding=\"async\" class=\"alignnone size-full wp-image-98\" src=\"https:\/\/blogs.univ-tlse2.fr\/15grandesfigures-scedu\/files\/2017\/12\/mialaret.gif\" alt=\"\" width=\"102\" height=\"132\" \/><\/p>\n<p>&nbsp;<\/p>\n<p>&nbsp;<\/p>\n","protected":false},"excerpt":{"rendered":"<p>Exposition : 15 grandes figures en sciences de l\u2019\u00e9ducation Cette exposition inaugur\u00e9e lors du colloque M\u00eal\u00e9es et d\u00e9m\u00eal\u00e9s, 50 ans de recherches en sciences de l\u2019\u00e9ducation, pr\u00e9sente l\u2019\u00e9quipe de rugby des 15 grandes figures en sciences de l\u2019\u00e9ducation s\u00e9lectionn\u00e9es par &hellip; <a href=\"https:\/\/blogs.univ-tlse2.fr\/15grandesfigures-scedu\/\">Continuer la lecture <span class=\"meta-nav\">&rarr;<\/span><\/a><\/p>\n","protected":false},"author":271,"featured_media":0,"parent":0,"menu_order":0,"comment_status":"closed","ping_status":"closed","template":"","meta":{"footnotes":""},"class_list":["post-2","page","type-page","status-publish","hentry"],"_links":{"self":[{"href":"https:\/\/blogs.univ-tlse2.fr\/15grandesfigures-scedu\/wp-json\/wp\/v2\/pages\/2","targetHints":{"allow":["GET"]}}],"collection":[{"href":"https:\/\/blogs.univ-tlse2.fr\/15grandesfigures-scedu\/wp-json\/wp\/v2\/pages"}],"about":[{"href":"https:\/\/blogs.univ-tlse2.fr\/15grandesfigures-scedu\/wp-json\/wp\/v2\/types\/page"}],"author":[{"embeddable":true,"href":"https:\/\/blogs.univ-tlse2.fr\/15grandesfigures-scedu\/wp-json\/wp\/v2\/users\/271"}],"replies":[{"embeddable":true,"href":"https:\/\/blogs.univ-tlse2.fr\/15grandesfigures-scedu\/wp-json\/wp\/v2\/comments?post=2"}],"version-history":[{"count":47,"href":"https:\/\/blogs.univ-tlse2.fr\/15grandesfigures-scedu\/wp-json\/wp\/v2\/pages\/2\/revisions"}],"predecessor-version":[{"id":433,"href":"https:\/\/blogs.univ-tlse2.fr\/15grandesfigures-scedu\/wp-json\/wp\/v2\/pages\/2\/revisions\/433"}],"wp:attachment":[{"href":"https:\/\/blogs.univ-tlse2.fr\/15grandesfigures-scedu\/wp-json\/wp\/v2\/media?parent=2"}],"curies":[{"name":"wp","href":"https:\/\/api.w.org\/{rel}","templated":true}]}}