 {"id":254,"date":"2017-12-21T15:22:10","date_gmt":"2017-12-21T14:22:10","guid":{"rendered":"https:\/\/blogs.univ-tlse2.fr\/15grandesfigures-scedu\/?page_id=254"},"modified":"2018-01-10T13:20:33","modified_gmt":"2018-01-10T12:20:33","slug":"meirieu","status":"publish","type":"page","link":"https:\/\/blogs.univ-tlse2.fr\/15grandesfigures-scedu\/meirieu\/","title":{"rendered":"Philippe Meirieu"},"content":{"rendered":"<table border=\"1\" cellspacing=\"0\" cellpadding=\"0\">\n<tbody>\n<tr>\n<td style=\"width: 33%;text-align: center;vertical-align: middle\"><img loading=\"lazy\" decoding=\"async\" class=\"wp-image-78 alignleft\" src=\"https:\/\/blogs.univ-tlse2.fr\/15grandesfigures-scedu\/files\/2017\/12\/meirieumaillot.gif\" alt=\"\" width=\"37\" height=\"48\" \/><\/td>\n<td style=\"width: 67%;text-align: center;vertical-align: middle\">\n<h3><span id=\"Demi_de_m\u00eal\u00e9e_(9)\" class=\"mw-headline\">Demi d&rsquo;ouverture<\/span><\/h3>\n<\/td>\n<\/tr>\n<tr>\n<td style=\"width: 67%;text-align: center;vertical-align: middle\">\n<h2 style=\"text-align: left\">Philippe Meirieu<\/h2>\n<p style=\"text-align: left\">Professeur \u00e9m\u00e9rite en Sciences de l\u2019\u00e9ducation<br \/>\nUniversit\u00e9 Lumi\u00e8re Lyon 2<\/p>\n<\/td>\n<td style=\"width: 33%;text-align: center;vertical-align: middle\">\n<h3><a href=\"https:\/\/blogs.univ-tlse2.fr\/15grandesfigures-scedu\/les-artistes\/\"><span id=\"Demi_de_m\u00eal\u00e9e_(9)\" class=\"mw-headline\"><img loading=\"lazy\" decoding=\"async\" class=\"alignnone size-full wp-image-87\" src=\"https:\/\/blogs.univ-tlse2.fr\/15grandesfigures-scedu\/files\/2017\/12\/meirieubysoul.gif\" alt=\"\" width=\"102\" height=\"132\" \/><\/span><\/a><\/h3>\n<\/td>\n<\/tr>\n<\/tbody>\n<\/table>\n<p>&nbsp;<\/p>\n<p><strong>Marguerite Altet a pos\u00e9 \u00e0 Philippe Meirieu les questions suivantes :<\/strong><\/p>\n<ul>\n<li>Quelle est la controverse la plus importante, selon vous, dans l\u2019histoire des sciences de l\u2019\u00e9ducation ?<\/li>\n<li>Comment imaginez-vous les sciences de l\u2019\u00e9ducation dans 20 ans ?<\/li>\n<\/ul>\n<p><strong>Pour en savoir plus, <\/strong><a href=\"https:\/\/blogs.univ-tlse2.fr\/15grandesfigures-scedu\/modalite-de-reservation-de-lexposition\/\"><strong>suivez l\u2019exposition<\/strong><\/a><\/p>\n","protected":false},"excerpt":{"rendered":"<p>Demi d&rsquo;ouverture Philippe Meirieu Professeur \u00e9m\u00e9rite en Sciences de l\u2019\u00e9ducation Universit\u00e9 Lumi\u00e8re Lyon 2 &nbsp; Marguerite Altet a pos\u00e9 \u00e0 Philippe Meirieu les questions suivantes : Quelle est la controverse la plus importante, selon vous, dans l\u2019histoire des sciences de &hellip; <a href=\"https:\/\/blogs.univ-tlse2.fr\/15grandesfigures-scedu\/meirieu\/\">Continuer la lecture <span class=\"meta-nav\">&rarr;<\/span><\/a><\/p>\n","protected":false},"author":271,"featured_media":0,"parent":0,"menu_order":0,"comment_status":"closed","ping_status":"closed","template":"","meta":{"footnotes":""},"class_list":["post-254","page","type-page","status-publish","hentry"],"_links":{"self":[{"href":"https:\/\/blogs.univ-tlse2.fr\/15grandesfigures-scedu\/wp-json\/wp\/v2\/pages\/254","targetHints":{"allow":["GET"]}}],"collection":[{"href":"https:\/\/blogs.univ-tlse2.fr\/15grandesfigures-scedu\/wp-json\/wp\/v2\/pages"}],"about":[{"href":"https:\/\/blogs.univ-tlse2.fr\/15grandesfigures-scedu\/wp-json\/wp\/v2\/types\/page"}],"author":[{"embeddable":true,"href":"https:\/\/blogs.univ-tlse2.fr\/15grandesfigures-scedu\/wp-json\/wp\/v2\/users\/271"}],"replies":[{"embeddable":true,"href":"https:\/\/blogs.univ-tlse2.fr\/15grandesfigures-scedu\/wp-json\/wp\/v2\/comments?post=254"}],"version-history":[{"count":6,"href":"https:\/\/blogs.univ-tlse2.fr\/15grandesfigures-scedu\/wp-json\/wp\/v2\/pages\/254\/revisions"}],"predecessor-version":[{"id":412,"href":"https:\/\/blogs.univ-tlse2.fr\/15grandesfigures-scedu\/wp-json\/wp\/v2\/pages\/254\/revisions\/412"}],"wp:attachment":[{"href":"https:\/\/blogs.univ-tlse2.fr\/15grandesfigures-scedu\/wp-json\/wp\/v2\/media?parent=254"}],"curies":[{"name":"wp","href":"https:\/\/api.w.org\/{rel}","templated":true}]}}