 {"id":26,"date":"2017-12-06T15:57:58","date_gmt":"2017-12-06T14:57:58","guid":{"rendered":"https:\/\/blogs.univ-tlse2.fr\/15grandesfigures-scedu\/?page_id=26"},"modified":"2018-01-11T16:21:50","modified_gmt":"2018-01-11T15:21:50","slug":"accueillir-lexposition","status":"publish","type":"page","link":"https:\/\/blogs.univ-tlse2.fr\/15grandesfigures-scedu\/accueillir-lexposition\/","title":{"rendered":"Accueillir l&rsquo;exposition"},"content":{"rendered":"<p>Apr\u00e8s avoir consult\u00e9 le <a href=\"https:\/\/blogs.univ-tlse2.fr\/15grandesfigures-scedu\/my-calendar\/\">calendrier d&rsquo;itin\u00e9rance<\/a> de l&rsquo;exposition, vous pouvez prendre <a href=\"https:\/\/blogs.univ-tlse2.fr\/15grandesfigures-scedu\/contact\/\">contact<\/a> avec nous en nous indiquant vos dates, le titre de votre manifestation et son lieu.<\/p>\n<h3>Description technique de l&rsquo;exposition :<\/h3>\n<p>L\u2019exposition se compose de 20 panneaux imprim\u00e9s sur b\u00e2che mont\u00e9s sur support Kakemono de dimension 84cm x 220cm. Chaque panneau est pr\u00e9sent\u00e9 dans un sac d\u2019emballage sp\u00e9cifique (avec poign\u00e9e de transport) de 20cm x 20cm x 90cm. Le poids de chaque panneau est de 3.03 kg.<\/p>\n<h3>Conditions d&#8217;emprunt :<\/h3>\n<ul>\n<li>signature d&rsquo;une convention entre les deux institutions afin de pr\u00e9voir le remboursement des frais d&rsquo;exp\u00e9dition de l&rsquo;exposition, l&rsquo;assurance et les d\u00e9lais du pr\u00eats\n<ul>\n<li>Les frais d&rsquo;exp\u00e9dition aller pour un trajet en France m\u00e9tropolitaine sont d&rsquo;environ 250\u20ac HT. Le prix exact correspond au prix demand\u00e9 par le transporteur auquel nous faisons appel. Il est communiqu\u00e9 au cas par cas.<\/li>\n<li>Les frais d&rsquo;assurance sont d&rsquo;environ 60\u20ac pour une dizaine de jours.<\/li>\n<\/ul>\n<\/li>\n<li>Nous engageons un transporteur qui vous livre l&rsquo;exposition (60kg) sur une palette film\u00e9e<\/li>\n<li>Vous installez l&rsquo;exposition,\n<ul>\n<li>Il faut compter environ 1 heure d&rsquo;installation dans une grande salle ou hall<\/li>\n<li>Vous nous faites un petit retour visuel de l&rsquo;installation qui sera affich\u00e9 sur ce blog<\/li>\n<\/ul>\n<\/li>\n<li>Vous nous renvoyez l&rsquo;exposition \u00e0 vos frais (environ 250\u20ac).<\/li>\n<\/ul>\n<p><a href=\"https:\/\/blogs.univ-tlse2.fr\/15grandesfigures-scedu\/contact\/\">Prenez contact avec nous<\/a><\/p>\n","protected":false},"excerpt":{"rendered":"<p>Apr\u00e8s avoir consult\u00e9 le calendrier d&rsquo;itin\u00e9rance de l&rsquo;exposition, vous pouvez prendre contact avec nous en nous indiquant vos dates, le titre de votre manifestation et son lieu. Description technique de l&rsquo;exposition : L\u2019exposition se compose de 20 panneaux imprim\u00e9s sur &hellip; <a href=\"https:\/\/blogs.univ-tlse2.fr\/15grandesfigures-scedu\/accueillir-lexposition\/\">Continuer la lecture <span class=\"meta-nav\">&rarr;<\/span><\/a><\/p>\n","protected":false},"author":271,"featured_media":0,"parent":0,"menu_order":0,"comment_status":"closed","ping_status":"closed","template":"","meta":{"footnotes":""},"class_list":["post-26","page","type-page","status-publish","hentry"],"_links":{"self":[{"href":"https:\/\/blogs.univ-tlse2.fr\/15grandesfigures-scedu\/wp-json\/wp\/v2\/pages\/26","targetHints":{"allow":["GET"]}}],"collection":[{"href":"https:\/\/blogs.univ-tlse2.fr\/15grandesfigures-scedu\/wp-json\/wp\/v2\/pages"}],"about":[{"href":"https:\/\/blogs.univ-tlse2.fr\/15grandesfigures-scedu\/wp-json\/wp\/v2\/types\/page"}],"author":[{"embeddable":true,"href":"https:\/\/blogs.univ-tlse2.fr\/15grandesfigures-scedu\/wp-json\/wp\/v2\/users\/271"}],"replies":[{"embeddable":true,"href":"https:\/\/blogs.univ-tlse2.fr\/15grandesfigures-scedu\/wp-json\/wp\/v2\/comments?post=26"}],"version-history":[{"count":7,"href":"https:\/\/blogs.univ-tlse2.fr\/15grandesfigures-scedu\/wp-json\/wp\/v2\/pages\/26\/revisions"}],"predecessor-version":[{"id":426,"href":"https:\/\/blogs.univ-tlse2.fr\/15grandesfigures-scedu\/wp-json\/wp\/v2\/pages\/26\/revisions\/426"}],"wp:attachment":[{"href":"https:\/\/blogs.univ-tlse2.fr\/15grandesfigures-scedu\/wp-json\/wp\/v2\/media?parent=26"}],"curies":[{"name":"wp","href":"https:\/\/api.w.org\/{rel}","templated":true}]}}