 {"id":217,"date":"2013-04-13T13:43:01","date_gmt":"2013-04-13T11:43:01","guid":{"rendered":"https:\/\/blogs.univ-tlse2.fr\/1940s\/?page_id=217"},"modified":"2021-10-14T11:09:42","modified_gmt":"2021-10-14T09:09:42","slug":"about-me","status":"publish","type":"page","link":"https:\/\/blogs.univ-tlse2.fr\/1940s\/about-me\/","title":{"rendered":"About me"},"content":{"rendered":"<p><a href=\"https:\/\/blogs.univ-tlse2.fr\/1940s\/files\/2013\/04\/HG.jpg\"><img loading=\"lazy\" decoding=\"async\" class=\"alignleft size-medium wp-image-253\" src=\"https:\/\/blogs.univ-tlse2.fr\/1940s\/files\/2013\/04\/HG-222x300.jpg\" alt=\"HG\" width=\"222\" height=\"300\" srcset=\"https:\/\/blogs.univ-tlse2.fr\/1940s\/files\/2013\/04\/HG-222x300.jpg 222w, https:\/\/blogs.univ-tlse2.fr\/1940s\/files\/2013\/04\/HG.jpg 378w\" sizes=\"auto, (max-width: 222px) 100vw, 222px\" \/><\/a><\/p>\n<p>I was born in Wimbledon, in the same hospital as <a title=\"Who knows where the time goes?\" href=\"http:\/\/www.youtube.com\/watch?v=n2xODjbfYw8\" target=\"_blank\" rel=\"noopener\">Sandy Denny<\/a>, though not, alas with as good a singing voice. My mother was London Irish, \u00a0and my father a Glaswegian Scot. He was \u00a0a British diplomat, so my childhood was spent mainly abroad: in the Philippines, the American South, Morocco, The Gambia, Yemen and\u00a0 Boston, Mass. \u00a0My secondary schooling was at a boarding school in England, followed by a BA in English from Bristol University (1976), under the severe but also mischievous eye of<a href=\"http:\/\/www.theguardian.com\/books\/2005\/jan\/29\/poetry.oxforduniversity\" target=\"_blank\" rel=\"noopener\"> Christopher Ricks<\/a>. Other tutors at Bristol at the time were Ian Donaldson, <a href=\"https:\/\/www.theguardian.com\/news\/2003\/dec\/06\/guardianobituaries.booksobituaries\">Henry Gifford<\/a>, Norman Henfrey, Roy Littlewood, and <a href=\"http:\/\/writing.upenn.edu\/pennsound\/x\/Tomlinson.php\">Charles Tomlinson<\/a>. All these people shared with us students of &#8220;English II&#8221; the moral passion for a certain literature that is well-chronicled by Christopher Hilliard in <a href=\"https:\/\/books.google.fr\/books\/about\/English_as_a_Vocation.html?id=d-0Z3VYDxpAC&amp;redir_esc=y\"><em>English as a Vocation: The &#8216;Scrutiny Movement&#8217;<\/em><\/a> (OUP, 2012).<\/p>\n<p>To that exciting start in academic life, I added an MA in English (1977) and a BA in History (1978), both from \u00a0Bordeaux University. Following the career of my first husband Jean-Paul Goethals (1952-1991) as a \u00a0<em>coop\u00e9rant<\/em> in Tunis, and then in Saudi Arabia, I taught English at a variety of levels. We returned\u00a0 to France, to St. Etienne and Lyon where, though I never completely gave up teaching, much of my energy was taken up with bringing up our three children: Martin (born 1982), Olivier (born 1985) and Juliette (1986-2003). I also used this time to prepare the CAPES and <em>agr\u00e9gation<\/em>, the civil service exams. which in France allow one to enter the teaching profession via a permanent post which, in my case, was in a secondary school in V\u00e9nissieux, well-known for being what the French call a <em>quartier chaud<\/em>.<\/p>\n<p>After a year at the Lyc\u00e9e international de Lyon (1992-93), I entered the English Department of the University of Lyon 2 as a <em>professeur agr\u00e9g\u00e9<\/em>. Under the supervision of Adolphe Haberer, I presented in 1997 a PhD on the anthologies of English poetry published between 1912 and 1992. I was then recruited to teach British and Commonwealth history as a\u00a0<em>ma\u00eetre de conf\u00e9rences<\/em> in the Department of English Studies. With the generous support of Maurice Chr\u00e9tien and Neil Davie, as well as that of many other colleague-friends, I obtained a <em>habilitation \u00e0 diriger des recherches<\/em>\u00a0(HDR) in 2009, after which I was pleased to be offered a post as full professor in the Department of English Studies at Toulouse Le Mirail, now renamed Universit\u00e9 de Toulouse-Jean Jaur\u00e8s (<a href=\"http:\/\/www.theguardian.com\/books\/2005\/jan\/29\/poetry.oxforduniversity\" target=\"_blank\" rel=\"noopener\">UT2J)<\/a>.<\/p>\n<p>As many an introduction has shown, it is surprisingly difficult to give adequate acknowledgement of the help given to our work by those closest to us, but there is no doubt that my way of thinking owes much to the climate of love, stability and intellectual exchange provided by my companion of more than twenty years, Olivier Keller. To share a life (though not a roof) with someone equally passionate about research is a blessing. The list of his published work on the prehistory of mathematics is a distinguished one and includes<a href=\"http:\/\/www.vuibert.fr\/ouvrage-9782711753703-aux-origines-de-la-geometrie-le-paleolithique.html\" target=\"_blank\" rel=\"noopener\">\u00a0<\/a><em>Aux Origines de la g\u00e9om\u00e9trie: Le Pal\u00e9olithique\u00a0et le monde des chasseurs-cueilleurs<\/em> (2004) and <em>Une arch\u00e9ologie de la g\u00e9om\u00e9trie: Peuples paysans sans \u00e9criture et premi\u00e8res civilisations<\/em> (2006) and<a href=\"http:\/\/www.fabula.org\/actualites\/keller-olivier-l-invention-du-nombre-des-mythes-de-creation-aux-elements-d-euclide_75970.php\"><em> L&#8217;Invention du nombre: Des mythes de la cr\u00e9ation aux <\/em>Elements<em> d&#8217;Euclide<\/em><\/a> (2016).<\/p>\n<p>In France, university teachers, whatever their academic rank, are called <em>enseignant-chercheurs\u00a0<\/em>so my first loyalty is to my students and to my local research group <em>Cultures anglo-saxonnes<\/em> (<a href=\"http:\/\/cas.univ-tlse2.fr\">CAS<\/a>). I also contribute to G\u00e9ographies critiques \/ Critical Geographies, a thematic research group which associates a number of universities from southern France.<\/p>\n<p>Why poetry? How to rationalize the (perhaps) irrational? Like all English-speaking children I delighted in nursery rhymes and my first poetry book was Dr. Seuss&#8217;s <em>The Cat in the Hat<\/em>. Besides, a cherished memory: when I was six or seven, my mother would take me to ballet class on Wimbledon Hill and on the way there she never failed to point out the house of Robert Graves. Or does my love of poetry date back to my time at the American School of Tangier, where the principal at the time was Omar Pound, son of Ezra? Certainly it was there that I was given, as a \u00a0school prize for French, my second poetry book: the <em>Fables de la Fontaine<\/em>. It was also there that I shared a love of words (their shape, their import) with my first best friends: Nadia Benabid with whom I acted in the school play <em>Oedipus<\/em> and Jan Tueller (Lowman), whose Mormon family (indirectly) led me to savour the accents of the King James&#8217; Bible. These, and the weekly collects that had to be recited every Sunday at the Anglican school I later attended, lent a specific rhythm to all my thoughts, then and since.<\/p>\n<p>No doubt my father Granville Ramage (1919-2011) encouraged my ear for poetry. A graduate of Glasgow Academy and Glasgow University, he was of a generation for whom studying the classics meant being able not just to read but also to write poetry in ancient Greek. He was a diplomat by profession and a\u00a0<em>bon vivant<\/em> by nature. In convivial conversation, an activity at which he excelled, he tended more towards lecturing than listening. Yet his sure taste for Scottish poetry and his lifelong friendship with <a title=\"Maurice Lindsay\" href=\"http:\/\/www.scottishpoetrylibrary.org.uk\/poetry\/poets\/maurice-lindsay\" target=\"_blank\" rel=\"noopener\">Maurice Lindsay<\/a> (1919-2009) surely shaped my own taste in poetry. \u00a0I feel moved to record that the moment when he could no longer recite word-for word, but only paraphrase, Hugh MacDiarmid&#8217;s &#8220;<a title=\"&quot;The Little White Rose&quot;\" href=\"http:\/\/www.poetryfoundation.org\/poem\/176172\" target=\"_blank\" rel=\"noopener\">The Little White Rose<\/a>&#8220;, I knew that his death was imminent.<\/p>\n<p>In sum, the reading of poems has always been part of my life, but it did not become an academic undertaking until I realized that for many people, and perhaps particularly academics, poetry is considered, if at all, as an unnecessary and outdated activity. A lot of my research, and some of these pages, are devoted to correcting that dismal view .<\/p>\n","protected":false},"excerpt":{"rendered":"<p>I was born in Wimbledon, in the same hospital as Sandy Denny, though not, alas with as good a singing voice. My mother was London Irish, \u00a0and my father a Glaswegian Scot. He was \u00a0a British diplomat, so my childhood was spent mainly abroad: in the Philippines, the American South, Morocco, The Gambia, Yemen and\u00a0 [&hellip;]<\/p>\n","protected":false},"author":135,"featured_media":0,"parent":0,"menu_order":0,"comment_status":"closed","ping_status":"open","template":"","meta":{"footnotes":""},"class_list":["post-217","page","type-page","status-publish","hentry"],"_links":{"self":[{"href":"https:\/\/blogs.univ-tlse2.fr\/1940s\/wp-json\/wp\/v2\/pages\/217","targetHints":{"allow":["GET"]}}],"collection":[{"href":"https:\/\/blogs.univ-tlse2.fr\/1940s\/wp-json\/wp\/v2\/pages"}],"about":[{"href":"https:\/\/blogs.univ-tlse2.fr\/1940s\/wp-json\/wp\/v2\/types\/page"}],"author":[{"embeddable":true,"href":"https:\/\/blogs.univ-tlse2.fr\/1940s\/wp-json\/wp\/v2\/users\/135"}],"replies":[{"embeddable":true,"href":"https:\/\/blogs.univ-tlse2.fr\/1940s\/wp-json\/wp\/v2\/comments?post=217"}],"version-history":[{"count":21,"href":"https:\/\/blogs.univ-tlse2.fr\/1940s\/wp-json\/wp\/v2\/pages\/217\/revisions"}],"predecessor-version":[{"id":358,"href":"https:\/\/blogs.univ-tlse2.fr\/1940s\/wp-json\/wp\/v2\/pages\/217\/revisions\/358"}],"wp:attachment":[{"href":"https:\/\/blogs.univ-tlse2.fr\/1940s\/wp-json\/wp\/v2\/media?parent=217"}],"curies":[{"name":"wp","href":"https:\/\/api.w.org\/{rel}","templated":true}]}}