 {"id":21,"date":"2023-12-15T10:51:03","date_gmt":"2023-12-15T09:51:03","guid":{"rendered":"https:\/\/blogs.univ-tlse2.fr\/2e2d\/?page_id=21"},"modified":"2024-03-17T10:47:36","modified_gmt":"2024-03-17T09:47:36","slug":"presentation","status":"publish","type":"page","link":"https:\/\/blogs.univ-tlse2.fr\/2e2d\/le-master\/presentation\/","title":{"rendered":"Pr\u00e9sentation"},"content":{"rendered":"\n<p>La formation \u00ab\u00a0\u00c9conomie \u00e9cologique et d\u00e9veloppement durable\u00a0\u00bb (2E2D) se concentre sur l\u2019\u00e9tude des relations Soci\u00e9t\u00e9s\/Nature dans une perspective d\u2019\u00e9conomie politique, avec une application sur les pays des Nords et des Suds. La question de la transition \u00e9cologique s\u2019appr\u00e9hende en lien avec le d\u00e9veloppement durable afin de r\u00e9pondre aux enjeux contemporains en mati\u00e8re \u00e9conomique, social et \u00e9cologique. Ce parcours est un cursus de niveau master en \u00e9conomie qui se d\u00e9marque par son approche novatrice et innovante \u00e0 la fois sur le plan th\u00e9matique et disciplinaire. Ainsi, le parcours 2E2D, \u00e0 la fois th\u00e9orique et empirique, s\u2019inscrit dans une perspective exhaustive de l&rsquo;\u00e9conomie en tant que discipline interconnect\u00e9e avec les sciences sociales et humaines. Il traite de th\u00e9matiques contemporaines telles que la transition \u00e9cologique, le d\u00e9veloppement, et les m\u00e9canismes de r\u00e9gulation et d\u2019action publique.<\/p>\n\n\n\n<p><\/p>\n\n\n\n<h2 class=\"wp-block-heading has-large-font-size\"><strong>Objectifs de cette formation&nbsp;<\/strong><\/h2>\n\n\n\n<p>Ce parcours vise \u00e0 offrir aux \u00e9tudiants une panoplie d&rsquo;outils essentiels leur permettant d&rsquo;engager des analyses \u00e9conomiques int\u00e9gr\u00e9es et pluridisciplinaires. Ces analyses portent sur des sujets relatifs \u00e0 la vuln\u00e9rabilit\u00e9 et \u00e0 la soutenabilit\u00e9, touchant aux sph\u00e8res \u00e9conomiques, sociales, environnementales et territoriales des mod\u00e8les de d\u00e9veloppement tant au sein des r\u00e9gions septentrionales que m\u00e9ridionales. De plus, ces \u00e9tudes portent \u00e9galement sur les politiques publiques visant \u00e0 g\u00e9rer les risques et \u00e0 promouvoir la r\u00e9silience.<\/p>\n\n\n\n<p><\/p>\n\n\n\n<h2 class=\"wp-block-heading has-large-font-size\"><strong>Comp\u00e9tences vis\u00e9es<\/strong><\/h2>\n\n\n\n<p>Ce parcours pr\u00e9pare \u00e0 des m\u00e9tiers centr\u00e9s sur la th\u00e9matique du d\u00e9veloppement soutenable mobilisant des comp\u00e9tences en gestion de l\u2019environnement et en \u00e9tudes du d\u00e9veloppement. Il permet l\u2019acquisition d\u2019une culture pluridisciplinaire, ainsi que des capacit\u00e9s d\u2019expertise et de conseil pour analyser les probl\u00e8mes environnementaux et de d\u00e9veloppement. \u00c0 l\u2019issue de la formation, les \u00e9tudiant\u00b7e\u00b7s auront des comp\u00e9tences techniques, analytiques et op\u00e9rationnelles pour mener \u00e0 bien, \u00e9valuer, conduire des projets en environnement et en d\u00e9veloppement aux niveaux local, r\u00e9gional, national ou international.<\/p>\n","protected":false},"excerpt":{"rendered":"<p>La formation \u00ab\u00a0\u00c9conomie \u00e9cologique et d\u00e9veloppement durable\u00a0\u00bb (2E2D) se concentre sur l\u2019\u00e9tude des relations Soci\u00e9t\u00e9s\/Nature dans une perspective d\u2019\u00e9conomie politique, avec une application sur les pays des Nords et des Suds. La question de la transition \u00e9cologique s\u2019appr\u00e9hende en lien avec le d\u00e9veloppement durable afin de r\u00e9pondre aux enjeux contemporains en mati\u00e8re \u00e9conomique, social et [&hellip;]<\/p>\n","protected":false},"author":1388,"featured_media":0,"parent":18,"menu_order":-4,"comment_status":"closed","ping_status":"closed","template":"","meta":{"footnotes":""},"class_list":["post-21","page","type-page","status-publish","hentry","post-preview"],"_links":{"self":[{"href":"https:\/\/blogs.univ-tlse2.fr\/2e2d\/wp-json\/wp\/v2\/pages\/21","targetHints":{"allow":["GET"]}}],"collection":[{"href":"https:\/\/blogs.univ-tlse2.fr\/2e2d\/wp-json\/wp\/v2\/pages"}],"about":[{"href":"https:\/\/blogs.univ-tlse2.fr\/2e2d\/wp-json\/wp\/v2\/types\/page"}],"author":[{"embeddable":true,"href":"https:\/\/blogs.univ-tlse2.fr\/2e2d\/wp-json\/wp\/v2\/users\/1388"}],"replies":[{"embeddable":true,"href":"https:\/\/blogs.univ-tlse2.fr\/2e2d\/wp-json\/wp\/v2\/comments?post=21"}],"version-history":[{"count":6,"href":"https:\/\/blogs.univ-tlse2.fr\/2e2d\/wp-json\/wp\/v2\/pages\/21\/revisions"}],"predecessor-version":[{"id":373,"href":"https:\/\/blogs.univ-tlse2.fr\/2e2d\/wp-json\/wp\/v2\/pages\/21\/revisions\/373"}],"up":[{"embeddable":true,"href":"https:\/\/blogs.univ-tlse2.fr\/2e2d\/wp-json\/wp\/v2\/pages\/18"}],"wp:attachment":[{"href":"https:\/\/blogs.univ-tlse2.fr\/2e2d\/wp-json\/wp\/v2\/media?parent=21"}],"curies":[{"name":"wp","href":"https:\/\/api.w.org\/{rel}","templated":true}]}}