 {"id":34,"date":"2023-12-15T11:17:42","date_gmt":"2023-12-15T10:17:42","guid":{"rendered":"https:\/\/blogs.univ-tlse2.fr\/2e2d\/?page_id=34"},"modified":"2024-01-10T14:54:31","modified_gmt":"2024-01-10T13:54:31","slug":"contacts-et-faq","status":"publish","type":"page","link":"https:\/\/blogs.univ-tlse2.fr\/2e2d\/contacts-et-faq\/","title":{"rendered":"Contacts et FAQ"},"content":{"rendered":"\n<p>Besoin de r\u00e9ponses ? <a href=\"https:\/\/blogs.univ-tlse2.fr\/2e2d\/contacts-et-faq\/faq\/\">La rubrique FAQ<\/a> regorge des informations cl\u00e9s sur le master 2E2D. Si vous ne trouvez pas ce que vous cherchez, pas de panique ! Notre \u00e9quipe d\u00e9di\u00e9e est \u00e0 votre disposition pour r\u00e9pondre \u00e0 vos questions. <a href=\"https:\/\/blogs.univ-tlse2.fr\/2e2d\/contacts-et-faq\/contacts\/\">N&rsquo;h\u00e9sitez pas \u00e0 nous contacter<\/a> pour obtenir l&rsquo;aide dont vous avez besoin !<\/p>\n","protected":false},"excerpt":{"rendered":"<p>Besoin de r\u00e9ponses ? La rubrique FAQ regorge des informations cl\u00e9s sur le master 2E2D. Si vous ne trouvez pas ce que vous cherchez, pas de panique ! Notre \u00e9quipe d\u00e9di\u00e9e est \u00e0 votre disposition pour r\u00e9pondre \u00e0 vos questions. N&rsquo;h\u00e9sitez pas \u00e0 nous contacter pour obtenir l&rsquo;aide dont vous avez besoin !<\/p>\n","protected":false},"author":1388,"featured_media":0,"parent":0,"menu_order":7,"comment_status":"closed","ping_status":"closed","template":"","meta":{"footnotes":""},"class_list":["post-34","page","type-page","status-publish","hentry","post-preview"],"_links":{"self":[{"href":"https:\/\/blogs.univ-tlse2.fr\/2e2d\/wp-json\/wp\/v2\/pages\/34","targetHints":{"allow":["GET"]}}],"collection":[{"href":"https:\/\/blogs.univ-tlse2.fr\/2e2d\/wp-json\/wp\/v2\/pages"}],"about":[{"href":"https:\/\/blogs.univ-tlse2.fr\/2e2d\/wp-json\/wp\/v2\/types\/page"}],"author":[{"embeddable":true,"href":"https:\/\/blogs.univ-tlse2.fr\/2e2d\/wp-json\/wp\/v2\/users\/1388"}],"replies":[{"embeddable":true,"href":"https:\/\/blogs.univ-tlse2.fr\/2e2d\/wp-json\/wp\/v2\/comments?post=34"}],"version-history":[{"count":2,"href":"https:\/\/blogs.univ-tlse2.fr\/2e2d\/wp-json\/wp\/v2\/pages\/34\/revisions"}],"predecessor-version":[{"id":261,"href":"https:\/\/blogs.univ-tlse2.fr\/2e2d\/wp-json\/wp\/v2\/pages\/34\/revisions\/261"}],"wp:attachment":[{"href":"https:\/\/blogs.univ-tlse2.fr\/2e2d\/wp-json\/wp\/v2\/media?parent=34"}],"curies":[{"name":"wp","href":"https:\/\/api.w.org\/{rel}","templated":true}]}}