 {"id":37,"date":"2023-12-15T11:29:51","date_gmt":"2023-12-15T10:29:51","guid":{"rendered":"https:\/\/blogs.univ-tlse2.fr\/2e2d\/?page_id=37"},"modified":"2025-01-20T11:13:41","modified_gmt":"2025-01-20T10:13:41","slug":"contacts","status":"publish","type":"page","link":"https:\/\/blogs.univ-tlse2.fr\/2e2d\/contacts-et-faq\/contacts\/","title":{"rendered":"Contacts"},"content":{"rendered":"\n<p>Vous avez des questions sur le master 2E2D et vous ne trouvez pas les r\u00e9ponses sur notre site ? Aucun probl\u00e8me, l&rsquo;\u00e9quipe du master est l\u00e0 pour vous r\u00e9pondre, n&rsquo;h\u00e9sitez pas \u00e0 la contacter !<\/p>\n\n\n\n<h2 class=\"wp-block-heading has-large-font-size\"><strong>Les co-responsables du master<\/strong><\/h2>\n\n\n\n<p>G\u00e9raldine Froger, g&#x65;ra&#x6c;di&#x6e;e&#46;&#x66;r&#111;&#x67;e&#114;&#x40;u&#110;&#x69;v&#45;&#x74;l&#115;&#x65;2&#46;&#x66;r<\/p>\n\n\n\n<p>H\u00e9lo\u00efse Valette, &#x68;e&#x6c;&#111;i&#x73;&#101;&#46;&#x76;a&#x6c;&#x65;t&#x74;&#101;&#64;&#x75;n&#x69;&#x76;-&#x74;&#108;s&#x65;2&#46;&#x66;r<\/p>\n\n\n\n<p>Fran\u00e7ois Fall, &#102;&#x72;a&#x6e;&#x63;&#111;&#x69;s&#x2e;&#x66;&#97;&#x6c;l&#x40;&#x75;&#110;&#x69;v&#x2d;&#x74;&#108;&#x73;e&#x32;&#x2e;&#102;&#x72;<\/p>\n\n\n\n<p><\/p>\n\n\n\n<h2 class=\"wp-block-heading has-large-font-size\"><strong>La gestionnaire de scolarit\u00e9<\/strong><\/h2>\n\n\n\n<p>Am\u00e9lie Chagnon, m&#x61;&#x73;t&#101;&#x72;2&#101;&#x32;&#x64;&#64;&#x75;&#x6e;i&#118;&#x2d;t&#108;&#x73;&#x65;2&#x2e;&#x66;r<\/p>\n","protected":false},"excerpt":{"rendered":"<p>Vous avez des questions sur le master 2E2D et vous ne trouvez pas les r\u00e9ponses sur notre site ? Aucun probl\u00e8me, l&rsquo;\u00e9quipe du master est l\u00e0 pour vous r\u00e9pondre, n&rsquo;h\u00e9sitez pas \u00e0 la contacter ! Les co-responsables du master G\u00e9raldine Froger, &#x67;e&#x72;a&#x6c;&#100;i&#x6e;e&#x2e;f&#x72;&#111;g&#x65;r&#x40;&#117;n&#x69;v&#x2d;t&#x6c;&#115;e&#x32;&#46;&#x66;&#114; H\u00e9lo\u00efse Valette, &#x68;&#101;l&#x6f;&#105;s&#x65;&#x2e;va&#x6c;&#101;t&#x74;&#x65;&#64;u&#x6e;&#105;v&#x2d;&#x74;ls&#x65;&#50;&#46;&#x66;&#x72; Fran\u00e7ois Fall, &#x66;&#x72;&#x61;&#x6e;&#99;&#111;is&#46;fa&#x6c;&#x6c;&#x40;&#x75;&#x6e;&#105;v-tls&#x65;&#x32;&#x2e;&#x66;&#x72; La gestionnaire de scolarit\u00e9 Am\u00e9lie Chagnon, &#x6d;a&#x73;&#116;e&#x72;&#50;e&#x32;d&#x40;&#x75;n&#x69;&#118;-&#x74;l&#x73;&#x65;2&#x2e;&#102;r<\/p>\n","protected":false},"author":1388,"featured_media":0,"parent":34,"menu_order":-2,"comment_status":"closed","ping_status":"closed","template":"","meta":{"footnotes":""},"class_list":["post-37","page","type-page","status-publish","hentry","post-preview"],"_links":{"self":[{"href":"https:\/\/blogs.univ-tlse2.fr\/2e2d\/wp-json\/wp\/v2\/pages\/37","targetHints":{"allow":["GET"]}}],"collection":[{"href":"https:\/\/blogs.univ-tlse2.fr\/2e2d\/wp-json\/wp\/v2\/pages"}],"about":[{"href":"https:\/\/blogs.univ-tlse2.fr\/2e2d\/wp-json\/wp\/v2\/types\/page"}],"author":[{"embeddable":true,"href":"https:\/\/blogs.univ-tlse2.fr\/2e2d\/wp-json\/wp\/v2\/users\/1388"}],"replies":[{"embeddable":true,"href":"https:\/\/blogs.univ-tlse2.fr\/2e2d\/wp-json\/wp\/v2\/comments?post=37"}],"version-history":[{"count":4,"href":"https:\/\/blogs.univ-tlse2.fr\/2e2d\/wp-json\/wp\/v2\/pages\/37\/revisions"}],"predecessor-version":[{"id":596,"href":"https:\/\/blogs.univ-tlse2.fr\/2e2d\/wp-json\/wp\/v2\/pages\/37\/revisions\/596"}],"up":[{"embeddable":true,"href":"https:\/\/blogs.univ-tlse2.fr\/2e2d\/wp-json\/wp\/v2\/pages\/34"}],"wp:attachment":[{"href":"https:\/\/blogs.univ-tlse2.fr\/2e2d\/wp-json\/wp\/v2\/media?parent=37"}],"curies":[{"name":"wp","href":"https:\/\/api.w.org\/{rel}","templated":true}]}}