 {"id":39,"date":"2023-12-15T11:27:45","date_gmt":"2023-12-15T10:27:45","guid":{"rendered":"https:\/\/blogs.univ-tlse2.fr\/2e2d\/?page_id=39"},"modified":"2024-09-03T15:24:07","modified_gmt":"2024-09-03T13:24:07","slug":"les-partenaires","status":"publish","type":"page","link":"https:\/\/blogs.univ-tlse2.fr\/2e2d\/le-master\/les-partenaires\/","title":{"rendered":"Partenaires"},"content":{"rendered":"\n<p>Le master 2E2D s&rsquo;est d\u00e9velopp\u00e9 gr\u00e2ce \u00e0 l&rsquo;\u00e9quipe p\u00e9dagogique, mais \u00e9galement gr\u00e2ce aux nombreux partenaires avec qui elle collabore chaque ann\u00e9e.<\/p>\n\n\n\n<p class=\"has-text-align-right has-small-font-size\"><em>Cliquez sur le logo pour acc\u00e9der au site du partenaire<\/em><\/p>\n\n\n\n<p class=\"has-large-font-size\"><\/p>\n\n\n\n<h2 class=\"wp-block-heading has-large-font-size\">Les universit\u00e9s et instituts de recherche<\/h2>\n\n\n\n<div class=\"wp-block-group is-layout-grid wp-container-core-group-is-layout-9649a0d9 wp-block-group-is-layout-grid\">\n<figure class=\"wp-block-image size-full\"><a href=\"https:\/\/www.sciencespo-toulouse.fr\/\"><img loading=\"lazy\" decoding=\"async\" width=\"200\" height=\"59\" src=\"https:\/\/blogs.univ-tlse2.fr\/2e2d\/files\/2024\/01\/LOGO_2023-1.png\" alt=\"\" class=\"wp-image-248\" \/><\/a><\/figure>\n\n\n\n<figure class=\"wp-block-image size-full\"><a href=\"https:\/\/www.inrae.fr\/centres\/occitanie-toulouse\"><img loading=\"lazy\" decoding=\"async\" width=\"474\" height=\"125\" src=\"https:\/\/blogs.univ-tlse2.fr\/2e2d\/files\/2024\/09\/inrae.jpg\" alt=\"\" class=\"wp-image-517\" srcset=\"https:\/\/blogs.univ-tlse2.fr\/2e2d\/files\/2024\/09\/inrae.jpg 474w, https:\/\/blogs.univ-tlse2.fr\/2e2d\/files\/2024\/09\/inrae-300x79.jpg 300w\" sizes=\"auto, (max-width: 474px) 100vw, 474px\" \/><\/a><\/figure>\n\n\n\n<figure class=\"wp-block-image size-large\"><a href=\"https:\/\/www.sciencespo-grenoble.fr\/\"><img loading=\"lazy\" decoding=\"async\" width=\"1024\" height=\"341\" src=\"https:\/\/blogs.univ-tlse2.fr\/2e2d\/files\/2024\/03\/Sciences-Po-Grenoble-1024x341.jpg\" alt=\"\" class=\"wp-image-452\" srcset=\"https:\/\/blogs.univ-tlse2.fr\/2e2d\/files\/2024\/03\/Sciences-Po-Grenoble-1024x341.jpg 1024w, https:\/\/blogs.univ-tlse2.fr\/2e2d\/files\/2024\/03\/Sciences-Po-Grenoble-300x100.jpg 300w, https:\/\/blogs.univ-tlse2.fr\/2e2d\/files\/2024\/03\/Sciences-Po-Grenoble-768x256.jpg 768w, https:\/\/blogs.univ-tlse2.fr\/2e2d\/files\/2024\/03\/Sciences-Po-Grenoble-676x225.jpg 676w, https:\/\/blogs.univ-tlse2.fr\/2e2d\/files\/2024\/03\/Sciences-Po-Grenoble.jpg 1500w\" sizes=\"auto, (max-width: 1024px) 100vw, 1024px\" \/><\/a><\/figure>\n\n\n\n<figure class=\"wp-block-image size-large\"><a href=\"https:\/\/www.ensfea.fr\/\"><img loading=\"lazy\" decoding=\"async\" width=\"1024\" height=\"267\" src=\"https:\/\/blogs.univ-tlse2.fr\/2e2d\/files\/2024\/03\/ENSFEA-1024x267.png\" alt=\"\" class=\"wp-image-449\" srcset=\"https:\/\/blogs.univ-tlse2.fr\/2e2d\/files\/2024\/03\/ENSFEA-1024x267.png 1024w, https:\/\/blogs.univ-tlse2.fr\/2e2d\/files\/2024\/03\/ENSFEA-300x78.png 300w, https:\/\/blogs.univ-tlse2.fr\/2e2d\/files\/2024\/03\/ENSFEA-768x200.png 768w, https:\/\/blogs.univ-tlse2.fr\/2e2d\/files\/2024\/03\/ENSFEA-1536x400.png 1536w, https:\/\/blogs.univ-tlse2.fr\/2e2d\/files\/2024\/03\/ENSFEA-2048x534.png 2048w, https:\/\/blogs.univ-tlse2.fr\/2e2d\/files\/2024\/03\/ENSFEA-676x176.png 676w\" sizes=\"auto, (max-width: 1024px) 100vw, 1024px\" \/><\/a><\/figure>\n\n\n\n<figure class=\"wp-block-image size-full\"><a href=\"https:\/\/www.cirad.fr\/\"><img loading=\"lazy\" decoding=\"async\" width=\"765\" height=\"405\" src=\"https:\/\/blogs.univ-tlse2.fr\/2e2d\/files\/2024\/03\/Cirad.png\" alt=\"\" class=\"wp-image-445\" srcset=\"https:\/\/blogs.univ-tlse2.fr\/2e2d\/files\/2024\/03\/Cirad.png 765w, https:\/\/blogs.univ-tlse2.fr\/2e2d\/files\/2024\/03\/Cirad-300x159.png 300w, https:\/\/blogs.univ-tlse2.fr\/2e2d\/files\/2024\/03\/Cirad-676x358.png 676w\" sizes=\"auto, (max-width: 765px) 100vw, 765px\" \/><\/a><\/figure>\n\n\n\n<figure class=\"wp-block-image size-full\"><a href=\"https:\/\/univ-antananarivo.mg\/\"><img loading=\"lazy\" decoding=\"async\" width=\"400\" height=\"300\" src=\"https:\/\/blogs.univ-tlse2.fr\/2e2d\/files\/2024\/03\/Universite-de-Tananarive.png\" alt=\"\" class=\"wp-image-455\" srcset=\"https:\/\/blogs.univ-tlse2.fr\/2e2d\/files\/2024\/03\/Universite-de-Tananarive.png 400w, https:\/\/blogs.univ-tlse2.fr\/2e2d\/files\/2024\/03\/Universite-de-Tananarive-300x225.png 300w\" sizes=\"auto, (max-width: 400px) 100vw, 400px\" \/><\/a><\/figure>\n\n\n\n<div class=\"wp-block-group is-layout-grid wp-container-core-group-is-layout-9649a0d9 wp-block-group-is-layout-grid\">\n<figure class=\"wp-block-image size-full\"><a href=\"https:\/\/www.univ-toulouse.fr\/\"><img loading=\"lazy\" decoding=\"async\" width=\"600\" height=\"214\" src=\"https:\/\/blogs.univ-tlse2.fr\/2e2d\/files\/2024\/01\/Universite-de-Toulouse_0.jpg\" alt=\"\" class=\"wp-image-249\" srcset=\"https:\/\/blogs.univ-tlse2.fr\/2e2d\/files\/2024\/01\/Universite-de-Toulouse_0.jpg 600w, https:\/\/blogs.univ-tlse2.fr\/2e2d\/files\/2024\/01\/Universite-de-Toulouse_0-300x107.jpg 300w\" sizes=\"auto, (max-width: 600px) 100vw, 600px\" \/><\/a><\/figure>\n<\/div>\n\n\n\n<figure class=\"wp-block-image size-full\"><a href=\"https:\/\/www.univ-thies.sn\/\"><img loading=\"lazy\" decoding=\"async\" width=\"300\" height=\"74\" src=\"https:\/\/blogs.univ-tlse2.fr\/2e2d\/files\/2024\/09\/banniere_300x74-01_1.png\" alt=\"\" class=\"wp-image-532\" \/><\/a><\/figure>\n\n\n\n<figure class=\"wp-block-image size-large\"><a href=\"https:\/\/www.univ-thies.sn\/\"><img loading=\"lazy\" decoding=\"async\" width=\"1024\" height=\"384\" src=\"https:\/\/blogs.univ-tlse2.fr\/2e2d\/files\/2024\/09\/Logo_Universite_de_Lausanne.svg_-1024x384.png\" alt=\"\" class=\"wp-image-533\" srcset=\"https:\/\/blogs.univ-tlse2.fr\/2e2d\/files\/2024\/09\/Logo_Universite_de_Lausanne.svg_-1024x384.png 1024w, https:\/\/blogs.univ-tlse2.fr\/2e2d\/files\/2024\/09\/Logo_Universite_de_Lausanne.svg_-300x113.png 300w, https:\/\/blogs.univ-tlse2.fr\/2e2d\/files\/2024\/09\/Logo_Universite_de_Lausanne.svg_-768x288.png 768w, https:\/\/blogs.univ-tlse2.fr\/2e2d\/files\/2024\/09\/Logo_Universite_de_Lausanne.svg_-1536x576.png 1536w, https:\/\/blogs.univ-tlse2.fr\/2e2d\/files\/2024\/09\/Logo_Universite_de_Lausanne.svg_-2048x768.png 2048w, https:\/\/blogs.univ-tlse2.fr\/2e2d\/files\/2024\/09\/Logo_Universite_de_Lausanne.svg_-676x254.png 676w\" sizes=\"auto, (max-width: 1024px) 100vw, 1024px\" \/><\/a><\/figure>\n<\/div>\n\n\n\n<p><\/p>\n\n\n\n<h2 class=\"wp-block-heading has-large-font-size\">Les laboratoires de recherche<\/h2>\n\n\n\n<div class=\"wp-block-group is-layout-grid wp-container-core-group-is-layout-9649a0d9 wp-block-group-is-layout-grid\">\n<figure class=\"wp-block-image size-full\"><a href=\"https:\/\/lereps.sciencespo-toulouse.fr\/\"><img loading=\"lazy\" decoding=\"async\" width=\"200\" height=\"200\" src=\"https:\/\/blogs.univ-tlse2.fr\/2e2d\/files\/2024\/03\/LEREPS-Toulouse.jpg\" alt=\"\" class=\"wp-image-450\" srcset=\"https:\/\/blogs.univ-tlse2.fr\/2e2d\/files\/2024\/03\/LEREPS-Toulouse.jpg 200w, https:\/\/blogs.univ-tlse2.fr\/2e2d\/files\/2024\/03\/LEREPS-Toulouse-150x150.jpg 150w\" sizes=\"auto, (max-width: 200px) 100vw, 200px\" \/><\/a><\/figure>\n\n\n\n<figure class=\"wp-block-image size-full\"><a href=\"https:\/\/lisst.univ-tlse2.fr\/\"><img loading=\"lazy\" decoding=\"async\" width=\"401\" height=\"186\" src=\"https:\/\/blogs.univ-tlse2.fr\/2e2d\/files\/2024\/03\/logo_lisst-1.png\" alt=\"\" class=\"wp-image-470\" srcset=\"https:\/\/blogs.univ-tlse2.fr\/2e2d\/files\/2024\/03\/logo_lisst-1.png 401w, https:\/\/blogs.univ-tlse2.fr\/2e2d\/files\/2024\/03\/logo_lisst-1-300x139.png 300w\" sizes=\"auto, (max-width: 401px) 100vw, 401px\" \/><\/a><\/figure>\n\n\n\n<figure class=\"wp-block-image size-full\"><a href=\"https:\/\/www.cres-sn.org\/\"><img loading=\"lazy\" decoding=\"async\" width=\"581\" height=\"455\" src=\"https:\/\/blogs.univ-tlse2.fr\/2e2d\/files\/2024\/03\/CRES.png\" alt=\"\" class=\"wp-image-447\" srcset=\"https:\/\/blogs.univ-tlse2.fr\/2e2d\/files\/2024\/03\/CRES.png 581w, https:\/\/blogs.univ-tlse2.fr\/2e2d\/files\/2024\/03\/CRES-300x235.png 300w\" sizes=\"auto, (max-width: 581px) 100vw, 581px\" \/><\/a><\/figure>\n\n\n\n<figure class=\"wp-block-image size-full\"><a href=\"https:\/\/umr-sens.fr\/\"><img loading=\"lazy\" decoding=\"async\" width=\"285\" height=\"142\" src=\"https:\/\/blogs.univ-tlse2.fr\/2e2d\/files\/2024\/03\/Umr-Sens.png\" alt=\"\" class=\"wp-image-453\" \/><\/a><\/figure>\n\n\n\n<figure class=\"wp-block-image size-full\"><a href=\"https:\/\/www.gemdev.org\/\"><img loading=\"lazy\" decoding=\"async\" width=\"342\" height=\"421\" src=\"https:\/\/blogs.univ-tlse2.fr\/2e2d\/files\/2024\/09\/GEMDEV.png\" alt=\"\" class=\"wp-image-518\" srcset=\"https:\/\/blogs.univ-tlse2.fr\/2e2d\/files\/2024\/09\/GEMDEV.png 342w, https:\/\/blogs.univ-tlse2.fr\/2e2d\/files\/2024\/09\/GEMDEV-244x300.png 244w\" sizes=\"auto, (max-width: 342px) 100vw, 342px\" \/><\/a><\/figure>\n\n\n\n<figure class=\"wp-block-image size-full\"><a href=\"https:\/\/agir.toulouse.hub.inrae.fr\/\"><img loading=\"lazy\" decoding=\"async\" width=\"500\" height=\"194\" src=\"https:\/\/blogs.univ-tlse2.fr\/2e2d\/files\/2024\/03\/UMR-AGIR_inra_image.jpg\" alt=\"\" class=\"wp-image-454\" srcset=\"https:\/\/blogs.univ-tlse2.fr\/2e2d\/files\/2024\/03\/UMR-AGIR_inra_image.jpg 500w, https:\/\/blogs.univ-tlse2.fr\/2e2d\/files\/2024\/03\/UMR-AGIR_inra_image-300x116.jpg 300w\" sizes=\"auto, (max-width: 500px) 100vw, 500px\" \/><\/a><\/figure>\n\n\n\n<figure class=\"wp-block-image size-full\"><a href=\"https:\/\/www.crefige.dauphine.fr\/recherche\/adresses\/affichage\/E1106.htm?CiRestriction=\"><img loading=\"lazy\" decoding=\"async\" width=\"379\" height=\"133\" src=\"https:\/\/blogs.univ-tlse2.fr\/2e2d\/files\/2024\/03\/CREFAT.png\" alt=\"\" class=\"wp-image-444\" srcset=\"https:\/\/blogs.univ-tlse2.fr\/2e2d\/files\/2024\/03\/CREFAT.png 379w, https:\/\/blogs.univ-tlse2.fr\/2e2d\/files\/2024\/03\/CREFAT-300x105.png 300w\" sizes=\"auto, (max-width: 379px) 100vw, 379px\" \/><\/a><\/figure>\n\n\n\n<figure class=\"wp-block-image size-full\"><a href=\"http:\/\/gred.ird.fr\/\"><img loading=\"lazy\" decoding=\"async\" width=\"179\" height=\"66\" src=\"https:\/\/blogs.univ-tlse2.fr\/2e2d\/files\/2024\/09\/gred-tout-seul.png\" alt=\"\" class=\"wp-image-524\" \/><\/a><\/figure>\n\n\n\n<figure class=\"wp-block-image size-full\"><a href=\"https:\/\/www.iddri.org\/fr\"><img loading=\"lazy\" decoding=\"async\" width=\"260\" height=\"76\" src=\"https:\/\/blogs.univ-tlse2.fr\/2e2d\/files\/2024\/03\/IDDRI.png\" alt=\"\" class=\"wp-image-446\" \/><\/a><\/figure>\n\n\n\n<figure class=\"wp-block-image size-full\"><a href=\"https:\/\/art-dev.cnrs.fr\/\"><img loading=\"lazy\" decoding=\"async\" width=\"160\" height=\"55\" src=\"https:\/\/blogs.univ-tlse2.fr\/2e2d\/files\/2024\/09\/logo-ArtDev-web-2020.png\" alt=\"\" class=\"wp-image-525\" \/><\/a><\/figure>\n\n\n\n<h2 class=\"wp-block-heading has-large-font-size\"><\/h2>\n\n\n\n<p class=\"wp-container-content-69bc4bdf\"><\/p>\n<\/div>\n\n\n\n<p class=\"has-background-color has-text-color has-link-color wp-elements-a911c1e84d24e6faf78292314ec0274f\"><\/p>\n\n\n\n<p><\/p>\n\n\n\n<h2 class=\"wp-block-heading has-large-font-size\"><strong>Les institutions publiques<\/strong><\/h2>\n\n\n\n<p><\/p>\n\n\n\n<div class=\"wp-block-group is-layout-grid wp-container-core-group-is-layout-9649a0d9 wp-block-group-is-layout-grid\">\n<figure class=\"wp-block-image size-full\"><a href=\"https:\/\/www.justice.gouv.fr\/toulouse\"><img loading=\"lazy\" decoding=\"async\" width=\"630\" height=\"320\" src=\"https:\/\/blogs.univ-tlse2.fr\/2e2d\/files\/2024\/09\/logo-vectoriel-ministere-de-la-justice-1.jpg\" alt=\"\" class=\"wp-image-520\" srcset=\"https:\/\/blogs.univ-tlse2.fr\/2e2d\/files\/2024\/09\/logo-vectoriel-ministere-de-la-justice-1.jpg 630w, https:\/\/blogs.univ-tlse2.fr\/2e2d\/files\/2024\/09\/logo-vectoriel-ministere-de-la-justice-1-300x152.jpg 300w\" sizes=\"auto, (max-width: 630px) 100vw, 630px\" \/><\/a><\/figure>\n\n\n\n<figure class=\"wp-block-image size-full\"><a href=\"https:\/\/decoset.fr\/\"><img loading=\"lazy\" decoding=\"async\" width=\"474\" height=\"474\" src=\"https:\/\/blogs.univ-tlse2.fr\/2e2d\/files\/2024\/09\/OIP.jpg\" alt=\"\" class=\"wp-image-521\" srcset=\"https:\/\/blogs.univ-tlse2.fr\/2e2d\/files\/2024\/09\/OIP.jpg 474w, https:\/\/blogs.univ-tlse2.fr\/2e2d\/files\/2024\/09\/OIP-300x300.jpg 300w, https:\/\/blogs.univ-tlse2.fr\/2e2d\/files\/2024\/09\/OIP-150x150.jpg 150w\" sizes=\"auto, (max-width: 474px) 100vw, 474px\" \/><\/a><\/figure>\n\n\n\n<div class=\"wp-block-group is-layout-grid wp-container-core-group-is-layout-9649a0d9 wp-block-group-is-layout-grid\">\n<figure class=\"wp-block-image size-full\"><img loading=\"lazy\" decoding=\"async\" width=\"1280\" height=\"720\" src=\"https:\/\/blogs.univ-tlse2.fr\/2e2d\/files\/2024\/09\/symar.jpg\" alt=\"\" class=\"wp-image-546\" srcset=\"https:\/\/blogs.univ-tlse2.fr\/2e2d\/files\/2024\/09\/symar.jpg 1280w, https:\/\/blogs.univ-tlse2.fr\/2e2d\/files\/2024\/09\/symar-300x169.jpg 300w, https:\/\/blogs.univ-tlse2.fr\/2e2d\/files\/2024\/09\/symar-1024x576.jpg 1024w, https:\/\/blogs.univ-tlse2.fr\/2e2d\/files\/2024\/09\/symar-768x432.jpg 768w, https:\/\/blogs.univ-tlse2.fr\/2e2d\/files\/2024\/09\/symar-676x380.jpg 676w\" sizes=\"auto, (max-width: 1280px) 100vw, 1280px\" \/><\/figure>\n<\/div>\n<\/div>\n\n\n\n<p class=\"has-background-color has-text-color has-link-color wp-elements-a911c1e84d24e6faf78292314ec0274f\"><\/p>\n\n\n\n<p><\/p>\n\n\n\n<h2 class=\"wp-block-heading has-large-font-size\"><strong>Les ONG et associations<\/strong><\/h2>\n\n\n\n<p><\/p>\n\n\n\n<div class=\"wp-block-group is-layout-grid wp-container-core-group-is-layout-9649a0d9 wp-block-group-is-layout-grid\">\n<figure class=\"wp-block-image size-full\"><a href=\"https:\/\/www.oc-cooperation.org\/\"><img loading=\"lazy\" decoding=\"async\" width=\"560\" height=\"200\" src=\"https:\/\/blogs.univ-tlse2.fr\/2e2d\/files\/2024\/09\/logoOC.png\" alt=\"\" class=\"wp-image-522\" srcset=\"https:\/\/blogs.univ-tlse2.fr\/2e2d\/files\/2024\/09\/logoOC.png 560w, https:\/\/blogs.univ-tlse2.fr\/2e2d\/files\/2024\/09\/logoOC-300x107.png 300w\" sizes=\"auto, (max-width: 560px) 100vw, 560px\" \/><\/a><\/figure>\n\n\n\n<figure class=\"wp-block-image size-full\"><a href=\"https:\/\/www.wwf.fr\/agroforesterie?gad_source=1&amp;reserved_code_affectation=31000277&amp;reserved_code_origine=23SEAGRANBRAND&amp;reserved_code_origine=24CAGRO-ADSGADSWEB\"><img loading=\"lazy\" decoding=\"async\" width=\"225\" height=\"225\" src=\"https:\/\/blogs.univ-tlse2.fr\/2e2d\/files\/2024\/09\/images.png\" alt=\"\" class=\"wp-image-527\" srcset=\"https:\/\/blogs.univ-tlse2.fr\/2e2d\/files\/2024\/09\/images.png 225w, https:\/\/blogs.univ-tlse2.fr\/2e2d\/files\/2024\/09\/images-150x150.png 150w\" sizes=\"auto, (max-width: 225px) 100vw, 225px\" \/><\/a><\/figure>\n\n\n\n<div class=\"wp-block-group is-layout-grid wp-container-core-group-is-layout-9649a0d9 wp-block-group-is-layout-grid\">\n<figure class=\"wp-block-image size-full\"><a href=\"https:\/\/www.sdg-champions.fr\/\"><img loading=\"lazy\" decoding=\"async\" width=\"279\" height=\"180\" src=\"https:\/\/blogs.univ-tlse2.fr\/2e2d\/files\/2024\/09\/telecharger.png\" alt=\"\" class=\"wp-image-526\" \/><\/a><\/figure>\n<\/div>\n<\/div>\n\n\n\n<p class=\"has-background-color has-text-color has-link-color wp-elements-a911c1e84d24e6faf78292314ec0274f\"><\/p>\n\n\n\n<p><\/p>\n","protected":false},"excerpt":{"rendered":"<p>Le master 2E2D s&rsquo;est d\u00e9velopp\u00e9 gr\u00e2ce \u00e0 l&rsquo;\u00e9quipe p\u00e9dagogique, mais \u00e9galement gr\u00e2ce aux nombreux partenaires avec qui elle collabore chaque ann\u00e9e. Cliquez sur le logo pour acc\u00e9der au site du partenaire Les universit\u00e9s et instituts de recherche Les laboratoires de recherche Les institutions publiques Les ONG et associations<\/p>\n","protected":false},"author":1388,"featured_media":0,"parent":18,"menu_order":-1,"comment_status":"closed","ping_status":"closed","template":"","meta":{"footnotes":""},"class_list":["post-39","page","type-page","status-publish","hentry","post-preview"],"_links":{"self":[{"href":"https:\/\/blogs.univ-tlse2.fr\/2e2d\/wp-json\/wp\/v2\/pages\/39","targetHints":{"allow":["GET"]}}],"collection":[{"href":"https:\/\/blogs.univ-tlse2.fr\/2e2d\/wp-json\/wp\/v2\/pages"}],"about":[{"href":"https:\/\/blogs.univ-tlse2.fr\/2e2d\/wp-json\/wp\/v2\/types\/page"}],"author":[{"embeddable":true,"href":"https:\/\/blogs.univ-tlse2.fr\/2e2d\/wp-json\/wp\/v2\/users\/1388"}],"replies":[{"embeddable":true,"href":"https:\/\/blogs.univ-tlse2.fr\/2e2d\/wp-json\/wp\/v2\/comments?post=39"}],"version-history":[{"count":28,"href":"https:\/\/blogs.univ-tlse2.fr\/2e2d\/wp-json\/wp\/v2\/pages\/39\/revisions"}],"predecessor-version":[{"id":547,"href":"https:\/\/blogs.univ-tlse2.fr\/2e2d\/wp-json\/wp\/v2\/pages\/39\/revisions\/547"}],"up":[{"embeddable":true,"href":"https:\/\/blogs.univ-tlse2.fr\/2e2d\/wp-json\/wp\/v2\/pages\/18"}],"wp:attachment":[{"href":"https:\/\/blogs.univ-tlse2.fr\/2e2d\/wp-json\/wp\/v2\/media?parent=39"}],"curies":[{"name":"wp","href":"https:\/\/api.w.org\/{rel}","templated":true}]}}