 {"id":41,"date":"2023-12-15T11:29:31","date_gmt":"2023-12-15T10:29:31","guid":{"rendered":"https:\/\/blogs.univ-tlse2.fr\/2e2d\/?page_id=41"},"modified":"2025-02-14T10:54:52","modified_gmt":"2025-02-14T09:54:52","slug":"faq","status":"publish","type":"page","link":"https:\/\/blogs.univ-tlse2.fr\/2e2d\/contacts-et-faq\/faq\/","title":{"rendered":"FAQ"},"content":{"rendered":"\n<p><strong>La formation 2E2D est-elle ouverte \u00e0 l&rsquo;alternance? <\/strong><\/p>\n\n\n\n<p>Oui. Les candidat.es doivent rechercher leur structure d&rsquo;accueil. Ponctuellement, les responsables p\u00e9dagogiques peuvent communiquer des sollicitations d&rsquo;entreprises ou de collectivit\u00e9s.<\/p>\n\n\n\n<hr class=\"wp-block-separator aligncenter has-alpha-channel-opacity\" \/>\n\n\n\n<p><strong>J&rsquo;ai effectu\u00e9 une licence qui n&rsquo;est pas \u00e0 dominante sciences \u00e9conomiques, puis-je tout de m\u00eame postuler au master 2E2D ? <\/strong><\/p>\n\n\n\n<p>Oui, le master 2E2D est une formation en socio-\u00e9conomie \u00e9cologique ouverte aux autres sciences humaines sociales (SHS). Le master accepte r\u00e9guli\u00e8rement des candidat.es de formations en sciences politiques, histoire, g\u00e9ographie, am\u00e9nagement, LEA, et autres sciences humaines et sociales. En revanche, des pr\u00e9requis sont demand\u00e9s en SHS. <\/p>\n\n\n\n<hr class=\"wp-block-separator aligncenter has-alpha-channel-opacity\" \/>\n\n\n\n<p><strong>J&rsquo;ai \u00e9t\u00e9 re\u00e7u.e dans la formation 2E2D et souhaiterais lire quelques ouvrages d&rsquo;\u00e9conomie avant la rentr\u00e9e. <\/strong><\/p>\n\n\n\n<p>Si vous avez besoin de consolider vos acquis en sciences \u00e9conomiques avant la rentr\u00e9e de M1, une bibliographie conseill\u00e9e est \u00e0 disposition. <\/p>\n\n\n\n<div data-wp-interactive=\"core\/file\" class=\"wp-block-file aligncenter\"><object data-wp-bind--hidden=\"!state.hasPdfPreview\" hidden class=\"wp-block-file__embed\" data=\"https:\/\/blogs.univ-tlse2.fr\/2e2d\/files\/2025\/01\/Bibliographie-conseillee-2E2D.pdf\" type=\"application\/pdf\" style=\"width:100%;height:600px\" aria-label=\"Contenu embarqu\u00e9 Bibliographie conseill\u00e9e 2E2D.\"><\/object><a id=\"wp-block-file--media-5d8359e1-6469-43e9-9e16-4cdbc290efd4\" href=\"https:\/\/blogs.univ-tlse2.fr\/2e2d\/files\/2025\/01\/Bibliographie-conseillee-2E2D.pdf\">Bibliographie conseill\u00e9e 2E2D<\/a><a href=\"https:\/\/blogs.univ-tlse2.fr\/2e2d\/files\/2025\/01\/Bibliographie-conseillee-2E2D.pdf\" class=\"wp-block-file__button wp-element-button\" download aria-describedby=\"wp-block-file--media-5d8359e1-6469-43e9-9e16-4cdbc290efd4\">T\u00e9l\u00e9charger<\/a><\/div>\n\n\n\n<hr class=\"wp-block-separator aligncenter has-alpha-channel-opacity\" \/>\n\n\n\n<p><strong>Puis-je postuler en reprise d&rsquo;\u00e9tudes? <\/strong><\/p>\n\n\n\n<p>Oui, r\u00e9f\u00e9rez-vous \u00e0 la page \u00ab\u00a0<a href=\"https:\/\/blogs.univ-tlse2.fr\/2e2d\/admission\/modalites-dadmission\/\" data-type=\"page\" data-id=\"55\">Modalit\u00e9s d&rsquo;admission<\/a>\u00a0\u00bb du site pour plus d&rsquo;informations.<\/p>\n\n\n\n<hr class=\"wp-block-separator aligncenter has-alpha-channel-opacity\" \/>\n\n\n\n<p><strong>Est-il possible de suivre le master \u00e0 distance?<\/strong><\/p>\n\n\n\n<p>Non, la pr\u00e9sence en cours est n\u00e9cessaire. <\/p>\n\n\n\n<hr class=\"wp-block-separator aligncenter has-alpha-channel-opacity\" \/>\n\n\n\n<p><strong>Le master est-il professionnalisant ou \u00e0 vocation recherche? <\/strong><\/p>\n\n\n\n<p>Les deux. L&rsquo;ouverture \u00e0 l&rsquo;alternance et le stage de M2 a une vocation op\u00e9rationnelle et professionnalisante. Le m\u00e9moire de recherche ainsi que les cours vous donnent les pr\u00e9requis pour poursuivre en doctorat.<\/p>\n\n\n\n<p><\/p>\n","protected":false},"excerpt":{"rendered":"<p>La formation 2E2D est-elle ouverte \u00e0 l&rsquo;alternance? Oui. Les candidat.es doivent rechercher leur structure d&rsquo;accueil. Ponctuellement, les responsables p\u00e9dagogiques peuvent communiquer des sollicitations d&rsquo;entreprises ou de collectivit\u00e9s. J&rsquo;ai effectu\u00e9 une licence qui n&rsquo;est pas \u00e0 dominante sciences \u00e9conomiques, puis-je tout de m\u00eame postuler au master 2E2D ? Oui, le master 2E2D est une formation en [&hellip;]<\/p>\n","protected":false},"author":1388,"featured_media":0,"parent":34,"menu_order":-1,"comment_status":"closed","ping_status":"closed","template":"","meta":{"footnotes":""},"class_list":["post-41","page","type-page","status-publish","hentry","post-preview"],"_links":{"self":[{"href":"https:\/\/blogs.univ-tlse2.fr\/2e2d\/wp-json\/wp\/v2\/pages\/41","targetHints":{"allow":["GET"]}}],"collection":[{"href":"https:\/\/blogs.univ-tlse2.fr\/2e2d\/wp-json\/wp\/v2\/pages"}],"about":[{"href":"https:\/\/blogs.univ-tlse2.fr\/2e2d\/wp-json\/wp\/v2\/types\/page"}],"author":[{"embeddable":true,"href":"https:\/\/blogs.univ-tlse2.fr\/2e2d\/wp-json\/wp\/v2\/users\/1388"}],"replies":[{"embeddable":true,"href":"https:\/\/blogs.univ-tlse2.fr\/2e2d\/wp-json\/wp\/v2\/comments?post=41"}],"version-history":[{"count":11,"href":"https:\/\/blogs.univ-tlse2.fr\/2e2d\/wp-json\/wp\/v2\/pages\/41\/revisions"}],"predecessor-version":[{"id":629,"href":"https:\/\/blogs.univ-tlse2.fr\/2e2d\/wp-json\/wp\/v2\/pages\/41\/revisions\/629"}],"up":[{"embeddable":true,"href":"https:\/\/blogs.univ-tlse2.fr\/2e2d\/wp-json\/wp\/v2\/pages\/34"}],"wp:attachment":[{"href":"https:\/\/blogs.univ-tlse2.fr\/2e2d\/wp-json\/wp\/v2\/media?parent=41"}],"curies":[{"name":"wp","href":"https:\/\/api.w.org\/{rel}","templated":true}]}}