 {"id":44,"date":"2023-12-15T11:30:46","date_gmt":"2023-12-15T10:30:46","guid":{"rendered":"https:\/\/blogs.univ-tlse2.fr\/2e2d\/?page_id=44"},"modified":"2025-03-06T10:28:02","modified_gmt":"2025-03-06T09:28:02","slug":"admission","status":"publish","type":"page","link":"https:\/\/blogs.univ-tlse2.fr\/2e2d\/admission\/","title":{"rendered":"Admission"},"content":{"rendered":"\n<p>Si vous \u00eates int\u00e9ress\u00e9 par ce master, vous trouverez <a href=\"https:\/\/blogs.univ-tlse2.fr\/2e2d\/admission\/modalites-dadmission\/\">les modalit\u00e9s d&rsquo;admission<\/a> et des informations relatifs \u00e0 la <a href=\"https:\/\/blogs.univ-tlse2.fr\/2e2d\/admission\/formation-continue-ou-alternance\/\">formation continue ou en alternance<\/a>  sur cette page.<\/p>\n\n\n\n<hr class=\"wp-block-separator has-alpha-channel-opacity\" \/>\n\n\n\n<div class=\"wp-block-media-text is-stacked-on-mobile\" style=\"grid-template-columns:15% auto\"><figure class=\"wp-block-media-text__media\"><img loading=\"lazy\" decoding=\"async\" width=\"612\" height=\"612\" src=\"https:\/\/blogs.univ-tlse2.fr\/2e2d\/files\/2024\/02\/istockphoto-1152189152-612x612-1.jpg\" alt=\"\" class=\"wp-image-348 size-full\" srcset=\"https:\/\/blogs.univ-tlse2.fr\/2e2d\/files\/2024\/02\/istockphoto-1152189152-612x612-1.jpg 612w, https:\/\/blogs.univ-tlse2.fr\/2e2d\/files\/2024\/02\/istockphoto-1152189152-612x612-1-300x300.jpg 300w, https:\/\/blogs.univ-tlse2.fr\/2e2d\/files\/2024\/02\/istockphoto-1152189152-612x612-1-150x150.jpg 150w\" sizes=\"auto, (max-width: 612px) 100vw, 612px\" \/><\/figure><div class=\"wp-block-media-text__content\">\n<p>Les candidatures sont ouvertes pour les M1 (plateforme Mon master) et les M2 (plateforme eCandidat) pour la campagne 2025\/2026 du\u00a0<strong>25 f\u00e9vrier au 24 mars 2025<\/strong>.<\/p>\n\n\n\n<p>Le lien pour candidater : <a href=\"https:\/\/monmaster.gouv.fr\/formation\/0311383K\/1602550C47KN\/detail\">https:\/\/monmaster.gouv.fr\/formation\/0311383K\/1602550C47KN\/detail<\/a><\/p>\n<\/div><\/div>\n\n\n\n<p><\/p>\n","protected":false},"excerpt":{"rendered":"<p>Si vous \u00eates int\u00e9ress\u00e9 par ce master, vous trouverez les modalit\u00e9s d&rsquo;admission et des informations relatifs \u00e0 la formation continue ou en alternance sur cette page. Les candidatures sont ouvertes pour les M1 (plateforme Mon master) et les M2 (plateforme eCandidat) pour la campagne 2025\/2026 du\u00a025 f\u00e9vrier au 24 mars 2025. Le lien pour candidater [&hellip;]<\/p>\n","protected":false},"author":1388,"featured_media":0,"parent":0,"menu_order":2,"comment_status":"closed","ping_status":"closed","template":"","meta":{"footnotes":""},"class_list":["post-44","page","type-page","status-publish","hentry","post-preview"],"_links":{"self":[{"href":"https:\/\/blogs.univ-tlse2.fr\/2e2d\/wp-json\/wp\/v2\/pages\/44","targetHints":{"allow":["GET"]}}],"collection":[{"href":"https:\/\/blogs.univ-tlse2.fr\/2e2d\/wp-json\/wp\/v2\/pages"}],"about":[{"href":"https:\/\/blogs.univ-tlse2.fr\/2e2d\/wp-json\/wp\/v2\/types\/page"}],"author":[{"embeddable":true,"href":"https:\/\/blogs.univ-tlse2.fr\/2e2d\/wp-json\/wp\/v2\/users\/1388"}],"replies":[{"embeddable":true,"href":"https:\/\/blogs.univ-tlse2.fr\/2e2d\/wp-json\/wp\/v2\/comments?post=44"}],"version-history":[{"count":10,"href":"https:\/\/blogs.univ-tlse2.fr\/2e2d\/wp-json\/wp\/v2\/pages\/44\/revisions"}],"predecessor-version":[{"id":633,"href":"https:\/\/blogs.univ-tlse2.fr\/2e2d\/wp-json\/wp\/v2\/pages\/44\/revisions\/633"}],"wp:attachment":[{"href":"https:\/\/blogs.univ-tlse2.fr\/2e2d\/wp-json\/wp\/v2\/media?parent=44"}],"curies":[{"name":"wp","href":"https:\/\/api.w.org\/{rel}","templated":true}]}}