 {"id":48,"date":"2023-12-15T11:31:43","date_gmt":"2023-12-15T10:31:43","guid":{"rendered":"https:\/\/blogs.univ-tlse2.fr\/2e2d\/?page_id=48"},"modified":"2024-03-17T11:01:01","modified_gmt":"2024-03-17T10:01:01","slug":"debouches","status":"publish","type":"page","link":"https:\/\/blogs.univ-tlse2.fr\/2e2d\/debouches\/","title":{"rendered":"D\u00e9bouch\u00e9s"},"content":{"rendered":"\n<p>Dans cette rubrique d\u00e9di\u00e9e aux d\u00e9bouch\u00e9s, vous y trouverez des informations sur<a href=\"https:\/\/blogs.univ-tlse2.fr\/2e2d\/debouches\/metiers-et-poursuites-detudes\/\"> les m\u00e9tiers et les poursuites d\u2019\u00e9tudes<\/a>. <\/p>\n","protected":false},"excerpt":{"rendered":"<p>Dans cette rubrique d\u00e9di\u00e9e aux d\u00e9bouch\u00e9s, vous y trouverez des informations sur les m\u00e9tiers et les poursuites d\u2019\u00e9tudes.<\/p>\n","protected":false},"author":1388,"featured_media":0,"parent":0,"menu_order":4,"comment_status":"closed","ping_status":"closed","template":"","meta":{"footnotes":""},"class_list":["post-48","page","type-page","status-publish","hentry","post-preview"],"_links":{"self":[{"href":"https:\/\/blogs.univ-tlse2.fr\/2e2d\/wp-json\/wp\/v2\/pages\/48","targetHints":{"allow":["GET"]}}],"collection":[{"href":"https:\/\/blogs.univ-tlse2.fr\/2e2d\/wp-json\/wp\/v2\/pages"}],"about":[{"href":"https:\/\/blogs.univ-tlse2.fr\/2e2d\/wp-json\/wp\/v2\/types\/page"}],"author":[{"embeddable":true,"href":"https:\/\/blogs.univ-tlse2.fr\/2e2d\/wp-json\/wp\/v2\/users\/1388"}],"replies":[{"embeddable":true,"href":"https:\/\/blogs.univ-tlse2.fr\/2e2d\/wp-json\/wp\/v2\/comments?post=48"}],"version-history":[{"count":4,"href":"https:\/\/blogs.univ-tlse2.fr\/2e2d\/wp-json\/wp\/v2\/pages\/48\/revisions"}],"predecessor-version":[{"id":382,"href":"https:\/\/blogs.univ-tlse2.fr\/2e2d\/wp-json\/wp\/v2\/pages\/48\/revisions\/382"}],"wp:attachment":[{"href":"https:\/\/blogs.univ-tlse2.fr\/2e2d\/wp-json\/wp\/v2\/media?parent=48"}],"curies":[{"name":"wp","href":"https:\/\/api.w.org\/{rel}","templated":true}]}}