 {"id":52,"date":"2023-12-15T11:32:13","date_gmt":"2023-12-15T10:32:13","guid":{"rendered":"https:\/\/blogs.univ-tlse2.fr\/2e2d\/?page_id=52"},"modified":"2024-03-17T11:11:30","modified_gmt":"2024-03-17T10:11:30","slug":"temoignages","status":"publish","type":"page","link":"https:\/\/blogs.univ-tlse2.fr\/2e2d\/temoignages\/","title":{"rendered":"T\u00e9moignages"},"content":{"rendered":"\n<p>La rubrique t\u00e9moignages pr\u00e9sente des r\u00e9cits tant sur l&rsquo;<a href=\"https:\/\/blogs.univ-tlse2.fr\/2e2d\/temoignages\/sur-le-master\/\">exp\u00e9rience du master<\/a> que sur l&rsquo;<a href=\"https:\/\/blogs.univ-tlse2.fr\/2e2d\/temoignages\/sur-les-memoires\/\">insertion professionnelle<\/a>, offrant ainsi un \u00e9ventail d&rsquo;avis et de perspectives pr\u00e9cieuses pour ceux qui recherchent un \u00e9clairage concret !<\/p>\n\n\n\n<div class=\"wp-block-group\"><div class=\"wp-block-group__inner-container is-layout-constrained wp-block-group-is-layout-constrained\"><\/div><\/div>\n","protected":false},"excerpt":{"rendered":"<p>La rubrique t\u00e9moignages pr\u00e9sente des r\u00e9cits tant sur l&rsquo;exp\u00e9rience du master que sur l&rsquo;insertion professionnelle, offrant ainsi un \u00e9ventail d&rsquo;avis et de perspectives pr\u00e9cieuses pour ceux qui recherchent un \u00e9clairage concret !<\/p>\n","protected":false},"author":1388,"featured_media":386,"parent":0,"menu_order":6,"comment_status":"closed","ping_status":"closed","template":"","meta":{"footnotes":""},"class_list":["post-52","page","type-page","status-publish","has-post-thumbnail","hentry","post-preview"],"_links":{"self":[{"href":"https:\/\/blogs.univ-tlse2.fr\/2e2d\/wp-json\/wp\/v2\/pages\/52","targetHints":{"allow":["GET"]}}],"collection":[{"href":"https:\/\/blogs.univ-tlse2.fr\/2e2d\/wp-json\/wp\/v2\/pages"}],"about":[{"href":"https:\/\/blogs.univ-tlse2.fr\/2e2d\/wp-json\/wp\/v2\/types\/page"}],"author":[{"embeddable":true,"href":"https:\/\/blogs.univ-tlse2.fr\/2e2d\/wp-json\/wp\/v2\/users\/1388"}],"replies":[{"embeddable":true,"href":"https:\/\/blogs.univ-tlse2.fr\/2e2d\/wp-json\/wp\/v2\/comments?post=52"}],"version-history":[{"count":7,"href":"https:\/\/blogs.univ-tlse2.fr\/2e2d\/wp-json\/wp\/v2\/pages\/52\/revisions"}],"predecessor-version":[{"id":391,"href":"https:\/\/blogs.univ-tlse2.fr\/2e2d\/wp-json\/wp\/v2\/pages\/52\/revisions\/391"}],"wp:featuredmedia":[{"embeddable":true,"href":"https:\/\/blogs.univ-tlse2.fr\/2e2d\/wp-json\/wp\/v2\/media\/386"}],"wp:attachment":[{"href":"https:\/\/blogs.univ-tlse2.fr\/2e2d\/wp-json\/wp\/v2\/media?parent=52"}],"curies":[{"name":"wp","href":"https:\/\/api.w.org\/{rel}","templated":true}]}}