 {"id":538,"date":"2024-09-03T14:48:46","date_gmt":"2024-09-03T12:48:46","guid":{"rendered":"https:\/\/blogs.univ-tlse2.fr\/2e2d\/?page_id=538"},"modified":"2024-09-03T14:48:46","modified_gmt":"2024-09-03T12:48:46","slug":"offres-demploi","status":"publish","type":"page","link":"https:\/\/blogs.univ-tlse2.fr\/2e2d\/offres-demploi\/","title":{"rendered":"Offres d&#8217;emploi"},"content":{"rendered":"\n<p>Les offres d&#8217;emploi sont r\u00e9guli\u00e8rement d\u00e9pos\u00e9es sur la page LinkedIn du master disponible <a href=\"https:\/\/www.linkedin.com\/company\/master-%C3%A9conomie-%C3%A9cologique-et-d%C3%A9veloppement-durable-2e2d\/about\/\">ici<\/a>.<\/p>\n\n\n\n<p><\/p>\n","protected":false},"excerpt":{"rendered":"<p>Les offres d&#8217;emploi sont r\u00e9guli\u00e8rement d\u00e9pos\u00e9es sur la page LinkedIn du master disponible ici.<\/p>\n","protected":false},"author":1333,"featured_media":0,"parent":0,"menu_order":0,"comment_status":"closed","ping_status":"closed","template":"","meta":{"footnotes":""},"class_list":["post-538","page","type-page","status-publish","hentry","post-preview"],"_links":{"self":[{"href":"https:\/\/blogs.univ-tlse2.fr\/2e2d\/wp-json\/wp\/v2\/pages\/538","targetHints":{"allow":["GET"]}}],"collection":[{"href":"https:\/\/blogs.univ-tlse2.fr\/2e2d\/wp-json\/wp\/v2\/pages"}],"about":[{"href":"https:\/\/blogs.univ-tlse2.fr\/2e2d\/wp-json\/wp\/v2\/types\/page"}],"author":[{"embeddable":true,"href":"https:\/\/blogs.univ-tlse2.fr\/2e2d\/wp-json\/wp\/v2\/users\/1333"}],"replies":[{"embeddable":true,"href":"https:\/\/blogs.univ-tlse2.fr\/2e2d\/wp-json\/wp\/v2\/comments?post=538"}],"version-history":[{"count":2,"href":"https:\/\/blogs.univ-tlse2.fr\/2e2d\/wp-json\/wp\/v2\/pages\/538\/revisions"}],"predecessor-version":[{"id":542,"href":"https:\/\/blogs.univ-tlse2.fr\/2e2d\/wp-json\/wp\/v2\/pages\/538\/revisions\/542"}],"wp:attachment":[{"href":"https:\/\/blogs.univ-tlse2.fr\/2e2d\/wp-json\/wp\/v2\/media?parent=538"}],"curies":[{"name":"wp","href":"https:\/\/api.w.org\/{rel}","templated":true}]}}