 {"id":55,"date":"2023-12-15T11:51:56","date_gmt":"2023-12-15T10:51:56","guid":{"rendered":"https:\/\/blogs.univ-tlse2.fr\/2e2d\/?page_id=55"},"modified":"2026-02-19T10:01:53","modified_gmt":"2026-02-19T09:01:53","slug":"modalites-dadmission","status":"publish","type":"page","link":"https:\/\/blogs.univ-tlse2.fr\/2e2d\/admission\/modalites-dadmission\/","title":{"rendered":"Modalit\u00e9s d&rsquo;admission"},"content":{"rendered":"\n<p>Vous \u00eates int\u00e9ress\u00e9.e par le master 2E2D mais vous ne savez pas comment y acc\u00e9der ? Pas de probl\u00e8me, nous avons toutes les informations dont vous avez besoin. <\/p>\n\n\n\n<div class=\"wp-block-columns is-layout-flex wp-container-core-columns-is-layout-9d6595d7 wp-block-columns-is-layout-flex\">\n<div class=\"wp-block-column is-layout-flow wp-block-column-is-layout-flow\"><\/div>\n<\/div>\n\n\n\n<div class=\"wp-block-columns is-layout-flex wp-container-core-columns-is-layout-9d6595d7 wp-block-columns-is-layout-flex\">\n<div class=\"wp-block-column is-layout-flow wp-block-column-is-layout-flow\">\n<p class=\"has-text-align-center has-text-color has-link-color has-medium-font-size wp-elements-b6ffb6a2ddec0aa07de7b37f8d0d75ce\" style=\"color:#4c804b\"><strong>Master 1<\/strong><\/p>\n\n\n\n<p>Pour acc\u00e9der au <strong>Master 1 2E2D<\/strong>, vous devez \u00eatre titulaire d\u2019une licence mention Sciences sociales ou d&rsquo;une <strong>formation bac+3<\/strong> \u00e9quivalente, c\u2019est-\u00e0-dire avoir valid\u00e9 un bac +3 de 180 ECTS.<\/p>\n\n\n\n<p>La demande d\u2019admission s&rsquo;effectue via la plateforme <strong><a href=\"https:\/\/www.monmaster.gouv.fr\">Monmaster<\/a><\/strong>.<\/p>\n\n\n\n<p>Recherchez sur la plateforme MonMaster le Master <strong>mention \u00ab\u00a0Sciences sociales\u00a0\u00bb<\/strong> <strong>parcours \u00ab\u00a0\u00e9conomie \u00e9cologique et d\u00e9veloppement durable (2e2d)\u00a0\u00bb<\/strong> de l&rsquo;universit\u00e9 Toulouse 2 Jean Jaur\u00e8s.<\/p>\n\n\n\n<p>R\u00e9f : 1602550C<\/p>\n\n\n\n<p>N\u00b0 de fiche RNCP :&nbsp;RNCP34296<br><br><strong><em>A noter :<\/em><\/strong><br><br>Le master 2E2D est accessible en formation initiale, formation continue (reprises d&rsquo;\u00e9tudes) et en formation en alternance (contrats de professionnalisation et contrats d\u2019apprentissage). Si vous souhaitez candidater en alternance, faites le via la plateforme <strong><a href=\"https:\/\/www.monmaster.gouv.fr\">Monmaster<\/a> <\/strong>et pr\u00e9cisez le dans votre lettre de motivation<br><br>Si vous \u00eates un.e <strong>\u00e9tudiant.e extra-europ\u00e9en.e<\/strong>, vous devrez effectuer votre candidature sur la plateforme \u201c<strong><a href=\"https:\/\/pastel.diplomatie.gouv.fr\/etudesenfrance\/dyn\/public\/authentification\/login.html\">\u00c9tudes en France<\/a><\/strong>\u201d.<\/p>\n<\/div>\n\n\n\n<div class=\"wp-block-column is-layout-flow wp-block-column-is-layout-flow\">\n<p class=\"has-text-align-center has-text-color has-link-color has-medium-font-size wp-elements-5ea706d63b90502f190a1b76f703e65f\" style=\"color:#4c804b\"><strong>Master 2<\/strong><\/p>\n\n\n\n<p>Pour acc\u00e9der au <strong>Master 2 2E2D<\/strong>, vous devez \u00eatre titulaire d\u2019un <strong>bac +4 <\/strong>en lien avec la formation, soit 240 ECTS.<br><br>La demande d\u2019admission s&rsquo;effectue via la plateforme <a href=\"https:\/\/ecandidat.univ-tlse2.fr\/#!accueilView\"><strong>Ecandidat.<\/strong><\/a><br><br>Si vous \u00eates en r\u00e9orientation, en reprise d\u2019\u00e9tudes ou en validation des \u00e9tudes sup\u00e9rieures (VES), la demande d\u2019admission s&rsquo;effectue via la plateforme <strong><a href=\"https:\/\/maui.univ-tlse2.fr\/apoweb\/etapes\/maintenance.jspx\"><\/a><a href=\"https:\/\/ecandidat.univ-tlse2.fr\/#!accueilView\"><strong>Ecandidat.<\/strong><\/a><\/strong><br><br>Si vous souhaitez candidater en alternance (contrats de professionnalisation et contrats d\u2019apprentissage), faites le via la plateforme <strong><a href=\"https:\/\/ecandidat.univ-tlse2.fr\/#!accueilView\" data-type=\"link\" data-id=\"https:\/\/ecandidat.univ-tlse2.fr\/#!accueilView\"><strong><strong>Ecandidat<\/strong><\/strong> <\/a><\/strong>et pr\u00e9cisez le dans votre lettre de motivation.<br><br><strong><em>A noter :<\/em><\/strong><br><br>Pour les <strong>\u00e9tudiant.es extra-europ\u00e9en.es<\/strong>, la proc\u00e9dure d\u2019admission est identique \u00e0 celle du Master 1.<\/p>\n<\/div>\n<\/div>\n\n\n\n<p class=\"has-text-align-center\"><strong>Le calendrier est le m\u00eame chaque ann\u00e9e pour les admissions en master 1 et en master 2, seule la plateforme de recrutement change. <\/strong><\/p>\n\n\n\n<div data-wp-interactive=\"core\/file\" class=\"wp-block-file\"><object data-wp-bind--hidden=\"!state.hasPdfPreview\" hidden class=\"wp-block-file__embed\" data=\"https:\/\/blogs.univ-tlse2.fr\/2e2d\/files\/2026\/02\/Les-grandes-etapes.pdf\" type=\"application\/pdf\" style=\"width:100%;height:600px\" aria-label=\"Contenu embarqu\u00e9 Les grandes \u00e9tapes.\"><\/object><a id=\"wp-block-file--media-6f0199cd-d93b-4a06-bc22-0e5e3a556f5f\" href=\"https:\/\/blogs.univ-tlse2.fr\/2e2d\/files\/2026\/02\/Les-grandes-etapes.pdf\">Les grandes \u00e9tapes<\/a><a href=\"https:\/\/blogs.univ-tlse2.fr\/2e2d\/files\/2026\/02\/Les-grandes-etapes.pdf\" class=\"wp-block-file__button wp-element-button\" download aria-describedby=\"wp-block-file--media-6f0199cd-d93b-4a06-bc22-0e5e3a556f5f\">T\u00e9l\u00e9charger<\/a><\/div>\n\n\n\n<div class=\"wp-block-columns is-layout-flex wp-container-core-columns-is-layout-9d6595d7 wp-block-columns-is-layout-flex\">\n<div class=\"wp-block-column is-layout-flow wp-block-column-is-layout-flow\" style=\"flex-basis:100%\"><\/div>\n<\/div>\n","protected":false},"excerpt":{"rendered":"<p>Vous \u00eates int\u00e9ress\u00e9.e par le master 2E2D mais vous ne savez pas comment y acc\u00e9der ? Pas de probl\u00e8me, nous avons toutes les informations dont vous avez besoin. Master 1 Pour acc\u00e9der au Master 1 2E2D, vous devez \u00eatre titulaire d\u2019une licence mention Sciences sociales ou d&rsquo;une formation bac+3 \u00e9quivalente, c\u2019est-\u00e0-dire avoir valid\u00e9 un bac [&hellip;]<\/p>\n","protected":false},"author":1388,"featured_media":0,"parent":44,"menu_order":-2,"comment_status":"closed","ping_status":"closed","template":"","meta":{"footnotes":""},"class_list":["post-55","page","type-page","status-publish","hentry","post-preview"],"_links":{"self":[{"href":"https:\/\/blogs.univ-tlse2.fr\/2e2d\/wp-json\/wp\/v2\/pages\/55","targetHints":{"allow":["GET"]}}],"collection":[{"href":"https:\/\/blogs.univ-tlse2.fr\/2e2d\/wp-json\/wp\/v2\/pages"}],"about":[{"href":"https:\/\/blogs.univ-tlse2.fr\/2e2d\/wp-json\/wp\/v2\/types\/page"}],"author":[{"embeddable":true,"href":"https:\/\/blogs.univ-tlse2.fr\/2e2d\/wp-json\/wp\/v2\/users\/1388"}],"replies":[{"embeddable":true,"href":"https:\/\/blogs.univ-tlse2.fr\/2e2d\/wp-json\/wp\/v2\/comments?post=55"}],"version-history":[{"count":18,"href":"https:\/\/blogs.univ-tlse2.fr\/2e2d\/wp-json\/wp\/v2\/pages\/55\/revisions"}],"predecessor-version":[{"id":637,"href":"https:\/\/blogs.univ-tlse2.fr\/2e2d\/wp-json\/wp\/v2\/pages\/55\/revisions\/637"}],"up":[{"embeddable":true,"href":"https:\/\/blogs.univ-tlse2.fr\/2e2d\/wp-json\/wp\/v2\/pages\/44"}],"wp:attachment":[{"href":"https:\/\/blogs.univ-tlse2.fr\/2e2d\/wp-json\/wp\/v2\/media?parent=55"}],"curies":[{"name":"wp","href":"https:\/\/api.w.org\/{rel}","templated":true}]}}