 {"id":60,"date":"2023-12-15T11:56:28","date_gmt":"2023-12-15T10:56:28","guid":{"rendered":"https:\/\/blogs.univ-tlse2.fr\/2e2d\/?page_id=60"},"modified":"2024-02-12T11:34:27","modified_gmt":"2024-02-12T10:34:27","slug":"formation-continue-ou-alternance","status":"publish","type":"page","link":"https:\/\/blogs.univ-tlse2.fr\/2e2d\/admission\/formation-continue-ou-alternance\/","title":{"rendered":"Formation continue ou alternance"},"content":{"rendered":"\n<p>Le Master 2E2D est disponible en formation continue et en alternance.<\/p>\n\n\n\n<p>L&rsquo;alternance est r\u00e9alis\u00e9e dans le cadre d&rsquo;un contrat de travail : contrat de professionnalisation ou contrat d&rsquo;alternance. Ledit contrat est sign\u00e9 avec une entreprise ou d&rsquo;une organisation sur la dur\u00e9e d&rsquo;une ou deux ann\u00e9es. Le rythme d&rsquo;alternance est d&rsquo;une \u00e0 quatre semaines compl\u00e8tes par mois, selon le calendrier universitaire.<\/p>\n\n\n\n<p>Si vous souhaitez candidater en alternance, l&rsquo;inscription au master se fait toujours via la plateforme <a href=\"https:\/\/www.monmaster.gouv.fr\">Monmaster<\/a> en choisissant l&rsquo;option \u00ab\u00a0Alternance\u00a0\u00bb du master. Il est \u00e9galement n\u00e9cessaire de pr\u00e9ciser que vous souhaitez faire une alternance lors de la r\u00e9daction de votre lettre de motivation.<\/p>\n\n\n\n<p><strong>ATTENTION <\/strong>: l&rsquo;\u00e9quipe p\u00e9dagogique du master 2E2D ne propose pas aux \u00e9tudiant.es des structures d&rsquo;accueil en alternance. Il revient \u00e0 l&rsquo;\u00e9tudiant.e de contacter les structures d&rsquo;accueil potentielles en amont, puis d&rsquo;en informer l&rsquo;\u00e9quipe du master pour lancer les d\u00e9marches administratives.  <\/p>\n\n\n\n<p>T\u00e9l\u00e9chargez ci-dessous les documents d&rsquo;informations sur l&rsquo;alternance et les diff\u00e9rents contrats possibles (apprentissage et professionnalisation) :<\/p>\n\n\n\n<div data-wp-interactive=\"core\/file\" class=\"wp-block-file\"><object data-wp-bind--hidden=\"!state.hasPdfPreview\" hidden class=\"wp-block-file__embed\" data=\"https:\/\/blogs.univ-tlse2.fr\/2e2d\/files\/2024\/02\/Lalternance.pdf\" type=\"application\/pdf\" style=\"width:100%;height:600px\" aria-label=\"Contenu embarqu\u00e9 Lalternance.\"><\/object><a id=\"wp-block-file--media-410a02f0-3acf-4df5-8cb2-d25faac9f288\" href=\"https:\/\/blogs.univ-tlse2.fr\/2e2d\/files\/2024\/02\/Lalternance.pdf\">Lalternance<\/a><a href=\"https:\/\/blogs.univ-tlse2.fr\/2e2d\/files\/2024\/02\/Lalternance.pdf\" class=\"wp-block-file__button wp-element-button\" download aria-describedby=\"wp-block-file--media-410a02f0-3acf-4df5-8cb2-d25faac9f288\">T\u00e9l\u00e9charger<\/a><\/div>\n\n\n\n<div data-wp-interactive=\"core\/file\" class=\"wp-block-file\"><object data-wp-bind--hidden=\"!state.hasPdfPreview\" hidden class=\"wp-block-file__embed\" data=\"https:\/\/blogs.univ-tlse2.fr\/2e2d\/files\/2024\/02\/Le-contrat-dapprentissage.pdf\" type=\"application\/pdf\" style=\"width:100%;height:600px\" aria-label=\"Contenu embarqu\u00e9 Le-contrat-dapprentissage.\"><\/object><a id=\"wp-block-file--media-1633f61f-1778-4c3b-8181-4aa69e22f2ee\" href=\"https:\/\/blogs.univ-tlse2.fr\/2e2d\/files\/2024\/02\/Le-contrat-dapprentissage.pdf\">Le-contrat-dapprentissage<\/a><a href=\"https:\/\/blogs.univ-tlse2.fr\/2e2d\/files\/2024\/02\/Le-contrat-dapprentissage.pdf\" class=\"wp-block-file__button wp-element-button\" download aria-describedby=\"wp-block-file--media-1633f61f-1778-4c3b-8181-4aa69e22f2ee\">T\u00e9l\u00e9charger<\/a><\/div>\n\n\n\n<div data-wp-interactive=\"core\/file\" class=\"wp-block-file\"><object data-wp-bind--hidden=\"!state.hasPdfPreview\" hidden class=\"wp-block-file__embed\" data=\"https:\/\/blogs.univ-tlse2.fr\/2e2d\/files\/2024\/02\/Le-contrat-de-professionnalisation-1.pdf\" type=\"application\/pdf\" style=\"width:100%;height:600px\" aria-label=\"Contenu embarqu\u00e9 Le-contrat-de-professionnalisation-1.\"><\/object><a id=\"wp-block-file--media-dd9b3ef1-8a39-4749-b168-9a76da6d3cbf\" href=\"https:\/\/blogs.univ-tlse2.fr\/2e2d\/files\/2024\/02\/Le-contrat-de-professionnalisation-1.pdf\">Le-contrat-de-professionnalisation-1<\/a><a href=\"https:\/\/blogs.univ-tlse2.fr\/2e2d\/files\/2024\/02\/Le-contrat-de-professionnalisation-1.pdf\" class=\"wp-block-file__button wp-element-button\" download aria-describedby=\"wp-block-file--media-dd9b3ef1-8a39-4749-b168-9a76da6d3cbf\">T\u00e9l\u00e9charger<\/a><\/div>\n","protected":false},"excerpt":{"rendered":"<p>Le Master 2E2D est disponible en formation continue et en alternance. L&rsquo;alternance est r\u00e9alis\u00e9e dans le cadre d&rsquo;un contrat de travail : contrat de professionnalisation ou contrat d&rsquo;alternance. Ledit contrat est sign\u00e9 avec une entreprise ou d&rsquo;une organisation sur la dur\u00e9e d&rsquo;une ou deux ann\u00e9es. Le rythme d&rsquo;alternance est d&rsquo;une \u00e0 quatre semaines compl\u00e8tes par [&hellip;]<\/p>\n","protected":false},"author":1388,"featured_media":0,"parent":44,"menu_order":-1,"comment_status":"closed","ping_status":"closed","template":"","meta":{"footnotes":""},"class_list":["post-60","page","type-page","status-publish","hentry","post-preview"],"_links":{"self":[{"href":"https:\/\/blogs.univ-tlse2.fr\/2e2d\/wp-json\/wp\/v2\/pages\/60","targetHints":{"allow":["GET"]}}],"collection":[{"href":"https:\/\/blogs.univ-tlse2.fr\/2e2d\/wp-json\/wp\/v2\/pages"}],"about":[{"href":"https:\/\/blogs.univ-tlse2.fr\/2e2d\/wp-json\/wp\/v2\/types\/page"}],"author":[{"embeddable":true,"href":"https:\/\/blogs.univ-tlse2.fr\/2e2d\/wp-json\/wp\/v2\/users\/1388"}],"replies":[{"embeddable":true,"href":"https:\/\/blogs.univ-tlse2.fr\/2e2d\/wp-json\/wp\/v2\/comments?post=60"}],"version-history":[{"count":7,"href":"https:\/\/blogs.univ-tlse2.fr\/2e2d\/wp-json\/wp\/v2\/pages\/60\/revisions"}],"predecessor-version":[{"id":352,"href":"https:\/\/blogs.univ-tlse2.fr\/2e2d\/wp-json\/wp\/v2\/pages\/60\/revisions\/352"}],"up":[{"embeddable":true,"href":"https:\/\/blogs.univ-tlse2.fr\/2e2d\/wp-json\/wp\/v2\/pages\/44"}],"wp:attachment":[{"href":"https:\/\/blogs.univ-tlse2.fr\/2e2d\/wp-json\/wp\/v2\/media?parent=60"}],"curies":[{"name":"wp","href":"https:\/\/api.w.org\/{rel}","templated":true}]}}