 {"id":64,"date":"2023-12-15T12:02:40","date_gmt":"2023-12-15T11:02:40","guid":{"rendered":"https:\/\/blogs.univ-tlse2.fr\/2e2d\/?page_id=64"},"modified":"2024-01-12T14:25:31","modified_gmt":"2024-01-12T13:25:31","slug":"demande-de-stage","status":"publish","type":"page","link":"https:\/\/blogs.univ-tlse2.fr\/2e2d\/stages\/demande-de-stage\/","title":{"rendered":"Demande de stage"},"content":{"rendered":"\n<h2 class=\"wp-block-heading has-medium-font-size\"><strong>R\u00e9aliser une demande de stage en 12 \u00e9tapes !<\/strong><\/h2>\n\n\n\n<p><\/p>\n\n\n\n<figure class=\"wp-block-table\"><table><tbody><tr><td>1<\/td><td>T\u00e9l\u00e9charger sur l\u2019ENT, le formulaire de la convention et la fiche d\u2019information sur le stage \u00e0 l\u2019\u00e9tranger (uniquement pour les stages \u00e0 l\u2019\u00e9tranger) <a href=\"https:\/\/www.univ-tlse2.fr\/medias\/fichier\/procedure-stages-ut2j-mise-a-jour-janv-2020_1603802980209-pdf?ID_FICHE=155394&amp;INLINE=FALSE\"><em>T\u00e9l\u00e9charger la proc\u00e9dure<\/em><\/a><\/td><\/tr><tr><td>2<\/td><td>Pr\u00e9parer les aspects p\u00e9dagogiques, clarifier la mission, les activit\u00e9s et les objectifs du stage au sein de l\u2019organisme d\u2019accueil<\/td><\/tr><tr><td>3<\/td><td>Compl\u00e9ter la convention sous format \u00e9lectronique<\/td><\/tr><tr><td>4<\/td><td>V\u00e9rifier et valider les modalit\u00e9s p\u00e9dagogiques<\/td><\/tr><tr><td>5<\/td><td>Imprimer la convention en 3 exemplaires originaux et rassembler les pi\u00e8ces justificatives<\/td><\/tr><tr><td>6<\/td><td>Faire signer la convention en 3 exemplaires originaux par le responsable de l\u2019organisme d\u2019accueil, par le tuteur de stage et l\u2019enseignant r\u00e9f\u00e9rent (selon l\u2019organisation de chaque composante)<\/td><\/tr><tr><td>7<\/td><td>D\u00e9poser aupr\u00e8s de la gestionnaire de stage, les 3 exemplaires originaux de la convention sign\u00e9s accompagn\u00e9s des pi\u00e8ces justificatives<\/td><\/tr><tr><td>8<\/td><td>Contr\u00f4ler la l\u00e9galit\u00e9 de la convention et des pi\u00e8ces justificatives<\/td><\/tr><tr><td>9<\/td><td>Pr\u00e9senter la convention \u00e0 la signature du Pr\u00e9sident ou de son d\u00e9l\u00e9gataire<\/td><\/tr><tr><td>10<\/td><td>R\u00e9cup\u00e9rer 2 exemplaires originaux de la convention (dont celui de l&rsquo;organisme d&rsquo;accueil) aupr\u00e8s du gestionnaire de stage<\/td><\/tr><tr><td>11<\/td><td>D\u00e9buter le stage et r\u00e9aliser le stage dans le respect des engagements pris au moment de la signature de la convention de stage<\/td><\/tr><tr><td>12<\/td><td>A la fin du stage, faire signer l\u2019attestation de stage par l&rsquo;organisme d&rsquo;accueil et la conserver<\/td><\/tr><\/tbody><\/table><\/figure>\n","protected":false},"excerpt":{"rendered":"<p>R\u00e9aliser une demande de stage en 12 \u00e9tapes ! 1 T\u00e9l\u00e9charger sur l\u2019ENT, le formulaire de la convention et la fiche d\u2019information sur le stage \u00e0 l\u2019\u00e9tranger (uniquement pour les stages \u00e0 l\u2019\u00e9tranger) T\u00e9l\u00e9charger la proc\u00e9dure 2 Pr\u00e9parer les aspects p\u00e9dagogiques, clarifier la mission, les activit\u00e9s et les objectifs du stage au sein de l\u2019organisme [&hellip;]<\/p>\n","protected":false},"author":1388,"featured_media":0,"parent":46,"menu_order":-2,"comment_status":"closed","ping_status":"closed","template":"","meta":{"footnotes":""},"class_list":["post-64","page","type-page","status-publish","hentry","post-preview"],"_links":{"self":[{"href":"https:\/\/blogs.univ-tlse2.fr\/2e2d\/wp-json\/wp\/v2\/pages\/64","targetHints":{"allow":["GET"]}}],"collection":[{"href":"https:\/\/blogs.univ-tlse2.fr\/2e2d\/wp-json\/wp\/v2\/pages"}],"about":[{"href":"https:\/\/blogs.univ-tlse2.fr\/2e2d\/wp-json\/wp\/v2\/types\/page"}],"author":[{"embeddable":true,"href":"https:\/\/blogs.univ-tlse2.fr\/2e2d\/wp-json\/wp\/v2\/users\/1388"}],"replies":[{"embeddable":true,"href":"https:\/\/blogs.univ-tlse2.fr\/2e2d\/wp-json\/wp\/v2\/comments?post=64"}],"version-history":[{"count":3,"href":"https:\/\/blogs.univ-tlse2.fr\/2e2d\/wp-json\/wp\/v2\/pages\/64\/revisions"}],"predecessor-version":[{"id":270,"href":"https:\/\/blogs.univ-tlse2.fr\/2e2d\/wp-json\/wp\/v2\/pages\/64\/revisions\/270"}],"up":[{"embeddable":true,"href":"https:\/\/blogs.univ-tlse2.fr\/2e2d\/wp-json\/wp\/v2\/pages\/46"}],"wp:attachment":[{"href":"https:\/\/blogs.univ-tlse2.fr\/2e2d\/wp-json\/wp\/v2\/media?parent=64"}],"curies":[{"name":"wp","href":"https:\/\/api.w.org\/{rel}","templated":true}]}}