 {"id":66,"date":"2023-12-15T12:06:44","date_gmt":"2023-12-15T11:06:44","guid":{"rendered":"https:\/\/blogs.univ-tlse2.fr\/2e2d\/?page_id=66"},"modified":"2024-02-01T11:17:50","modified_gmt":"2024-02-01T10:17:50","slug":"structures-daccueil-et-thematiques","status":"publish","type":"page","link":"https:\/\/blogs.univ-tlse2.fr\/2e2d\/stages\/structures-daccueil-et-thematiques\/","title":{"rendered":"Structures d&rsquo;accueil et th\u00e9matiques"},"content":{"rendered":"\n<p>Afin de vous orienter pour vos recherches de stages, voici quelques structures d&rsquo;accueil et th\u00e9matiques de nos anciens \u00e9tudiants \ud83d\ude09<\/p>\n\n\n\n<p><\/p>\n\n\n\n<h2 class=\"wp-block-heading has-large-font-size\"><strong>Structures d&rsquo;accueil<\/strong><\/h2>\n\n\n\n<ul class=\"wp-block-list\">\n<li>Laboratoires de recherche et instituts de recherche : INRAE, LEREPS, LISST, ENSFEA&#8230;<\/li>\n\n\n\n<li>Associations sp\u00e9cialis\u00e9es en agriculture urbaine, d\u00e9veloppement \u00e9conomique, d\u00e9veloppement territorial, animation sur le d\u00e9veloppement durable, solidarit\u00e9 internationale&#8230;<\/li>\n\n\n\n<li>Structures publiques : parc naturel r\u00e9gional, collectivit\u00e9s (service urbanisme et environnement, \u00e9conomie circulaire)<\/li>\n\n\n\n<li>Entreprises et autres structures priv\u00e9es (service RSE)<\/li>\n<\/ul>\n\n\n\n<p><\/p>\n\n\n\n<h2 class=\"wp-block-heading has-large-font-size\"><strong>Th\u00e9matiques<\/strong><\/h2>\n\n\n\n<ul class=\"wp-block-list\">\n<li>Charg\u00e9.e de d\u00e9veloppement durable<\/li>\n\n\n\n<li>Charg\u00e9.e ou assistant.e RSE<\/li>\n\n\n\n<li>Charg\u00e9.e de projet v\u00e9g\u00e9talisation des villes<\/li>\n\n\n\n<li>Charg\u00e9 de projet \u00e9conomie circulaire<\/li>\n\n\n\n<li>Assistant.e recherche<\/li>\n<\/ul>\n","protected":false},"excerpt":{"rendered":"<p>Afin de vous orienter pour vos recherches de stages, voici quelques structures d&rsquo;accueil et th\u00e9matiques de nos anciens \u00e9tudiants \ud83d\ude09 Structures d&rsquo;accueil Th\u00e9matiques<\/p>\n","protected":false},"author":1388,"featured_media":0,"parent":46,"menu_order":-1,"comment_status":"closed","ping_status":"closed","template":"","meta":{"footnotes":""},"class_list":["post-66","page","type-page","status-publish","hentry","post-preview"],"_links":{"self":[{"href":"https:\/\/blogs.univ-tlse2.fr\/2e2d\/wp-json\/wp\/v2\/pages\/66","targetHints":{"allow":["GET"]}}],"collection":[{"href":"https:\/\/blogs.univ-tlse2.fr\/2e2d\/wp-json\/wp\/v2\/pages"}],"about":[{"href":"https:\/\/blogs.univ-tlse2.fr\/2e2d\/wp-json\/wp\/v2\/types\/page"}],"author":[{"embeddable":true,"href":"https:\/\/blogs.univ-tlse2.fr\/2e2d\/wp-json\/wp\/v2\/users\/1388"}],"replies":[{"embeddable":true,"href":"https:\/\/blogs.univ-tlse2.fr\/2e2d\/wp-json\/wp\/v2\/comments?post=66"}],"version-history":[{"count":5,"href":"https:\/\/blogs.univ-tlse2.fr\/2e2d\/wp-json\/wp\/v2\/pages\/66\/revisions"}],"predecessor-version":[{"id":291,"href":"https:\/\/blogs.univ-tlse2.fr\/2e2d\/wp-json\/wp\/v2\/pages\/66\/revisions\/291"}],"up":[{"embeddable":true,"href":"https:\/\/blogs.univ-tlse2.fr\/2e2d\/wp-json\/wp\/v2\/pages\/46"}],"wp:attachment":[{"href":"https:\/\/blogs.univ-tlse2.fr\/2e2d\/wp-json\/wp\/v2\/media?parent=66"}],"curies":[{"name":"wp","href":"https:\/\/api.w.org\/{rel}","templated":true}]}}