 {"id":78,"date":"2023-12-15T12:17:08","date_gmt":"2023-12-15T11:17:08","guid":{"rendered":"https:\/\/blogs.univ-tlse2.fr\/2e2d\/?page_id=78"},"modified":"2024-02-01T12:07:00","modified_gmt":"2024-02-01T11:07:00","slug":"sur-le-master","status":"publish","type":"page","link":"https:\/\/blogs.univ-tlse2.fr\/2e2d\/temoignages\/sur-le-master\/","title":{"rendered":"Sur le master"},"content":{"rendered":"\n<p class=\"has-source-serif-pro-font-family has-large-font-size\">Etudiante de la promotion 2024<\/p>\n\n\n\n<p>\u00ab\u00a0Je suis en reconversion professionnelle, j\u2019ai fait ma licence en LEA il y a longtemps, et ensuite j\u2019ai repris mes \u00e9tudes en Master \u00e0 Strasbourg dans le secteur de la traduction. Et l\u00e0, je reprends directement sans inqui\u00e9tude d\u2019emploi derri\u00e8re.<\/p>\n\n\n\n<p>Selon moi je pense que les enseignements propos\u00e9s correspondent \u00e0 la formation dans le sens o\u00f9 je voulais trouver des \u00e9clairages politiques et \u00e9conomiques. Donc l\u00e0, moi je suis ravie, et apr\u00e8s le reste des enseignements je les trouve tr\u00e8s adapt\u00e9s. Notamment le cours d\u2019anglais qui a une p\u00e9dagogie que moi j\u2019ai \u00e9norm\u00e9ment appr\u00e9ci\u00e9e sans pr\u00e9tention. Et quant \u00e0 la compl\u00e9mentarit\u00e9 des cours, moi je la trouve assez \u00e9vidente. L\u2019\u00e9l\u00e9ment environnemental tr\u00e8s th\u00e9orique m\u2019interpelle, et c\u2019est tr\u00e8s bien, car c\u2019est ce qu\u2019on demandait.<\/p>\n\n\n\n<p>Pour moi le Master 2E2D c\u2019est une histoire particuli\u00e8re parce que \u00e7a repr\u00e9sente ma reprise d\u2019\u00e9tudes, la lumi\u00e8re au bout du tunnel pour ma vie familiale, pour plein de choses \u00e0 plein de niveaux, donc c\u2019est d\u00e9j\u00e0 forc\u00e9ment positif de base.\u00a0\u00bb<\/p>\n\n\n\n<p class=\"has-background-color has-text-color has-link-color wp-elements-a911c1e84d24e6faf78292314ec0274f\"><\/p>\n\n\n\n<p class=\"has-source-serif-pro-font-family has-large-font-size\">Etudiante de la promotion 2024<\/p>\n\n\n\n<p>\u00ab\u00a0Avant le Master j\u2019ai fait deux ans de pr\u00e9pa litt\u00e9raire, ensuite j\u2019ai fait une L3 sciences sociales, puis une ann\u00e9e de c\u00e9sure o\u00f9 j\u2019ai fait un service civique et j\u2019\u00e9tais dans un lyc\u00e9e. J\u2019ai plein de trucs en rapport avec l\u2019\u00e9cologie et c\u2019est gr\u00e2ce \u00e0 ce service civique. Je me suis dit que je voulais vraiment continuer mes \u00e9tudes dans le d\u00e9veloppement durable et l\u2019\u00e9cologie. Donc j\u2019ai cherch\u00e9 les Masters qui existaient en France, et je suis tomb\u00e9 sur celui-l\u00e0 et j\u2019ai \u00e9t\u00e9 accept\u00e9e quand j\u2019ai postul\u00e9.\u00a0<\/p>\n\n\n\n<p>J\u2019aime bien les profs, je les trouve assez humains et \u00e0 l\u2019\u00e9coute, j\u2019ai d\u00e9couvert des mati\u00e8res que je ne connaissais pas comme l\u2019\u00e9conomie \u00e9cologique, donc \u00e7a je trouve \u00e7a chouette, j\u2019aime bien le fait qu\u2019il n\u2019y a pas mal de cours o\u00f9 il y a quand m\u00eame des dimensions critiques. Donc globalement je suis quand m\u00eame satisfaite des cours.<\/p>\n\n\n\n<p><\/p>\n","protected":false},"excerpt":{"rendered":"<p>Etudiante de la promotion 2024 \u00ab\u00a0Je suis en reconversion professionnelle, j\u2019ai fait ma licence en LEA il y a longtemps, et ensuite j\u2019ai repris mes \u00e9tudes en Master \u00e0 Strasbourg dans le secteur de la traduction. Et l\u00e0, je reprends directement sans inqui\u00e9tude d\u2019emploi derri\u00e8re. Selon moi je pense que les enseignements propos\u00e9s correspondent \u00e0 [&hellip;]<\/p>\n","protected":false},"author":1388,"featured_media":0,"parent":52,"menu_order":-2,"comment_status":"closed","ping_status":"closed","template":"","meta":{"footnotes":""},"class_list":["post-78","page","type-page","status-publish","hentry","post-preview"],"_links":{"self":[{"href":"https:\/\/blogs.univ-tlse2.fr\/2e2d\/wp-json\/wp\/v2\/pages\/78","targetHints":{"allow":["GET"]}}],"collection":[{"href":"https:\/\/blogs.univ-tlse2.fr\/2e2d\/wp-json\/wp\/v2\/pages"}],"about":[{"href":"https:\/\/blogs.univ-tlse2.fr\/2e2d\/wp-json\/wp\/v2\/types\/page"}],"author":[{"embeddable":true,"href":"https:\/\/blogs.univ-tlse2.fr\/2e2d\/wp-json\/wp\/v2\/users\/1388"}],"replies":[{"embeddable":true,"href":"https:\/\/blogs.univ-tlse2.fr\/2e2d\/wp-json\/wp\/v2\/comments?post=78"}],"version-history":[{"count":5,"href":"https:\/\/blogs.univ-tlse2.fr\/2e2d\/wp-json\/wp\/v2\/pages\/78\/revisions"}],"predecessor-version":[{"id":306,"href":"https:\/\/blogs.univ-tlse2.fr\/2e2d\/wp-json\/wp\/v2\/pages\/78\/revisions\/306"}],"up":[{"embeddable":true,"href":"https:\/\/blogs.univ-tlse2.fr\/2e2d\/wp-json\/wp\/v2\/pages\/52"}],"wp:attachment":[{"href":"https:\/\/blogs.univ-tlse2.fr\/2e2d\/wp-json\/wp\/v2\/media?parent=78"}],"curies":[{"name":"wp","href":"https:\/\/api.w.org\/{rel}","templated":true}]}}