 {"id":89,"date":"2018-01-22T16:08:32","date_gmt":"2018-01-22T15:08:32","guid":{"rendered":"https:\/\/blogs.univ-tlse2.fr\/afls2018\/?page_id=89"},"modified":"2018-06-08T15:13:00","modified_gmt":"2018-06-08T13:13:00","slug":"comite","status":"publish","type":"page","link":"https:\/\/blogs.univ-tlse2.fr\/afls2018\/en\/comite\/","title":{"rendered":"Committees"},"content":{"rendered":"<p><strong>SCIENTIFIC COMMITTEE<\/strong><\/p>\n<p>Dr Malin \u00c5gren, Dr Charlotte Alazard-Guiu, Prof. Nigel Armstrong, Dr Corine Ast\u00e9zano, Dr Melissa Barkat-Defradas, Prof. Myriam Bras, Dr Jean-Fran\u00e7ois Camps, Prof. Damien Chabanal, Prof Aidan Coveney, Dr Annie-Claude Demagny, Dr Amanda Edmonds, Dr Damien Gaucher, Dr Cyrille Granget, Prof Marie-No\u00eblle Guillot, Dr Cecilia Gunnarsson, Dr Jonathan Kasstan, Prof Barbara K\u00f6pke, Dr Angelika Kr\u00f6nert, Dr M\u00e9lanie Jucla, Dr Emmanuelle Labeau, Prof. Pierre Largy, Prof. Marie-Elaine Lebel, Prof. Isabelle Lem\u00e9e, Dr Ewa Lenart, Dr Lo\u00efc Li\u00e9geois, Dr Kevin McManus, Dr Vanda Marijanovic, Prof. Florence Myles, Prof. Leah Roberts, Dr Assia Rolls, Dr In\u00e8s Saddour, Dr Halima Sahraoui, Dr Christiane Soum, Dr Frida Splendido, Dr Olga Theophanous, Dr Henry Tyne, Dr Charlotte Blanc-Vallat, Prof. Daniel Georges V\u00e9ronique, Prof Richard Waltereit, Dr Norbert Wanek, Prof. Marzena Watorek.<\/p>\n<p>&nbsp;<\/p>\n<p><strong>ORGANISING COMMITTEE<\/strong><\/p>\n<p><strong>In\u00e8s Saddour<\/strong>, Universit\u00e9 de Toulouse (UT2J)<\/p>\n<p><strong>Cecilia Gunnarsson<\/strong>, Universit\u00e9 de Toulouse (UT2J)<\/p>\n<p><strong>Olga Theophanous<\/strong>, Universit\u00e9 de Toulouse (UT2J)<\/p>\n<p><strong>Amanda Edmonds<\/strong>, Universit\u00e9 de Montpellier 3<\/p>\n<p><strong>Charlotte Blanc-Vallat<\/strong>, Universit\u00e9 de Toulouse (UT2J)<\/p>\n<p><strong>Anne-Sophie Campo-Lefay<\/strong>, Universit\u00e9 Toulouse (UT2J)<\/p>\n<p><strong>Kleopatra Mytara<\/strong>,\u00a0Universit\u00e9 de Toulouse (UT2J)<\/p>\n<p><strong>Evelyne Vilon<\/strong>, Universit\u00e9 de Toulouse\u00a0(UT2J)<\/p>","protected":false},"excerpt":{"rendered":"<p>SCIENTIFIC COMMITTEE Dr Malin \u00c5gren, Dr Charlotte Alazard-Guiu, Prof. Nigel Armstrong, Dr Corine Ast\u00e9zano, Dr Melissa Barkat-Defradas, Prof. Myriam Bras, Dr Jean-Fran\u00e7ois Camps, Prof. Damien Chabanal, Prof Aidan Coveney, Dr Annie-Claude Demagny, Dr Amanda Edmonds, Dr Damien Gaucher, Dr Cyrille Granget, Prof Marie-No\u00eblle Guillot, Dr Cecilia Gunnarsson, Dr Jonathan Kasstan, Prof Barbara K\u00f6pke, Dr Angelika [&hellip;]<\/p>\n","protected":false},"author":1,"featured_media":0,"parent":0,"menu_order":2,"comment_status":"closed","ping_status":"closed","template":"","meta":{"footnotes":""},"class_list":["post-89","page","type-page","status-publish","hentry","post-preview"],"_links":{"self":[{"href":"https:\/\/blogs.univ-tlse2.fr\/afls2018\/en\/wp-json\/wp\/v2\/pages\/89","targetHints":{"allow":["GET"]}}],"collection":[{"href":"https:\/\/blogs.univ-tlse2.fr\/afls2018\/en\/wp-json\/wp\/v2\/pages"}],"about":[{"href":"https:\/\/blogs.univ-tlse2.fr\/afls2018\/en\/wp-json\/wp\/v2\/types\/page"}],"author":[{"embeddable":true,"href":"https:\/\/blogs.univ-tlse2.fr\/afls2018\/en\/wp-json\/wp\/v2\/users\/1"}],"replies":[{"embeddable":true,"href":"https:\/\/blogs.univ-tlse2.fr\/afls2018\/en\/wp-json\/wp\/v2\/comments?post=89"}],"version-history":[{"count":22,"href":"https:\/\/blogs.univ-tlse2.fr\/afls2018\/en\/wp-json\/wp\/v2\/pages\/89\/revisions"}],"predecessor-version":[{"id":317,"href":"https:\/\/blogs.univ-tlse2.fr\/afls2018\/en\/wp-json\/wp\/v2\/pages\/89\/revisions\/317"}],"wp:attachment":[{"href":"https:\/\/blogs.univ-tlse2.fr\/afls2018\/en\/wp-json\/wp\/v2\/media?parent=89"}],"curies":[{"name":"wp","href":"https:\/\/api.w.org\/{rel}","templated":true}]}}