 {"id":233,"date":"2018-05-06T14:40:36","date_gmt":"2018-05-06T12:40:36","guid":{"rendered":"https:\/\/blogs.univ-tlse2.fr\/afls2018\/?page_id=233"},"modified":"2018-05-07T16:10:59","modified_gmt":"2018-05-07T14:10:59","slug":"hebergement","status":"publish","type":"page","link":"https:\/\/blogs.univ-tlse2.fr\/afls2018\/informations-pratiques\/hebergement\/","title":{"rendered":"H\u00e9bergement"},"content":{"rendered":"<p>Le centre-ville de Toulouse est en partie pi\u00e9ton et offre une grande vari\u00e9t\u00e9 d\u2019h\u00f4tels, de restaurants et de bars. Comme la saison touristique \u00e0 Toulouse commence en d\u00e9but juin, nous vous conseillons de r\u00e9server votre h\u00e9bergement d\u00e8s que possible. La \u00ab\u00a0F\u00eate de la Musique\u00a0\u00bb ( 21 juin) est un \u00e9v\u00e9nement tr\u00e8s festif et populaire, donc, tr\u00e8s, tr\u00e8s fr\u00e9quent\u00e9.<\/p>\n<p><strong>Capitole<\/strong>, <strong>Jean Jaur\u00e8s<\/strong>, <strong>Jeanne d\u2019Arc<\/strong>, <strong>Esquirol<\/strong> et <strong>Carmes<\/strong> sont quelques stations de m\u00e9tro qui desservent le centre-ville.<\/p>\n<p>Malheureusement, il n\u2019y a pas d\u2019h\u00e9bergement, ni de restaurant de qualit\u00e9 sur ou pr\u00e8s du campus.\u00a0<strong>Nous vous recommandons vivement de loger dans le centre-ville de Toulouse et de vous rendre au campus de l&rsquo;Universit\u00e9 Toulouse Jean Jaur\u00e8s en m\u00e9tro : arr\u00eat \u00ab\u00a0Mirail-Universit\u00e9\u00a0\u00bb, environ 10 min. en m\u00e9tro en partant de de l&rsquo;arr\u00eat \u00ab\u00a0Jean Jaur\u00e8s\u00a0\u00bb.<\/strong><\/p>\n<p>Pour l\u2019h\u00e9bergement en ville : veuillez utiliser les sites habituels de r\u00e9servation d\u2019h\u00f4tels.<\/p>\n<p><a href=\"https:\/\/www.airbnb.fr\/\">https:\/\/www.airbnb.fr\/<\/a><\/p>\n<p><a href=\"https:\/\/www.booking.com\/\">https:\/\/www.booking.com\/<\/a><\/p>\n<p><a href=\"http:\/\/www.univ-toulouse.fr\/vie-etudiante\/vie-pratique\/logement#recherche\">http:\/\/www.univ-toulouse.fr\/vie-etudiante\/vie-pratique\/logement#recherche<\/a><\/p>\n<p>&nbsp;<\/p>\n<div class=\"post-header\">\n<h1 class=\"post-title\">Quelques h\u00f4tels au centre-ville de Toulouse<\/h1>\n<p>&nbsp;<\/p>\n<\/div>\n<div class=\"post-content\">\n<p><strong>HOTEL CAPITOLE **<\/strong><\/p>\n<p><strong>Adresse<\/strong>\u00a0: 10, rue Rivals \u00a0\u2013 tel. 05 61 23 21 28 \u2013 fax. 05 61 23 67 48<\/p>\n<p><strong>Acc\u00e8s<\/strong>\u00a0: m\u00e9tro ligne A arr\u00eat \u201cCapitole\u201d<\/p>\n<p><strong>Mail :<\/strong>\u00a0<a href=\"m&#x61;&#x69;l&#116;&#x6f;:&#104;&#x6f;&#x74;e&#x6c;&#x63;a&#112;&#x69;t&#111;&#x6c;&#x65;&#64;&#x77;&#x61;n&#97;&#x64;o&#111;&#x2e;&#x66;r\">&#104;o&#x74;e&#x6c;c&#x61;p&#x69;t&#x6f;l&#x65;&#64;&#x77;&#97;n&#97;d&#x6f;o&#x2e;f&#x72;<\/a><\/p>\n<p><strong>Site web :<\/strong>\u00a0<a href=\"http:\/\/www.capitole-hotel.com\/\">www.capitole-hotel.com<\/a><\/p>\n<p>&nbsp;<\/p>\n<p><strong>HOTEL PRESIDENT **<\/strong><\/p>\n<p><strong><em>\u00a0<\/em><\/strong><strong>Adresse<\/strong>\u00a0: 43\/45 rue Raymond IV \u2013 tel. 05 61 63 46 46<\/p>\n<p><strong>Acc\u00e8s<\/strong>\u00a0: m\u00e9tro ligne A (arr\u00eat \u201cMarengo SNCF\u201d) et B (arr\u00eat \u201cJeanne d\u2019Arc\u201d)<\/p>\n<p><strong>Mail :<\/strong>\u00a0<a href=\"&#x6d;&#x61;&#x69;&#108;&#116;o:c&#x6f;&#x6e;&#x74;&#x61;&#99;t&#64;h&#x6f;&#x74;&#x65;&#x6c;&#45;pre&#x73;&#x69;&#x64;&#x65;&#110;&#116;&#46;co&#x6d;\">c&#111;&#x6e;&#x74;&#x61;c&#116;&#x40;&#x68;&#x6f;t&#101;&#x6c;&#x2d;&#x70;r&#101;&#x73;&#x69;&#x64;e&#110;&#x74;&#x2e;&#x63;o&#109;<\/a><\/p>\n<p>&nbsp;<\/p>\n<p><strong>HOTEL CASTELLANE**<\/strong><\/p>\n<p><strong>Adresse\u00a0:\u00a0<\/strong>17, rue Castellane \u2013 t\u00e9l. 05 61 62 18 82 \u2013 fax. 05 61 62 58 04<\/p>\n<p><strong>Acc\u00e8s\u00a0:\u00a0<\/strong>m\u00e9tro ligne A arr\u00eat \u00ab\u00a0Jean Jaur\u00e8s\u00a0\u00bb<\/p>\n<p><strong>Mail\u00a0<\/strong>:\u00a0<a href=\"&#x6d;a&#x69;&#x6c;t&#x6f;&#58;c&#x61;&#115;t&#x65;&#108;l&#x61;&#110;e&#x68;o&#x74;&#x65;l&#x40;&#x77;a&#x6e;&#97;d&#x6f;&#111;&#46;&#x66;&#114;\">ca&#x73;&#x74;&#x65;ll&#97;&#x6e;&#x65;ho&#116;&#x65;&#x6c;&#64;w&#97;&#x6e;&#x61;&#x64;oo&#x2e;&#x66;&#x72;<\/a><\/p>\n<p><strong>Site web<\/strong>\u00a0:\u00a0<a href=\"http:\/\/www.castellanehotel.com\/site.php?langue=fr\">http:\/\/www.castellanehotel.com\/site.php?langue=fr<\/a><\/p>\n<p>&nbsp;<\/p>\n<p><strong>HOTEL OCCITANIA Centre Toulouse-Matabiau ***\u00a0<\/strong>(ex-Phoenicia)<\/p>\n<p><strong>Adresse\u00a0:<\/strong>\u00a07, boulevard Bonrepos (face \u00e0 la gare) \u2013 t\u00e9l. 05 61 63 81 63 \u2013 fax. 05 61 63 02 06<\/p>\n<p><strong>Acc\u00e8s\u00a0:<\/strong>\u00a0m\u00e9tro Ligne A arr\u00eat \u00ab\u00a0Marengo \u2013 SNCF\u00a0\u00bb<\/p>\n<p><strong>Mail\u00a0:<\/strong>\u00a0<a href=\"&#109;&#x61;&#105;&#x6c;&#116;&#x6f;:&#x61;l&#x69;e&#x6e;o&#x72;&#46;&#x65;s&#x74;r&#x69;e&#x72;&#64;&#104;&#x6f;&#116;&#x65;&#108;&#x2d;&#103;&#x61;r&#x6f;n&#x6e;e&#x2e;c&#x6f;m\">&#x61;&#108;i&#x65;&#110;o&#x72;&#x2e;e&#x73;&#x74;&#114;i&#x65;&#114;&#64;&#x68;&#x6f;t&#x65;&#x6c;&#45;g&#x61;&#114;o&#x6e;&#x6e;e&#x2e;&#x63;&#111;m<\/a>\u00a0(Responsable commerciale)<\/p>\n<p><strong>Site web\u00a0:<\/strong>\u00a0<a href=\"http:\/\/www.hotel-phoenicia-toulouse.com\/\">http:\/\/www.hotel-phoenicia-toulouse.com\/<\/a><\/p>\n<p><strong>\u00a0<\/strong><\/p>\n<p><strong>HOTEL AU PERE LEON ***<\/strong><\/p>\n<p><strong>Adresse<\/strong>\u00a0: 2 place Esquirol \u2013 t\u00e9l. 05 61 21 70 39<\/p>\n<p><strong>Acc\u00e8s<\/strong>\u00a0: m\u00e9tro ligne A arr\u00eat \u201cEsquirol\u201d<\/p>\n<p><strong>Mail :<\/strong>\u00a0<a href=\"mailto:contact&#64;pere&#45;&#108;&#101;&#111;&#110;&#46;&#99;&#111;&#x6d;\">&#x63;&#x6f;&#110;ta&#x63;&#x74;&#x40;&#112;er&#x65;&#x2d;&#x6c;&#101;on&#x2e;&#x63;&#x6f;&#109;<\/a><\/p>\n<p><strong>Site web :<\/strong>\u00a0<a href=\"http:\/\/www.pere-leon.com\/\">http:\/\/www.pere-leon.com<\/a><\/p>\n<p>&nbsp;<\/p>\n<p><strong>HOTEL ROYAL WILSON **<\/strong><\/p>\n<p><strong>Adresse<\/strong>\u00a0: 6 rue Labeda \u2013 t\u00e9l. 05 61 12 41 41 \u2013 fax 05 61 12 41 53<\/p>\n<p><strong>Acc\u00e8s<\/strong>\u00a0: m\u00e9tro ligne A arr\u00eat \u201cCapitole\u201d ou \u201cJean Jaur\u00e8s\u201d<\/p>\n<p><strong>Mail :\u00a0<\/strong><a href=\"&#x6d;&#x61;il&#x74;&#x6f;&#58;ro&#x79;&#x61;&#108;wi&#x6c;&#x73;&#111;nh&#x6f;&#x74;el&#x2e;&#x74;&#111;ul&#x6f;&#x75;&#115;e&#64;&#x77;&#x61;&#110;ad&#x6f;&#x6f;&#46;f&#x72;\">&#x72;&#111;y&#x61;&#108;w&#x69;&#x6c;so&#x6e;&#104;o&#x74;&#x65;l&#46;&#x74;&#111;u&#x6c;&#x6f;us&#x65;&#64;w&#x61;&#x6e;ad&#x6f;&#111;&#46;&#x66;&#x72;<\/a>\u00a0ou\u00a0<a href=\"&#x6d;&#97;il&#x74;&#x6f;:c&#x6f;&#x6e;&#116;ac&#x74;&#64;ho&#x74;&#x65;&#108;r&#x6f;&#x79;&#97;lw&#x69;&#x6c;so&#x6e;&#x2d;&#116;o&#x75;&#x6c;&#111;us&#x65;&#x2e;co&#x6d;\">&#x63;&#x6f;&#110;ta&#x63;&#x74;&#x40;hot&#x65;&#x6c;&#114;oy&#x61;&#x6c;&#x77;&#105;ls&#x6f;&#x6e;&#45;to&#x75;&#x6c;&#x6f;&#117;se&#x2e;&#x63;&#111;m<\/a><\/p>\n<p><strong>\u00a0<\/strong><\/p>\n<p><strong>HOTEL OURS BLANC WILSON ****\u00a0 \u00a0 \u00a0 \u00a0 \u00a0 \u00a0 \u00a0 \u00a0 \u00a0 \u00a0 \u00a0 \u00a0 \u00a0 \u00a0 \u00a0 \u00a0 \u00a0 \u00a0 \u00a0 \u00a0 \u00a0 \u00a0 \u00a0 \u00a0 \u00a0 \u00a0 \u00a0 \u00a0 \u00a0 \u00a0 \u00a0 \u00a0 \u00a0 \u00a0 \u00a0 \u00a0 \u00a0 \u00a0 \u00a0 \u00a0 \u00a0 \u00a0 \u00a0 \u00a0 \u00a0\u00a0<\/strong><\/p>\n<p><strong>Adresse\u00a0:<\/strong>\u00a02 rue Victor Hugo\u00a0 \u2013 t\u00e9l. 05 61 21 62 40 \u2013 fax. 05 61 23 62 34<\/p>\n<p><strong>Acc\u00e8s\u00a0:<\/strong>\u00a0m\u00e9tro Ligne A arr\u00eat \u00ab\u00a0Capitole\u00a0\u00bb<\/p>\n<p><strong>Mail\u00a0:<\/strong>\u00a0<a href=\"&#109;&#x61;i&#x6c;t&#111;&#x3a;w&#x69;l&#x73;o&#110;&#x40;h&#x6f;t&#x65;&#x6c;&#45;&#x6f;u&#x72;s&#98;&#x6c;a&#x6e;c&#x2e;c&#111;&#x6d;\">wilson&#64;hotel-&#111;&#117;&#114;&#115;&#98;&#x6c;&#x61;&#x6e;&#x63;&#x2e;&#x63;&#x6f;&#x6d;<\/a><\/p>\n<p>&nbsp;<\/p>\n<p><strong>HOTEL DU TAUR **\u00a0<\/strong><\/p>\n<p><strong><em>\u00a0<\/em><\/strong><strong>Adresse\u00a0:<\/strong>\u00a0 2, rue du Taur \u2013 tel. 05 61 21 17 54 \u2013 fax. 05 61 13 78 41<\/p>\n<p><strong>Acc\u00e8s :<\/strong>\u00a0m\u00e9tro ligne A arr\u00eat \u201cCapitole\u201d<\/p>\n<p><strong>Mail :\u00a0<\/strong><a href=\"&#109;&#x61;&#105;&#x6c;&#116;&#x6f;:&#x63;o&#x6e;t&#x61;c&#x74;&#64;&#x68;o&#x74;e&#x6c;-&#x64;u&#116;&#x61;&#117;&#x72;&#46;&#x63;&#111;&#x6d;\">&#x68;&#x6f;&#x74;&#x65;&#x6c;&#x64;&#x75;&#x74;&#97;&#117;&#114;&#64;wanadoo&#x2e;&#x66;&#x72;<\/a><\/p>\n<p><strong>Site web :<\/strong>\u00a0<a href=\"http:\/\/www.hotel-du-taur.com\/index.htm\">http:\/\/www.hotel-du-taur.com\/index.htm<\/a><\/p>\n<p>&nbsp;<\/p>\n<p><strong>HOTEL IBIS STYLES ***\u00a0<\/strong><em>(ex-TERMINUS)<\/em><\/p>\n<p><strong>Adresse\u00a0:\u00a0<\/strong>13, boulevard Bonrepos (face \u00e0 la gare) \u2013 t\u00e9l. 05 61 62 44 78 \u2013 fax. 05 61 63 18 06<\/p>\n<p><strong>Acc\u00e8s\u00a0<\/strong>: m\u00e9tro Ligne A arr\u00eat \u00ab\u00a0Marengo \u2013 SNCF\u00a0\u00bb<\/p>\n<p><strong>Mail\u00a0:\u00a0<\/strong><a href=\"&#x6d;&#x61;&#x69;&#x6c;&#x74;&#x6f;&#x3a;&#x63;&#x6f;&#x6e;&#x74;&#x61;&#x63;&#x74;&#x40;&#x68;&#x6f;&#x74;&#x65;&#x6c;&#x2d;&#x74;&#x6f;&#x75;&#x6c;&#x6f;&#x75;&#x73;&#x65;&#x2d;&#x66;&#x72;&#x61;&#x6e;&#x63;&#x65;&#x2e;&#x63;&#x6f;&#x6d;\">contact&#64;hotel&#45;&#116;&#111;&#117;&#108;&#x6f;&#x75;&#x73;&#x65;&#x2d;&#x66;&#x72;&#x61;&#x6e;&#x63;&#x65;&#x2e;&#x63;&#x6f;&#x6d;<\/a><\/p>\n<p><strong>Site web\u00a0:\u00a0<\/strong><a href=\"http:\/\/www.accorhotels.com\/fr\/hotel-8481-ibis-styles-toulouse-gare-centre-matabiau\/index.shtml\">http:\/\/www.accorhotels.com\/fr\/hotel-8481-ibis-styles-toulouse-gare-centre-matabiau\/index.shtml<\/a><\/p>\n<p>&nbsp;<\/p>\n<p><strong>HOTEL BEST WESTERN ATHENEE ***\u00a0<\/strong><\/p>\n<p><strong>Adresse\u00a0:<\/strong>\u00a01 bis rue Matabiau\u00a0 \u2013 t\u00e9l. 05 61 63 10 63 \u2013 fax. 05 61 63 87 80<\/p>\n<p><strong>Acc\u00e8s\u00a0:<\/strong>\u00a0m\u00e9tro Ligne B arr\u00eat \u00ab\u00a0Jeanne d\u2019Arc\u00a0\u00bb<\/p>\n<p><strong>Mail\u00a0:<\/strong>\u00a0<a href=\"&#109;a&#x69;l&#x74;o&#x3a;&#99;&#x6f;&#110;t&#x61;c&#x74;&#64;&#x68;o&#x74;&#101;&#x6c;&#45;t&#x6f;u&#x6c;o&#x75;&#115;&#x65;&#45;a&#x74;h&#x65;n&#x65;e&#x2e;&#99;&#x6f;&#109;\">c&#x6f;&#x6e;t&#97;&#x63;t&#64;&#x68;o&#116;&#x65;l-&#x74;&#x6f;u&#x6c;&#x6f;u&#115;&#x65;-&#97;&#x74;he&#x6e;&#x65;e&#x2e;&#x63;o&#109;<\/a><\/p>\n<p><strong>Site web\u00a0:\u00a0<\/strong><a href=\"http:\/\/www.hotel-toulouse-athenee.com\/\">http:\/\/www.hotel-toulouse-athenee.com\/<\/a><\/p>\n<\/div>\n<p><\/p>","protected":false},"excerpt":{"rendered":"<p>Le centre-ville de Toulouse est en partie pi\u00e9ton et offre une grande vari\u00e9t\u00e9 d\u2019h\u00f4tels, de restaurants et de bars. Comme la saison touristique \u00e0 Toulouse commence en d\u00e9but juin, nous vous conseillons de r\u00e9server votre h\u00e9bergement d\u00e8s que possible. La \u00ab\u00a0F\u00eate de la Musique\u00a0\u00bb ( 21 juin) est un \u00e9v\u00e9nement tr\u00e8s festif et populaire, donc, [&hellip;]<\/p>\n","protected":false},"author":431,"featured_media":0,"parent":96,"menu_order":0,"comment_status":"closed","ping_status":"closed","template":"","meta":{"footnotes":""},"class_list":["post-233","page","type-page","status-publish","hentry","post-preview"],"_links":{"self":[{"href":"https:\/\/blogs.univ-tlse2.fr\/afls2018\/wp-json\/wp\/v2\/pages\/233","targetHints":{"allow":["GET"]}}],"collection":[{"href":"https:\/\/blogs.univ-tlse2.fr\/afls2018\/wp-json\/wp\/v2\/pages"}],"about":[{"href":"https:\/\/blogs.univ-tlse2.fr\/afls2018\/wp-json\/wp\/v2\/types\/page"}],"author":[{"embeddable":true,"href":"https:\/\/blogs.univ-tlse2.fr\/afls2018\/wp-json\/wp\/v2\/users\/431"}],"replies":[{"embeddable":true,"href":"https:\/\/blogs.univ-tlse2.fr\/afls2018\/wp-json\/wp\/v2\/comments?post=233"}],"version-history":[{"count":17,"href":"https:\/\/blogs.univ-tlse2.fr\/afls2018\/wp-json\/wp\/v2\/pages\/233\/revisions"}],"predecessor-version":[{"id":265,"href":"https:\/\/blogs.univ-tlse2.fr\/afls2018\/wp-json\/wp\/v2\/pages\/233\/revisions\/265"}],"up":[{"embeddable":true,"href":"https:\/\/blogs.univ-tlse2.fr\/afls2018\/wp-json\/wp\/v2\/pages\/96"}],"wp:attachment":[{"href":"https:\/\/blogs.univ-tlse2.fr\/afls2018\/wp-json\/wp\/v2\/media?parent=233"}],"curies":[{"name":"wp","href":"https:\/\/api.w.org\/{rel}","templated":true}]}}