 {"id":253,"date":"2018-05-06T18:33:00","date_gmt":"2018-05-06T16:33:00","guid":{"rendered":"https:\/\/blogs.univ-tlse2.fr\/afls2018\/?page_id=253"},"modified":"2018-05-06T18:37:13","modified_gmt":"2018-05-06T16:37:13","slug":"lieu-du-colloque","status":"publish","type":"page","link":"https:\/\/blogs.univ-tlse2.fr\/afls2018\/informations-pratiques\/lieu-du-colloque\/","title":{"rendered":"Lieu du colloque"},"content":{"rendered":"<p>Le colloque aura lieu \u00e0 l\u2019Universit\u00e9 de Toulouse II \u2013 Jean Jaur\u00e8s (France), Campus du Mirail, Maison de la Recherche, Amphi F417 (4\u00e8me \u00e9tage).<\/p>\n<p><strong>ADRESSE DU COLLOQUE<\/strong><\/p>\n<p>Universit\u00e9 Toulouse II \u2013 Jean Jaur\u00e8s<br \/>\nMaison de la Recherche \u2013 F417<br \/>\nUniversit\u00e9 de Toulouse \u00a0II -Jean Jaur\u00e8s<br \/>\n5, all\u00e9es Antonio Machado<br \/>\n31058 \u2013 Toulouse Cedex 9<\/p>\n<p>L\u2019Universit\u00e9 de Toulouse II \u2013 Jean Jaur\u00e8s est \u00e0 environ 15 minutes du centre-ville en m\u00e9tro (ligne A, destination Basso Cambo). Si vous utilisez la ligne B du m\u00e9tro, vous devez changer \u00e0 la station \u00ab\u00a0Jean Jaur\u00e8s\u00a0\u00bb, puis prendre la ligne A pour acc\u00e9der au Campus du Mirail. Vous descendez \u00e0 la station \u00ab\u00a0Mirail Universit\u00e9\u00a0\u00bb et la \u00ab\u00a0Maison de la Recherche\u00a0\u00bb \u00a0est \u00e0 \u00a03-5 minutes \u00e0 pied.<\/p>\n<ul>\n<li>Plan du campus :\u00a0<a href=\"https:\/\/blogs.univ-tlse2.fr\/bimo2017\/files\/2016\/09\/plan-campus-septembre-2016.pdf\">https:\/\/blogs.univ-tlse2.fr\/bimo2017\/files\/2016\/09\/plan-campus-septembre-2016.pdf<\/a><\/li>\n<li>Moyens d\u2019acc\u00e8s au Campus du Mirail :\u00a0<a href=\"http:\/\/www.univ-tlse2.fr\/accueil\/infos\/pratique\/adresses-et-acces\/moyens-d-acces-au-campus-du-mirail-256988.kjsp?RH=adrloc\">http:\/\/www.univ-tlse2.fr\/accueil\/infos\/pratique\/adresses-et-acces\/moyens-d-acces-au-campus-du-mirail-256988.kjsp?RH=adrloc<\/a><\/li>\n<\/ul>\n<p>&nbsp;<\/p>\n<p><strong>TRANSPORTS EN COMMUN<br \/>\n<\/strong><\/p>\n<ul>\n<li>Tiss\u00e9o (bus, m\u00e9tro, tram) :\u00a0<a href=\"https:\/\/www.tisseo.fr\/\">https:\/\/www.tisseo.fr\/<\/a><\/li>\n<li>Tiss\u00e9o \u2013 Horaires :\u00a0<a href=\"https:\/\/www.tisseo.fr\/se-deplacer\/horaires\">https:\/\/www.tisseo.fr\/se-deplacer\/horaires<\/a><\/li>\n<li>Tiss\u00e9o \u2013 Tarifs :\u00a0<a href=\"https:\/\/www.tisseo.fr\/les-tarifs\/la-gamme\">https:\/\/www.tisseo.fr\/les-tarifs\/la-gamme<\/a><\/li>\n<\/ul>\n<p><img decoding=\"async\" src=\"http:\/\/toulouse.festivaldujeu.fr\/images\/infospratiques\/plan_arrets_metro.jpg\" \/><\/p>","protected":false},"excerpt":{"rendered":"<p>Le colloque aura lieu \u00e0 l\u2019Universit\u00e9 de Toulouse II \u2013 Jean Jaur\u00e8s (France), Campus du Mirail, Maison de la Recherche, Amphi F417 (4\u00e8me \u00e9tage). ADRESSE DU COLLOQUE Universit\u00e9 Toulouse II \u2013 Jean Jaur\u00e8s Maison de la Recherche \u2013 F417 Universit\u00e9 de Toulouse \u00a0II -Jean Jaur\u00e8s 5, all\u00e9es Antonio Machado 31058 \u2013 Toulouse Cedex 9 L\u2019Universit\u00e9 [&hellip;]<\/p>\n","protected":false},"author":431,"featured_media":0,"parent":96,"menu_order":0,"comment_status":"closed","ping_status":"closed","template":"","meta":{"footnotes":""},"class_list":["post-253","page","type-page","status-publish","hentry","post-preview"],"_links":{"self":[{"href":"https:\/\/blogs.univ-tlse2.fr\/afls2018\/wp-json\/wp\/v2\/pages\/253","targetHints":{"allow":["GET"]}}],"collection":[{"href":"https:\/\/blogs.univ-tlse2.fr\/afls2018\/wp-json\/wp\/v2\/pages"}],"about":[{"href":"https:\/\/blogs.univ-tlse2.fr\/afls2018\/wp-json\/wp\/v2\/types\/page"}],"author":[{"embeddable":true,"href":"https:\/\/blogs.univ-tlse2.fr\/afls2018\/wp-json\/wp\/v2\/users\/431"}],"replies":[{"embeddable":true,"href":"https:\/\/blogs.univ-tlse2.fr\/afls2018\/wp-json\/wp\/v2\/comments?post=253"}],"version-history":[{"count":4,"href":"https:\/\/blogs.univ-tlse2.fr\/afls2018\/wp-json\/wp\/v2\/pages\/253\/revisions"}],"predecessor-version":[{"id":257,"href":"https:\/\/blogs.univ-tlse2.fr\/afls2018\/wp-json\/wp\/v2\/pages\/253\/revisions\/257"}],"up":[{"embeddable":true,"href":"https:\/\/blogs.univ-tlse2.fr\/afls2018\/wp-json\/wp\/v2\/pages\/96"}],"wp:attachment":[{"href":"https:\/\/blogs.univ-tlse2.fr\/afls2018\/wp-json\/wp\/v2\/media?parent=253"}],"curies":[{"name":"wp","href":"https:\/\/api.w.org\/{rel}","templated":true}]}}