 {"id":92,"date":"2018-01-22T16:08:50","date_gmt":"2018-01-22T15:08:50","guid":{"rendered":"https:\/\/blogs.univ-tlse2.fr\/afls2018\/?page_id=92"},"modified":"2018-01-27T14:37:00","modified_gmt":"2018-01-27T13:37:00","slug":"soumission","status":"publish","type":"page","link":"https:\/\/blogs.univ-tlse2.fr\/afls2018\/soumission\/","title":{"rendered":"Soumission"},"content":{"rendered":"<p><strong>MODALITES DE SOUMISSION\u00a0ET D\u2019EVALUATION :<\/strong><\/p>\n<h4>Suite \u00e0 de nombreuses demandes, en cette p\u00e9riode d&rsquo;ann\u00e9e tr\u00e8s charg\u00e9e, le comit\u00e9 d&rsquo;organisation a d\u00e9cid\u00e9 de prolonger la date limite de d\u00e9p\u00f4t\u00a0jusqu&rsquo;au 31 janvier 2018.<\/h4>\n<p>L\u2019\u00e9dition 2018 portera sur la th\u00e9matique\u00a0\u00abLangue fran\u00e7aise : mise au point sur ses usages et ses utilisateurs\u00bb. \u00a0Vous trouverez tous les d\u00e9tails dans l&rsquo;appel \u00e0 communications.<\/p>\n<p>Les langues du colloque seront le fran\u00e7ais et l\u2019anglais. Les propositions de communication doivent \u00eatre r\u00e9dig\u00e9s dans la langue pr\u00e9vue pour la communication. Les propositions de communications affich\u00e9es ou orales ne doivent pas d\u00e9passer <strong>500 mots (Bibliographie comprise)<\/strong>. Chaque proposition sera \u00e9valu\u00e9e par le comit\u00e9 scientifique de l\u2019AFLS2018. Les crit\u00e8res de s\u00e9lection comprendront l\u2019originalit\u00e9 de la proposition, la qualit\u00e9 du contenu et la pertinence th\u00e9matique. Les auteurs ont le droit de soumettre une seule proposition dans laquelle ils figurent comme premier auteur. Ils peuvent aussi soumettre d\u2019autres propositions dans lesquelles ils sont co-auteurs. <strong>Une publication d&rsquo;une s\u00e9lection d&rsquo;articles est aussi pr\u00e9vue.<\/strong><\/p>\n<p>Pour soumettre une proposition, veuillez cliquer sur ce lien :\u00a0<a href=\"https:\/\/easychair.org\/conferences\/?conf=afls2018\">https:\/\/easychair.org\/conferences\/?conf=afls2018<\/a><\/p>","protected":false},"excerpt":{"rendered":"<p>MODALITES DE SOUMISSION\u00a0ET D\u2019EVALUATION : Suite \u00e0 de nombreuses demandes, en cette p\u00e9riode d&rsquo;ann\u00e9e tr\u00e8s charg\u00e9e, le comit\u00e9 d&rsquo;organisation a d\u00e9cid\u00e9 de prolonger la date limite de d\u00e9p\u00f4t\u00a0jusqu&rsquo;au 31 janvier 2018. L\u2019\u00e9dition 2018 portera sur la th\u00e9matique\u00a0\u00abLangue fran\u00e7aise : mise au point sur ses usages et ses utilisateurs\u00bb. \u00a0Vous trouverez tous les d\u00e9tails dans l&rsquo;appel [&hellip;]<\/p>\n","protected":false},"author":1,"featured_media":0,"parent":0,"menu_order":3,"comment_status":"closed","ping_status":"closed","template":"","meta":{"footnotes":""},"class_list":["post-92","page","type-page","status-publish","hentry","post-preview"],"_links":{"self":[{"href":"https:\/\/blogs.univ-tlse2.fr\/afls2018\/wp-json\/wp\/v2\/pages\/92","targetHints":{"allow":["GET"]}}],"collection":[{"href":"https:\/\/blogs.univ-tlse2.fr\/afls2018\/wp-json\/wp\/v2\/pages"}],"about":[{"href":"https:\/\/blogs.univ-tlse2.fr\/afls2018\/wp-json\/wp\/v2\/types\/page"}],"author":[{"embeddable":true,"href":"https:\/\/blogs.univ-tlse2.fr\/afls2018\/wp-json\/wp\/v2\/users\/1"}],"replies":[{"embeddable":true,"href":"https:\/\/blogs.univ-tlse2.fr\/afls2018\/wp-json\/wp\/v2\/comments?post=92"}],"version-history":[{"count":6,"href":"https:\/\/blogs.univ-tlse2.fr\/afls2018\/wp-json\/wp\/v2\/pages\/92\/revisions"}],"predecessor-version":[{"id":151,"href":"https:\/\/blogs.univ-tlse2.fr\/afls2018\/wp-json\/wp\/v2\/pages\/92\/revisions\/151"}],"wp:attachment":[{"href":"https:\/\/blogs.univ-tlse2.fr\/afls2018\/wp-json\/wp\/v2\/media?parent=92"}],"curies":[{"name":"wp","href":"https:\/\/api.w.org\/{rel}","templated":true}]}}