 {"id":94,"date":"2018-01-22T16:09:05","date_gmt":"2018-01-22T15:09:05","guid":{"rendered":"https:\/\/blogs.univ-tlse2.fr\/afls2018\/?page_id=94"},"modified":"2018-05-03T12:22:42","modified_gmt":"2018-05-03T10:22:42","slug":"inscription","status":"publish","type":"page","link":"https:\/\/blogs.univ-tlse2.fr\/afls2018\/inscription\/","title":{"rendered":"Inscription"},"content":{"rendered":"<p>Chers conf\u00e9renciers, ch\u00e8res conf\u00e9renci\u00e8res,<\/p>\n<p>Voici les frais d&rsquo;inscription :<br \/>\n<strong>Inscriptions anticip\u00e9es : du 20 avril au 20 mai 2018 <\/strong> (<em>Early bird<\/em>)<br \/>\n&#8211; <strong>Plein tarif, avec adh\u00e9sion \u00e0 l&rsquo;AFLS : 200 Euros<\/strong> (avec justificatif d&rsquo;adh\u00e9sion)<br \/>\n&#8211; <strong>Plein tarif, sans adh\u00e9sion \u00e0 l&rsquo;AFLS : 230 Euros<\/strong><br \/>\n&#8211; <strong>Tarif r\u00e9duit, avec adh\u00e9sion \u00e0 l&rsquo;AFLS : 120 Euros<\/strong> (Etudiant avec copie de la carte d&rsquo;\u00e9tudiant + justificatif d&rsquo;adh\u00e9sion \u00e0 l&rsquo;AFLS)<br \/>\n&#8211; <strong>Tarif r\u00e9duit, sans adh\u00e9sion \u00e0 l&rsquo;AFLS : 150 Euros<\/strong> (Etudiant avec copie de la carte d&rsquo;\u00e9tudiant)<\/p>\n<p><strong>Frais d&rsquo;inscriptions tardives : du 21 mai au 20 juin 2018<\/strong><br \/>\n&#8211; <strong>Plein tarif : 280 Euros<\/strong><br \/>\n&#8211; <strong>Tarif r\u00e9duit : 180 Euros<\/strong> (Etudiant avec copie de la carte d&rsquo;\u00e9tudiant)<\/p>\n<p>Les frais de conf\u00e9rence comprennent les pauses caf\u00e9, les d\u00e9jeuners et un cocktail de bienvenue. Veuillez noter que les frais d&rsquo;inscription doivent \u00eatre pay\u00e9s par tous les co-auteurs pr\u00e9sents au colloque.<\/p>\n<p>&#8211; <strong>Repas de gala : 60 Euros<\/strong>. Ce tarif comprend le diner, la navigation en p\u00e9niche sur le Canal du Midi et une soir\u00e9e musicale.<\/p>\n<p>Aussi, nous vous proposons une visite guid\u00e9e \u00e0 pied du centre-ville soit le mercredi apr\u00e8s-midi, soit le vendredi apr\u00e8s-midi (environ 2 heures).<\/p>\n<p>Profitez de votre inscription \u00e0 cette \u00e9dition de l&rsquo;AFLS pour adh\u00e9rer \u00e0 l&rsquo;Association, vous\u00a0profiterez d&rsquo;un tarif pr\u00e9f\u00e9rentiel \u00e0 la conf\u00e9rence annuelle,\u00a0et votre adh\u00e9sion vous apportera un certain nombre de privil\u00e8ges :<\/p>\n<ul>\n<li>le Journal of French Language Studies (JFLS),<\/li>\n<li>l\u2019acc\u00e8s aux Cahiers qui contiennent des nouvelles de l\u2019association et des articles \u00e9valu\u00e9s par un comit\u00e9 scientifique,<\/li>\n<li>la possibilit\u00e9 de prendre part \u00e0 des projets de recherche et d\u2019\u00e9changer des informations de recherche,<\/li>\n<li>b\u00e9n\u00e9ficier d\u2019une relecture d\u2019un article en anglais avec AFLS Tandem,<\/li>\n<li>\u2026 et aux ateliers r\u00e9guli\u00e8rement organis\u00e9s par nos membres,<\/li>\n<li>l\u2019acc\u00e8s \u00e0 la liste \u00e9lectronique AFLS-NEWS,<\/li>\n<li>des nouvelles des derniers d\u00e9veloppements dans la recherche et l\u2019enseignement de la langue men\u00e9s dans d\u2019autres institutions et d\u2019autres pays.<\/li>\n<\/ul>\n<p>Plus de d\u00e9tails sur l&rsquo;adh\u00e9sion sont disponibles sur <a href=\"http:\/\/afls.net\/fr\/join-afls\/\">le site de l&rsquo;AFLS<\/a><\/p>\n<p>&nbsp;<\/p>\n<p><a href=\"https:\/\/www.weezevent.com\/widget_billeterie.php?id_evenement=337380&amp;lg_billetterie=1&amp;code=57821&amp;width_auto=1&amp;color_primary=00AEEF\"><img decoding=\"async\" src=\"https:\/\/www.weezevent.com\/images\/statique\/bt_inscription_blk_fr.png\" alt=\"Inscription en ligne\" \/><\/a><\/p>\n<p>&nbsp;<\/p>\n<p>Contact :<br \/>\n<strong>In\u00e8s Saddour<\/strong> in&#101;&#x73;&#x2e;&#x73;&#x61;dd&#111;&#117;&#x72;&#x40;&#x75;niv&#45;&#x74;&#x6c;&#x73;e2&#46;&#102;&#x72; ou <strong>Cecilia Gunnarsson<\/strong> &#103;&#x75;n&#x6e;a&#x72;s&#64;&#x75;n&#x69;v&#x2d;t&#108;&#x73;e&#x32;&#46;&#x66;r<\/p>","protected":false},"excerpt":{"rendered":"<p>Chers conf\u00e9renciers, ch\u00e8res conf\u00e9renci\u00e8res, Voici les frais d&rsquo;inscription : Inscriptions anticip\u00e9es : du 20 avril au 20 mai 2018 (Early bird) &#8211; Plein tarif, avec adh\u00e9sion \u00e0 l&rsquo;AFLS : 200 Euros (avec justificatif d&rsquo;adh\u00e9sion) &#8211; Plein tarif, sans adh\u00e9sion \u00e0 l&rsquo;AFLS : 230 Euros &#8211; Tarif r\u00e9duit, avec adh\u00e9sion \u00e0 l&rsquo;AFLS : 120 Euros (Etudiant [&hellip;]<\/p>\n","protected":false},"author":1,"featured_media":0,"parent":0,"menu_order":4,"comment_status":"closed","ping_status":"closed","template":"","meta":{"footnotes":""},"class_list":["post-94","page","type-page","status-publish","hentry","post-preview"],"_links":{"self":[{"href":"https:\/\/blogs.univ-tlse2.fr\/afls2018\/wp-json\/wp\/v2\/pages\/94","targetHints":{"allow":["GET"]}}],"collection":[{"href":"https:\/\/blogs.univ-tlse2.fr\/afls2018\/wp-json\/wp\/v2\/pages"}],"about":[{"href":"https:\/\/blogs.univ-tlse2.fr\/afls2018\/wp-json\/wp\/v2\/types\/page"}],"author":[{"embeddable":true,"href":"https:\/\/blogs.univ-tlse2.fr\/afls2018\/wp-json\/wp\/v2\/users\/1"}],"replies":[{"embeddable":true,"href":"https:\/\/blogs.univ-tlse2.fr\/afls2018\/wp-json\/wp\/v2\/comments?post=94"}],"version-history":[{"count":23,"href":"https:\/\/blogs.univ-tlse2.fr\/afls2018\/wp-json\/wp\/v2\/pages\/94\/revisions"}],"predecessor-version":[{"id":219,"href":"https:\/\/blogs.univ-tlse2.fr\/afls2018\/wp-json\/wp\/v2\/pages\/94\/revisions\/219"}],"wp:attachment":[{"href":"https:\/\/blogs.univ-tlse2.fr\/afls2018\/wp-json\/wp\/v2\/media?parent=94"}],"curies":[{"name":"wp","href":"https:\/\/api.w.org\/{rel}","templated":true}]}}