 {"id":96,"date":"2018-01-22T16:09:32","date_gmt":"2018-01-22T15:09:32","guid":{"rendered":"https:\/\/blogs.univ-tlse2.fr\/afls2018\/?page_id=96"},"modified":"2018-05-06T18:42:16","modified_gmt":"2018-05-06T16:42:16","slug":"informations-pratiques","status":"publish","type":"page","link":"https:\/\/blogs.univ-tlse2.fr\/afls2018\/en\/informations-pratiques\/","title":{"rendered":"Practical"},"content":{"rendered":"<p><strong>IMPORTANT DATES<\/strong><br \/>\nEarly birds registration: <strong>from<\/strong> <strong>April 20<sup>th<\/sup> to May 20<sup>th<\/sup> 2018<\/strong><\/p>\n<p>Registration: <strong>from May 21<sup>st<\/sup> 2018<\/strong><\/p>\n<p>&nbsp;<\/p>\n<p><strong>TOULOUSE<\/strong><\/p>\n<p>Toulouse is the capital of the Occitanie region and also the most dynamic metropolis in southwestern France.<\/p>\n<p>-&gt; 4th most populous town in France:<\/p>\n<p>The city of Toulouse has 440,204 inhabitants (1.2 million inhabitants including the suburbs ).<\/p>\n<p>No. 1 in Europe and No. 2 in the world in the field of the aviation industry<br \/>\nNo. 1 in Europe in the space industry<br \/>\nN \u00b0 1 in France in the field of embedded electronic systems<\/p>\n<p>Toulouse welcomes more than 10,000 newcomers each year.<\/p>\n<p>-&gt; 2nd university city of France:<\/p>\n<p>Toulouse has 110,000 students in 3 universities, 4 engineering schools and 14 colleges. Each year are awarded 8, 000 degrees. It is a particularly lively and dynamic city.<\/p>\n<p>-&gt; A privileged city, ideally located on the axis of communication between the Mediterranean Sea and the Atlantic Ocean: 150 km from the Mediterranean Sea, 250 km from the Atlantic Ocean, 110 km from the ski resorts of the Pyrenees.<\/p>\n<p>Interactive map of Toulouse: https:\/\/www.plan.toulouse.fr\/<\/p>\n<p>Tourist Office of Toulouse: http:\/\/www.toulouse-tourisme.com\/<\/p>\n<p>Region Occitania Pyrenees Mediterranean: http:\/\/www.laregion.fr\/<\/p>\n<p>&nbsp;<\/p>\n<p><strong>TRAVEL TO TOULOUSE<\/strong><\/p>\n<p><strong>By plane<\/strong><\/p>\n<p>Paris-Toulouse: more than one flight per hour, a daily flight connects Paris to Toulouse in 1 hour and 10 minutes every 30 minutes.<br \/>\n38 scheduled flights, including 24 international flights (20 in Europe).<br \/>\n16 daily flights between Toulouse and the main provincial towns.<br \/>\n20 daily flights between Toulouse and the main European capitals.<br \/>\nAnd many other international flights &#8230;<\/p>\n<p>Toulouse Blagnac International Airport is located 8 km north-west of Toulouse and 15 minutes from downtown (tel: 0825 380 000).<br \/>\nThe site of the Toulouse airport: http:\/\/www.toulouse.aeroport.fr<br \/>\nDetails on all direct destinations can be found at: http:\/\/www.toulouse.aeroport.fr\/passagers\/vols-destinations\/destinations<br \/>\nA shuttle departs every 20 minutes from the airport to the city center, with four stops in the city center: the Pierre Baudis congress center (Compans Caffarelli stop) &#8211; the Jeanne d&#8217;Arc square &#8211; All\u00e9es Jean-Jaur\u00e8s &#8211; and the bus station (next to the train station Matabiau SNCF). You can also take the tram to &#8216;Ar\u00e8nes&#8217; and then take the metro.<br \/>\nFor more information: http:\/\/www.toulouse.aeroport.fr\/passagers\/acces-parking\/transports\/transports-en-commun<\/p>\n<p><strong>By train<\/strong><\/p>\n<p>The Toulouse-Matabiau SNCF station is located in the city center and is connected to the metro station Marengo-SNCF. It is about 15 minutes by subway from the university.<\/p>\n<p>Toulouse is 5 hours and 30 minutes from Paris by TGV, 2 hours from Montpellier and 2 hours from Bordeaux.<\/p>\n<p>SNCF information: Tel. 08 36 35 35 35<\/p>\n<p>If you wish to book a SNCF train ticket from abroad: Tel. 00 33 8 92 35 35 35<\/p>\n<p>http:\/\/www.sncf.com\/<\/p>\n<p><strong>By car<\/strong><\/p>\n<p>Toulouse is in direct motorway connection with the main capitals of Northern and Southern Europe.<\/p>\n<p>A61 (Carcassonne, Montpellier, Barcelona),<br \/>\nA62 (Montauban, Agen, Bordeaux, Limoges, Paris),<br \/>\nA64 (Foix, Lourdes, Bayonne, San Sebastian), A68 (Lavaur, Albi),<br \/>\nA66 (Pamiers, Foix, Andorra).<br \/>\nSouthern France Motorway: Tel. 08 36 68 09 79<\/p>\n<p>Southwestern Traffic Information Center: Tel. 05 56 96 33 33<\/p>","protected":false},"excerpt":{"rendered":"<p>IMPORTANT DATES Early birds registration: from April 20th to May 20th 2018 Registration: from May 21st 2018 &nbsp; TOULOUSE Toulouse is the capital of the Occitanie region and also the most dynamic metropolis in southwestern France. -&gt; 4th most populous town in France: The city of Toulouse has 440,204 inhabitants (1.2 million inhabitants including the [&hellip;]<\/p>\n","protected":false},"author":1,"featured_media":0,"parent":0,"menu_order":5,"comment_status":"closed","ping_status":"closed","template":"","meta":{"footnotes":""},"class_list":["post-96","page","type-page","status-publish","hentry","post-preview"],"_links":{"self":[{"href":"https:\/\/blogs.univ-tlse2.fr\/afls2018\/en\/wp-json\/wp\/v2\/pages\/96","targetHints":{"allow":["GET"]}}],"collection":[{"href":"https:\/\/blogs.univ-tlse2.fr\/afls2018\/en\/wp-json\/wp\/v2\/pages"}],"about":[{"href":"https:\/\/blogs.univ-tlse2.fr\/afls2018\/en\/wp-json\/wp\/v2\/types\/page"}],"author":[{"embeddable":true,"href":"https:\/\/blogs.univ-tlse2.fr\/afls2018\/en\/wp-json\/wp\/v2\/users\/1"}],"replies":[{"embeddable":true,"href":"https:\/\/blogs.univ-tlse2.fr\/afls2018\/en\/wp-json\/wp\/v2\/comments?post=96"}],"version-history":[{"count":18,"href":"https:\/\/blogs.univ-tlse2.fr\/afls2018\/en\/wp-json\/wp\/v2\/pages\/96\/revisions"}],"predecessor-version":[{"id":261,"href":"https:\/\/blogs.univ-tlse2.fr\/afls2018\/en\/wp-json\/wp\/v2\/pages\/96\/revisions\/261"}],"wp:attachment":[{"href":"https:\/\/blogs.univ-tlse2.fr\/afls2018\/en\/wp-json\/wp\/v2\/media?parent=96"}],"curies":[{"name":"wp","href":"https:\/\/api.w.org\/{rel}","templated":true}]}}