 {"id":115,"date":"2017-06-19T15:16:19","date_gmt":"2017-06-19T13:16:19","guid":{"rendered":"https:\/\/blogs.univ-tlse2.fr\/agriurba2017\/?page_id=115"},"modified":"2018-06-11T08:02:44","modified_gmt":"2018-06-11T06:02:44","slug":"actualite-ua-ete-2017","status":"publish","type":"page","link":"https:\/\/blogs.univ-tlse2.fr\/agriurba2017\/actualite-ua-ete-2017\/","title":{"rendered":"Le projet POC"},"content":{"rendered":"<p>Bonjour \u00e0 tous,<\/p>\n<p>Si vous avez des poules dans votre jardins, participez au projet de sciences participatives : \u00ab\u00a0<b>La sant\u00e9 des poules en Occitanie : POC\u00a0\u00bb d\u00e9crit dans ce bref expos\u00e9 :<br \/>\n<\/b><\/p>\n<p><a href=\"https:\/\/blogs.univ-tlse2.fr\/agriurba2017\/files\/2018\/06\/POC-Juin2018.pdf\">POC-Juin2018<\/a><\/p>\n<p>Vous participerez ainsi avec les chercheurs \u00e0 une meilleure connaissance des facteurs importants pour la sant\u00e9 de vos poules et la pr\u00e9vention des maladies, vous ferrez partie de la communaut\u00e9 du projet POC qui pourra \u00e9changer durant 3 ans sur ce sujet de la sant\u00e9 des poules en Occitanie.<\/p>\n<p>Ce projet est port\u00e9 par l\u2019\u00c9cole v\u00e9t\u00e9rinaire de Toulouse (ENVT), pilot\u00e9 par <b>Marie Souvestre, v\u00e9t\u00e9rinaire, Doctorante au laboratoire (<\/b><b>Ecole Nationale V\u00e9t\u00e9rinaire de Toulouse &#8211; INRA)<br \/>\n<\/b><\/p>\n<p>En collaboration avec le laboratoire CERTOP (CNRS, UPS, UT2J) et le R\u00e9seau-Agriville.<\/p>\n<p>Le questionnaire est en ligne : http:\/\/bit.ly\/poulepoc<\/p>\n<p>MERCI \u00e0 tous de travailler avec nous sur ce sujet de la sant\u00e9 des poules en Occitanie !<\/p>\n<p>Les chercheurs du projet POC<\/p>\n<p>&nbsp;<\/p>\n<p>&nbsp;<\/p>\n<p>&nbsp;<\/p>\n<p>&nbsp;<\/p>\n<p>&nbsp;<\/p>\n","protected":false},"excerpt":{"rendered":"<p>Bonjour \u00e0 tous, Si vous avez des poules dans votre jardins, participez au projet de sciences participatives : \u00ab\u00a0La sant\u00e9 des poules en Occitanie : POC\u00a0\u00bb d\u00e9crit dans ce bref expos\u00e9 : POC-Juin2018 Vous participerez ainsi avec les chercheurs \u00e0 une meilleure connaissance des facteurs importants pour la sant\u00e9 de vos poules et la pr\u00e9vention &hellip; <a href=\"https:\/\/blogs.univ-tlse2.fr\/agriurba2017\/actualite-ua-ete-2017\/\" class=\"more-link\">Continuer la lecture de <span class=\"screen-reader-text\">Le projet POC<\/span>  <span class=\"meta-nav\">&rarr;<\/span><\/a><\/p>\n","protected":false},"author":395,"featured_media":0,"parent":0,"menu_order":0,"comment_status":"closed","ping_status":"closed","template":"","meta":{"footnotes":""},"class_list":["post-115","page","type-page","status-publish","hentry"],"_links":{"self":[{"href":"https:\/\/blogs.univ-tlse2.fr\/agriurba2017\/wp-json\/wp\/v2\/pages\/115","targetHints":{"allow":["GET"]}}],"collection":[{"href":"https:\/\/blogs.univ-tlse2.fr\/agriurba2017\/wp-json\/wp\/v2\/pages"}],"about":[{"href":"https:\/\/blogs.univ-tlse2.fr\/agriurba2017\/wp-json\/wp\/v2\/types\/page"}],"author":[{"embeddable":true,"href":"https:\/\/blogs.univ-tlse2.fr\/agriurba2017\/wp-json\/wp\/v2\/users\/395"}],"replies":[{"embeddable":true,"href":"https:\/\/blogs.univ-tlse2.fr\/agriurba2017\/wp-json\/wp\/v2\/comments?post=115"}],"version-history":[{"count":4,"href":"https:\/\/blogs.univ-tlse2.fr\/agriurba2017\/wp-json\/wp\/v2\/pages\/115\/revisions"}],"predecessor-version":[{"id":142,"href":"https:\/\/blogs.univ-tlse2.fr\/agriurba2017\/wp-json\/wp\/v2\/pages\/115\/revisions\/142"}],"wp:attachment":[{"href":"https:\/\/blogs.univ-tlse2.fr\/agriurba2017\/wp-json\/wp\/v2\/media?parent=115"}],"curies":[{"name":"wp","href":"https:\/\/api.w.org\/{rel}","templated":true}]}}