 {"id":84,"date":"2017-06-03T01:04:46","date_gmt":"2017-06-02T23:04:46","guid":{"rendered":"https:\/\/blogs.univ-tlse2.fr\/agriurba2017\/?page_id=84"},"modified":"2017-06-07T00:05:32","modified_gmt":"2017-06-06T22:05:32","slug":"ressources-du-colloque-accessibles-a-tous-actes-ressources-lsf-et-plus","status":"publish","type":"page","link":"https:\/\/blogs.univ-tlse2.fr\/agriurba2017\/ressources-du-colloque-accessibles-a-tous-actes-ressources-lsf-et-plus\/","title":{"rendered":"Ressources du colloque accessibles \u00e0 tous : Actes, ressources LSF et plus&#8230;"},"content":{"rendered":"<p>Bonjour \u00e0 tous,<\/p>\n<p>Voici les r\u00e9sum\u00e9s du colloque pour les expos\u00e9s et posters (en date du 3 juin 2017), regroup\u00e9s en 3 tomes: (S1&amp;S2), (S3&amp;S4) et (S5&amp;S6).<\/p>\n<p><a href=\"https:\/\/blogs.univ-tlse2.fr\/agriurba2017\/files\/2017\/02\/UA17-S1S2.pdf\">UA17-S1&amp;S2<\/a><\/p>\n<p><a href=\"https:\/\/blogs.univ-tlse2.fr\/agriurba2017\/files\/2017\/02\/UA17-S3S4-1.pdf\">UA17-S3&amp;S4<\/a><\/p>\n<p><a href=\"https:\/\/blogs.univ-tlse2.fr\/agriurba2017\/files\/2017\/02\/UA17-S5S6.pdf\">UA17-S5&amp;S6<\/a><\/p>\n<p>Par la suite notre objectif est de vous faire partager aussi largement les posters (OATAO), les actes, des films&#8230;<\/p>\n<p>Vous aussi, pourrez nous faire partager vos informations, ressources, etc. en utilisant le R\u00e9seau-Agriville.<\/p>\n<p>&#8212;&#8212;&#8212;&#8212;&#8212;&#8212;&#8212;&#8212;&#8212;&#8212;&#8212;&#8212;&#8212;&#8212;&#8212;&#8212;&#8212;&#8212;&#8212;&#8212;&#8212;&#8212;&#8212;&#8212;&#8212;&#8212;&#8212;&#8212;&#8212;&#8212;&#8212;&#8212;&#8212;&#8212;&#8212;&#8212;&#8212;&#8212;&#8212;&#8212;&#8212;&#8212;&#8212;&#8212;&#8212;&#8212;&#8212;&#8212;&#8212;&#8212;&#8212;&#8212;&#8212;&#8212;&#8212;&#8212;&#8211;<\/p>\n<p>Des ressources en LSF<\/p>\n<p>Une collaboration entre l&rsquo;association R\u00e9seau-Agriville, l&rsquo;axe transition \u00e9cologique du CERTOP, l&rsquo;INSA est \u00e0 l&rsquo;origine de la cr\u00e9ation de ressources p\u00e9dagogiques en LSF gr\u00e2ce aux comp\u00e9tences de M. Saucian jeune \u00e9tudiante ing\u00e9nieure de l&rsquo;INP-ENSAT sourde.<\/p>\n<p><img loading=\"lazy\" decoding=\"async\" class=\"alignnone size-medium wp-image-87\" src=\"https:\/\/blogs.univ-tlse2.fr\/agriurba2017\/files\/2017\/06\/education-1651251_1280-300x212.jpg\" alt=\"\" width=\"300\" height=\"212\" srcset=\"https:\/\/blogs.univ-tlse2.fr\/agriurba2017\/files\/2017\/06\/education-1651251_1280-300x212.jpg 300w, https:\/\/blogs.univ-tlse2.fr\/agriurba2017\/files\/2017\/06\/education-1651251_1280-768x542.jpg 768w, https:\/\/blogs.univ-tlse2.fr\/agriurba2017\/files\/2017\/06\/education-1651251_1280-1024x722.jpg 1024w, https:\/\/blogs.univ-tlse2.fr\/agriurba2017\/files\/2017\/06\/education-1651251_1280.jpg 1280w\" sizes=\"auto, (max-width: 300px) 100vw, 300px\" \/><\/p>\n<p>Les ressources cr\u00e9\u00e9es sont: (i) un glossaire sur l&rsquo;agriculture urbaine en LSF; des films concernant l&rsquo;agriculture urbaine : jardins de Monlong ou clinique Pasteur<\/p>\n<p>Un projet de MOOC sourds &amp; entendant, GET-CERTOP est port\u00e9 par L. Laffont du laboratoire GET.<\/p>\n<p>Les contacts: Laure Laffont &lt;&#x6c;au&#x72;e&#46;&#x6c;af&#x66;on&#x74;&#64;G&#x65;t&#46;&#x6f;&#109;p&#x2e;&#101;u&gt;;\u00a0\u00a0\u00a0\u00a0\u00a0\u00a0\u00a0\u00a0\u00a0\u00a0\u00a0\u00a0\u00a0\u00a0\u00a0\u00a0 Ma\u00eb &lt;&#x6d;a&#x65;l&#x79;&#115;&#x2e;&#x73;a&#x75;c&#x69;&#97;&#x6e;&#64;g&#x6d;a&#x69;&#108;&#x2e;&#99;o&#x6d;&gt;, c&#x61;&#x6d;i&#108;&#x6c;e&#46;&#x64;&#x75;m&#97;&#x74;&#64;e&#x6e;&#x73;a&#116;&#x2e;fr<\/p>\n<p>Une petite communaut\u00e9 s&rsquo;est form\u00e9e pour d\u00e9velopper des ressources LSF<\/p>\n<p>Consulter la Plateforme Ocelles de l&rsquo;INS HEA (Ex-Cnefei), http:\/\/www.inshea.fr<\/p>\n<p>Institut\u00a0 National\u00a0\u00a0 Sup. de\u00a0\u00a0 Formation\u00a0 et\u00a0 de\u00a0\u00a0 Recherche pour l&rsquo;\u00c9ducation\u00a0 des Jeunes\u00a0 Handicap\u00e9s\u00a0\u00a0 et\u00a0 Enseignements Adapt\u00e9s<\/p>\n<p>Education inclusive &amp; intelligence collective : tout un programme !<\/p>\n<p>&nbsp;<\/p>\n<p>&nbsp;<\/p>\n","protected":false},"excerpt":{"rendered":"<p>Bonjour \u00e0 tous, Voici les r\u00e9sum\u00e9s du colloque pour les expos\u00e9s et posters (en date du 3 juin 2017), regroup\u00e9s en 3 tomes: (S1&amp;S2), (S3&amp;S4) et (S5&amp;S6). UA17-S1&amp;S2 UA17-S3&amp;S4 UA17-S5&amp;S6 Par la suite notre objectif est de vous faire partager aussi largement les posters (OATAO), les actes, des films&#8230; Vous aussi, pourrez nous faire partager &hellip; <a href=\"https:\/\/blogs.univ-tlse2.fr\/agriurba2017\/ressources-du-colloque-accessibles-a-tous-actes-ressources-lsf-et-plus\/\" class=\"more-link\">Continuer la lecture de <span class=\"screen-reader-text\">Ressources du colloque accessibles \u00e0 tous : Actes, ressources LSF et plus&#8230;<\/span>  <span class=\"meta-nav\">&rarr;<\/span><\/a><\/p>\n","protected":false},"author":395,"featured_media":0,"parent":0,"menu_order":0,"comment_status":"closed","ping_status":"closed","template":"","meta":{"footnotes":""},"class_list":["post-84","page","type-page","status-publish","hentry"],"_links":{"self":[{"href":"https:\/\/blogs.univ-tlse2.fr\/agriurba2017\/wp-json\/wp\/v2\/pages\/84","targetHints":{"allow":["GET"]}}],"collection":[{"href":"https:\/\/blogs.univ-tlse2.fr\/agriurba2017\/wp-json\/wp\/v2\/pages"}],"about":[{"href":"https:\/\/blogs.univ-tlse2.fr\/agriurba2017\/wp-json\/wp\/v2\/types\/page"}],"author":[{"embeddable":true,"href":"https:\/\/blogs.univ-tlse2.fr\/agriurba2017\/wp-json\/wp\/v2\/users\/395"}],"replies":[{"embeddable":true,"href":"https:\/\/blogs.univ-tlse2.fr\/agriurba2017\/wp-json\/wp\/v2\/comments?post=84"}],"version-history":[{"count":3,"href":"https:\/\/blogs.univ-tlse2.fr\/agriurba2017\/wp-json\/wp\/v2\/pages\/84\/revisions"}],"predecessor-version":[{"id":88,"href":"https:\/\/blogs.univ-tlse2.fr\/agriurba2017\/wp-json\/wp\/v2\/pages\/84\/revisions\/88"}],"wp:attachment":[{"href":"https:\/\/blogs.univ-tlse2.fr\/agriurba2017\/wp-json\/wp\/v2\/media?parent=84"}],"curies":[{"name":"wp","href":"https:\/\/api.w.org\/{rel}","templated":true}]}}