 {"id":93,"date":"2017-06-07T00:17:36","date_gmt":"2017-06-06T22:17:36","guid":{"rendered":"https:\/\/blogs.univ-tlse2.fr\/agriurba2017\/?page_id=93"},"modified":"2017-06-14T10:53:54","modified_gmt":"2017-06-14T08:53:54","slug":"des-photos-du-colloque","status":"publish","type":"page","link":"https:\/\/blogs.univ-tlse2.fr\/agriurba2017\/des-photos-du-colloque\/","title":{"rendered":"Synth\u00e8se du colloque et PERSPECTIVES !"},"content":{"rendered":"<p>Bonjour \u00e0 tous,<\/p>\n<p>voici\u00a0 ci-dessous une synth\u00e8se des 4 jours de colloque avec \u00e9galement quelques photographies de certains grands moments.<\/p>\n<p><a href=\"https:\/\/blogs.univ-tlse2.fr\/agriurba2017\/files\/2017\/06\/UAET-2017-Dumat-1.pdf\">UA&amp;ET-2017-Dumat<\/a><\/p>\n<p><a href=\"https:\/\/blogs.univ-tlse2.fr\/agriurba2017\/files\/2017\/06\/PHOTOS-Colloque-1.pdf\">PHOTOS-Colloque<\/a><\/p>\n<p>Perspectives nombreuses \u00e0 suivre sur le blog !<\/p>\n<p>A noter des prochains rdv :<\/p>\n<p><a href=\"https:\/\/blogs.univ-tlse2.fr\/agriurba2017\/files\/2017\/06\/UGT-Paris.docx\">UGT-Paris<\/a><\/p>\n<p><a href=\"https:\/\/blogs.univ-tlse2.fr\/agriurba2017\/files\/2017\/06\/ColloqueChangementsTransitions-ESPE.pdf\">ColloqueChangementsTransitions-ESPE<\/a><\/p>\n<p>Un grand MERCI \u00e0 tous les participants, au CPRS de l&rsquo;UT2J, \u00e0 l&rsquo;INPT, l&rsquo;ENFEA, l&rsquo;Ademe, la R\u00e9gion Occitanie, etc., etc&#8230;<\/p>\n<p>******************************************************************<\/p>\n<p>A la Mairie de Toulouse, une tr\u00e8s belle c\u00e9r\u00e9monie organis\u00e9e dans la salle des Illustres en pr\u00e9sence de Mme Martine Susset, conseill\u00e8re d\u00e9l\u00e9gu\u00e9e \u00e0 l&rsquo;Environnement qui a prononc\u00e9 un discours tr\u00e8s argument\u00e9 et passionnant sur la dynamique de l&rsquo;agriculture urbaine dans notre R\u00e9gion.<\/p>\n<p>Ce discours tr\u00e8s appr\u00e9ci\u00e9 du public (chercheurs du monde entier, \u00e9tudiants de l&rsquo;Universit\u00e9 de Toulouse, associations&#8230;) sera inclus dans les actes du colloque UA&amp;ET.<\/p>\n<p><img loading=\"lazy\" decoding=\"async\" class=\"alignnone size-medium wp-image-97\" src=\"https:\/\/blogs.univ-tlse2.fr\/agriurba2017\/files\/2017\/06\/20170606_184429-300x169.jpg\" alt=\"\" width=\"300\" height=\"169\" srcset=\"https:\/\/blogs.univ-tlse2.fr\/agriurba2017\/files\/2017\/06\/20170606_184429-300x169.jpg 300w, https:\/\/blogs.univ-tlse2.fr\/agriurba2017\/files\/2017\/06\/20170606_184429-768x432.jpg 768w, https:\/\/blogs.univ-tlse2.fr\/agriurba2017\/files\/2017\/06\/20170606_184429-1024x576.jpg 1024w\" sizes=\"auto, (max-width: 300px) 100vw, 300px\" \/><\/p>\n<p><img loading=\"lazy\" decoding=\"async\" class=\"alignnone size-medium wp-image-94\" src=\"https:\/\/blogs.univ-tlse2.fr\/agriurba2017\/files\/2017\/06\/Mairie-6Juin-A-300x169.jpg\" alt=\"\" width=\"300\" height=\"169\" srcset=\"https:\/\/blogs.univ-tlse2.fr\/agriurba2017\/files\/2017\/06\/Mairie-6Juin-A-300x169.jpg 300w, https:\/\/blogs.univ-tlse2.fr\/agriurba2017\/files\/2017\/06\/Mairie-6Juin-A-768x432.jpg 768w, https:\/\/blogs.univ-tlse2.fr\/agriurba2017\/files\/2017\/06\/Mairie-6Juin-A-1024x576.jpg 1024w\" sizes=\"auto, (max-width: 300px) 100vw, 300px\" \/> <img loading=\"lazy\" decoding=\"async\" class=\"alignnone size-medium wp-image-96\" src=\"https:\/\/blogs.univ-tlse2.fr\/agriurba2017\/files\/2017\/06\/Mairie-6juin-C-300x169.jpg\" alt=\"\" width=\"300\" height=\"169\" srcset=\"https:\/\/blogs.univ-tlse2.fr\/agriurba2017\/files\/2017\/06\/Mairie-6juin-C-300x169.jpg 300w, https:\/\/blogs.univ-tlse2.fr\/agriurba2017\/files\/2017\/06\/Mairie-6juin-C-768x432.jpg 768w, https:\/\/blogs.univ-tlse2.fr\/agriurba2017\/files\/2017\/06\/Mairie-6juin-C-1024x576.jpg 1024w\" sizes=\"auto, (max-width: 300px) 100vw, 300px\" \/><\/p>\n","protected":false},"excerpt":{"rendered":"<p>Bonjour \u00e0 tous, voici\u00a0 ci-dessous une synth\u00e8se des 4 jours de colloque avec \u00e9galement quelques photographies de certains grands moments. UA&amp;ET-2017-Dumat PHOTOS-Colloque Perspectives nombreuses \u00e0 suivre sur le blog ! A noter des prochains rdv : UGT-Paris ColloqueChangementsTransitions-ESPE Un grand MERCI \u00e0 tous les participants, au CPRS de l&rsquo;UT2J, \u00e0 l&rsquo;INPT, l&rsquo;ENFEA, l&rsquo;Ademe, la R\u00e9gion &hellip; <a href=\"https:\/\/blogs.univ-tlse2.fr\/agriurba2017\/des-photos-du-colloque\/\" class=\"more-link\">Continuer la lecture de <span class=\"screen-reader-text\">Synth\u00e8se du colloque et PERSPECTIVES !<\/span>  <span class=\"meta-nav\">&rarr;<\/span><\/a><\/p>\n","protected":false},"author":395,"featured_media":0,"parent":0,"menu_order":0,"comment_status":"closed","ping_status":"closed","template":"","meta":{"footnotes":""},"class_list":["post-93","page","type-page","status-publish","hentry"],"_links":{"self":[{"href":"https:\/\/blogs.univ-tlse2.fr\/agriurba2017\/wp-json\/wp\/v2\/pages\/93","targetHints":{"allow":["GET"]}}],"collection":[{"href":"https:\/\/blogs.univ-tlse2.fr\/agriurba2017\/wp-json\/wp\/v2\/pages"}],"about":[{"href":"https:\/\/blogs.univ-tlse2.fr\/agriurba2017\/wp-json\/wp\/v2\/types\/page"}],"author":[{"embeddable":true,"href":"https:\/\/blogs.univ-tlse2.fr\/agriurba2017\/wp-json\/wp\/v2\/users\/395"}],"replies":[{"embeddable":true,"href":"https:\/\/blogs.univ-tlse2.fr\/agriurba2017\/wp-json\/wp\/v2\/comments?post=93"}],"version-history":[{"count":5,"href":"https:\/\/blogs.univ-tlse2.fr\/agriurba2017\/wp-json\/wp\/v2\/pages\/93\/revisions"}],"predecessor-version":[{"id":105,"href":"https:\/\/blogs.univ-tlse2.fr\/agriurba2017\/wp-json\/wp\/v2\/pages\/93\/revisions\/105"}],"wp:attachment":[{"href":"https:\/\/blogs.univ-tlse2.fr\/agriurba2017\/wp-json\/wp\/v2\/media?parent=93"}],"curies":[{"name":"wp","href":"https:\/\/api.w.org\/{rel}","templated":true}]}}