 {"id":194,"date":"2012-12-30T20:50:54","date_gmt":"2012-12-30T20:50:54","guid":{"rendered":"http:\/\/aieo2014.blog.cat\/?page_id=194"},"modified":"2017-02-11T18:33:08","modified_gmt":"2017-02-11T17:33:08","slug":"presentacion-2","status":"publish","type":"page","link":"https:\/\/blogs.univ-tlse2.fr\/aieo2017\/fr\/","title":{"rendered":"Accueil"},"content":{"rendered":"<p>&nbsp;<\/p>\n<p>Le\u00a0 XII<sup>e<\/sup> Congr\u00e8s de l&rsquo;<a href=\"http:\/\/www.aieo.org\/\">Association Internationale d&rsquo;\u00c9tudes Occitanes<\/a> (A.I.E.O.) se d\u00e9roulera <strong>du lundi 10 juillet au samedi 15 juillet<\/strong> <strong>2017<\/strong> \u00e0 <strong>Albi<\/strong>.<\/p>\n<p>Fond\u00e9e en 1981 \u00e0 Li\u00e8ge (Belgique), l&rsquo;Association Internationale d&rsquo;\u00c9tudes Occitanes (A.I.E.O.) a pour objectif de favoriser et coordonner les recherches scientifiques dans le domaine des \u00e9tudes occitanes. Elle a ainsi pour vocation de rassembler, en dehors de toute doctrine ou tendance, tous ceux qui se consacrent \u00e0 ces recherches dans le monde entier, qu&rsquo;ils soient m\u00e9di\u00e9vistes ou modernistes, linguistes ou litt\u00e9raires, historiens, anthropologues, musicologues\u2026, qu&rsquo;ils envisagent les probl\u00e8mes de la langue et de la litt\u00e9rature d&rsquo;oc en eux-m\u00eames ou dans leurs rapports avec leur environnement culturel et social. L&rsquo;Association est un lieu de rencontre et de dialogue entre des disciplines relevant de l&rsquo;ensemble des sciences humaines et sociales.<\/p>\n<p>Les activit\u00e9s de l&rsquo;A.I.E.O. se d\u00e9veloppent actuellement dans trois directions\u00a0:<\/p>\n<p>&#8211; l&rsquo;organisation de rencontres scientifiques, de r\u00e9unions de travail, et, notamment, depuis 1984, tous les trois ans, d&rsquo;un grand Congr\u00e8s International ;<\/p>\n<p>&#8211; la publication de travaux scientifiques concernant les \u00e9tudes occitanes\u00a0;<\/p>\n<p>&#8211; le regroupement et la diffusion d&rsquo;informations sur les recherches r\u00e9alis\u00e9es ou en cours dans le domaine des \u00e9tudes occitanes.<\/p>\n<p>L&rsquo;Association est dirig\u00e9e par un Conseil d&rsquo;Administration \u00e9lu par l&rsquo;Assembl\u00e9e G\u00e9n\u00e9rale qui cl\u00f4ture chaque congr\u00e8s triennal. Depuis 1981, l\u2019A.I.E.O. a \u00e9t\u00e9 pr\u00e9sid\u00e9e successivement par le Prof. Peter Ricketts (Royaume-Uni, 1981-1990), le Prof. Q.I.M. Mok, (Pays-Bas, 1990-1993), le Prof. Georg Kremnitz (Autriche, 1993-2005), le Prof. Walter Meliga (Italie, 2005-2014).<\/p>\n<p>Elle est actuellement pr\u00e9sid\u00e9e par M<sup>me<\/sup> le Prof. Rosa Medina Granda (Universit\u00e9 d\u2019Oviedo, Espagne).<\/p>\n<p>Depuis la fondation de l\u2019A.I.E.O. en 1981, les Congr\u00e8s ont \u00e9t\u00e9 organis\u00e9s \u00e0<\/p>\n<ul>\n<li><strong>Southampton<\/strong> (Angleterre, 1984). Actes \u00e9dit\u00e9s par Peter Ricketts<\/li>\n<li><strong>Turin<\/strong> (Italie, 1987). Actes \u00e9dit\u00e9s par Giuliano Gasca Queirazza<\/li>\n<li><strong>Montpellier<\/strong> (France, 1990). Actes \u00e9dit\u00e9s par G\u00e9rard Gouiran<\/li>\n<li><strong>Vitoria-Gasteiz<\/strong> (Espagne, 1993). Actes \u00e9dit\u00e9s par Ricardo Cierbide<\/li>\n<li><strong>Toulouse<\/strong> (France, 1996). Actes \u00e9dit\u00e9s par Jacques Gourc et Fran\u00e7ois Pic<\/li>\n<li><strong>Vienne<\/strong> (Autriche, 1999). Actes \u00e9dit\u00e9s par Georg Kremnitz, Barbara Czernilowsky, Peter Cichon et Robert Tanzmeister<\/li>\n<li><strong>Reggio di Calabria et Messine<\/strong> (Italie, 2002). Actes \u00e9dit\u00e9s par Rossana Castano, Saverio Guida et Fortunata Latella<\/li>\n<li><strong>Bordeaux<\/strong> (France, 2005). Actes \u00e9dit\u00e9s par Guy Latry<\/li>\n<li><strong>Aix-la-Chapelle<\/strong> (Allemagne, 2008). Actes \u00e9dit\u00e9s par Angelica Rieger.<\/li>\n<li><strong>B\u00e9ziers<\/strong> (France, 2011). Actes \u00e9dit\u00e9s Carmen Al\u00e9n Garabato, Claire Torreilles et Marie-Jeanne Verny<\/li>\n<li><strong>Lleida<\/strong> (Espagne, 2014). Actes en cours d\u2019\u00e9dition par Aitor Carrera<\/li>\n<\/ul>\n<p><\/p>","protected":false},"excerpt":{"rendered":"<p>&nbsp; Le\u00a0 XIIe Congr\u00e8s de l&rsquo;Association Internationale d&rsquo;\u00c9tudes Occitanes (A.I.E.O.) se d\u00e9roulera du lundi 10 juillet au samedi 15 juillet 2017 \u00e0 Albi. Fond\u00e9e en 1981 \u00e0 Li\u00e8ge (Belgique), l&rsquo;Association Internationale d&rsquo;\u00c9tudes Occitanes (A.I.E.O.) a pour objectif de favoriser et &hellip; <a href=\"https:\/\/blogs.univ-tlse2.fr\/aieo2017\/fr\/\">Continuer la lecture <span class=\"meta-nav\">&rarr;<\/span><\/a><\/p>\n","protected":false},"author":299,"featured_media":0,"parent":0,"menu_order":1,"comment_status":"closed","ping_status":"open","template":"","meta":{"footnotes":""},"class_list":["post-194","page","type-page","status-publish","hentry"],"_links":{"self":[{"href":"https:\/\/blogs.univ-tlse2.fr\/aieo2017\/fr\/wp-json\/wp\/v2\/pages\/194","targetHints":{"allow":["GET"]}}],"collection":[{"href":"https:\/\/blogs.univ-tlse2.fr\/aieo2017\/fr\/wp-json\/wp\/v2\/pages"}],"about":[{"href":"https:\/\/blogs.univ-tlse2.fr\/aieo2017\/fr\/wp-json\/wp\/v2\/types\/page"}],"author":[{"embeddable":true,"href":"https:\/\/blogs.univ-tlse2.fr\/aieo2017\/fr\/wp-json\/wp\/v2\/users\/299"}],"replies":[{"embeddable":true,"href":"https:\/\/blogs.univ-tlse2.fr\/aieo2017\/fr\/wp-json\/wp\/v2\/comments?post=194"}],"version-history":[{"count":30,"href":"https:\/\/blogs.univ-tlse2.fr\/aieo2017\/fr\/wp-json\/wp\/v2\/pages\/194\/revisions"}],"predecessor-version":[{"id":1073,"href":"https:\/\/blogs.univ-tlse2.fr\/aieo2017\/fr\/wp-json\/wp\/v2\/pages\/194\/revisions\/1073"}],"wp:attachment":[{"href":"https:\/\/blogs.univ-tlse2.fr\/aieo2017\/fr\/wp-json\/wp\/v2\/media?parent=194"}],"curies":[{"name":"wp","href":"https:\/\/api.w.org\/{rel}","templated":true}]}}