 {"id":201,"date":"2012-12-30T21:16:37","date_gmt":"2012-12-30T21:16:37","guid":{"rendered":"http:\/\/aieo2014.blog.cat\/?page_id=201"},"modified":"2017-02-11T09:40:59","modified_gmt":"2017-02-11T08:40:59","slug":"proposicions-de-comunicacion","status":"publish","type":"page","link":"https:\/\/blogs.univ-tlse2.fr\/aieo2017\/fr\/proposicions-de-comunicacion\/","title":{"rendered":"Propositions de comunication"},"content":{"rendered":"<p><strong>Attention<\/strong> : la date limite pour le d\u00e9p\u00f4t des propositions de communication qui avait \u00e9t\u00e9 report\u00e9e au 15 janvier 2017 est \u00e0 pr\u00e9sent d\u00e9pass\u00e9e.<\/p>\n<p>La marche \u00e0 suivre ci-dessous indiqu\u00e9e est donn\u00e9e pour m\u00e9moire.<\/p>\n<p>Si vous souhaitez pr\u00e9senter une communication au Congr\u00e8s, vous devez envoyer un message\u00a0 \u00e9lectronique \u00e0 l\u2019adresses suivante, en indiquant <i>Congr\u00e8s AIEO<\/i> dans l\u2019objet du message :<\/p>\n<p>aieo2017 (at) univ-tlse2.fr<\/p>\n<p>Vous devez joindre le titre et un bref r\u00e9sum\u00e9 de la communication (<strong>entre<\/strong> <b>500 et 1000 mots<\/b>) <strong>assorti de r\u00e9f\u00e9rences bibliographiques<\/strong>, dans un document enregistr\u00e9 <b>au format Word<\/b>. Les communications peuvent \u00eatre en occitan ou dans n&rsquo;importe quelle langue romane , en anglais ou en allemand, et elles doivent apporter des donn\u00e9es nouvelles ou des perspectives innovantes dans leur domaine. Il est \u00e9galement possible de pr\u00e9senter des projets scientifiques en cours.<\/p>\n<p>La pr\u00e9sentation orale des communications sera de 25 minutes au maximum, dont au moins 5 minutes\u00a0 r\u00e9serv\u00e9es \u00e0 la discussion. Les propositions de communication doivent \u00eatre envoy\u00e9es\u00a0 <b>avant le 15 janvier 2017<\/b>.<\/p>\n<p>D\u00e8s que le Comit\u00e9 Scientifique aura \u00e9valu\u00e9 votre proposition, vous serez inform\u00e9\u00a0 de l&rsquo;acceptation ou du refus de votre proposition, et ce avant <b>le 20 janvier\u00a0 2017<\/b>. Les propositions\u00a0 de communication seront inscrites dans une des sections du Congr\u00e8s. L&rsquo;acceptation de la communication orale n&rsquo;implique pas automatiquement une acceptation de la publication dans les actes du Congr\u00e8s.<\/p>\n<p>Pour pouvoir pr\u00e9senter votre communication au Congr\u00e8s, vous devrez vous inscrire prioritairement avant <b>le 31 juin 2017<\/b>.<\/p>","protected":false},"excerpt":{"rendered":"<p>Attention : la date limite pour le d\u00e9p\u00f4t des propositions de communication qui avait \u00e9t\u00e9 report\u00e9e au 15 janvier 2017 est \u00e0 pr\u00e9sent d\u00e9pass\u00e9e. La marche \u00e0 suivre ci-dessous indiqu\u00e9e est donn\u00e9e pour m\u00e9moire. Si vous souhaitez pr\u00e9senter une communication &hellip; <a href=\"https:\/\/blogs.univ-tlse2.fr\/aieo2017\/fr\/proposicions-de-comunicacion\/\">Continuer la lecture <span class=\"meta-nav\">&rarr;<\/span><\/a><\/p>\n","protected":false},"author":299,"featured_media":0,"parent":0,"menu_order":4,"comment_status":"closed","ping_status":"open","template":"","meta":{"footnotes":""},"class_list":["post-201","page","type-page","status-publish","hentry"],"_links":{"self":[{"href":"https:\/\/blogs.univ-tlse2.fr\/aieo2017\/fr\/wp-json\/wp\/v2\/pages\/201","targetHints":{"allow":["GET"]}}],"collection":[{"href":"https:\/\/blogs.univ-tlse2.fr\/aieo2017\/fr\/wp-json\/wp\/v2\/pages"}],"about":[{"href":"https:\/\/blogs.univ-tlse2.fr\/aieo2017\/fr\/wp-json\/wp\/v2\/types\/page"}],"author":[{"embeddable":true,"href":"https:\/\/blogs.univ-tlse2.fr\/aieo2017\/fr\/wp-json\/wp\/v2\/users\/299"}],"replies":[{"embeddable":true,"href":"https:\/\/blogs.univ-tlse2.fr\/aieo2017\/fr\/wp-json\/wp\/v2\/comments?post=201"}],"version-history":[{"count":16,"href":"https:\/\/blogs.univ-tlse2.fr\/aieo2017\/fr\/wp-json\/wp\/v2\/pages\/201\/revisions"}],"predecessor-version":[{"id":1001,"href":"https:\/\/blogs.univ-tlse2.fr\/aieo2017\/fr\/wp-json\/wp\/v2\/pages\/201\/revisions\/1001"}],"wp:attachment":[{"href":"https:\/\/blogs.univ-tlse2.fr\/aieo2017\/fr\/wp-json\/wp\/v2\/media?parent=201"}],"curies":[{"name":"wp","href":"https:\/\/api.w.org\/{rel}","templated":true}]}}