 {"id":202,"date":"2012-12-30T21:16:57","date_gmt":"2012-12-30T21:16:57","guid":{"rendered":"http:\/\/aieo2014.blog.cat\/?page_id=202"},"modified":"2017-06-17T12:09:00","modified_gmt":"2017-06-17T10:09:00","slug":"inscripcion","status":"publish","type":"page","link":"https:\/\/blogs.univ-tlse2.fr\/aieo2017\/fr\/inscripcion\/","title":{"rendered":"Inscription"},"content":{"rendered":"<p>&nbsp;<\/p>\n<p>Les inscriptions avec paiement s\u00e9curis\u00e9 en ligne sont ouvertes depuis le 20 f\u00e9vrier 2017 sur la page <a href=\"http:\/\/w3.colloquescprs.univ-tlse2.fr\/spip.php?rubrique102&amp;lang=fr\">http:\/\/w3.colloquescprs.univ-tlse2.fr\/spip.php?rubrique102&amp;lang=fr<\/a><\/p>\n<p>Pour les chercheurs, le montant de l\u2019inscription est de 100 \u20ac (tarif normal). Apr\u00e8s le <b>20 mars<\/b><b> 2017<\/b>, le montant sera de 130 \u20ac. Les \u00e9tudiants (doctorants et masters) ont droit \u00e0 un tarif r\u00e9duit de 35 \u20ac (55 \u20ac apr\u00e8s le 20 mars 2017). L\u2019inscription comprend le livret des r\u00e9sum\u00e9s, le mat\u00e9riel du Congr\u00e8s, l\u2019acc\u00e8s aux conf\u00e9rences et aux ateliers, les pauses-caf\u00e9 ainsi que la souscription aux actes du Congr\u00e8s.<\/p>\n<p>Pour les auditeurs, le tarif unique est 35 \u20ac.<\/p>\n<p>Apr\u00e8s le <b>30 juin 2017<\/b>, il ne sera plus possible de s\u2019inscrire par voie \u00e9lectronique et l\u2019inscription devra se faire sur place pendant le Congr\u00e8s.<\/p>\n<p>Une excursion dans les hauts-lieux du Tarn est propos\u00e9e en option le mercredi 12 juillet ; elle comprend un repas. La soir\u00e9e du vendredi 14 juillet est r\u00e9serv\u00e9e au banquet final du Congr\u00e8s. Le montant de l\u2019inscription est \u00e0 chaque fois de 50 \u20ac. Les personnes qui d\u00e9sirent participer \u00e0 l\u2019excursion et au banquet final sont pri\u00e9es de confirmer leur participation au moment o\u00f9 elles effectueront l\u2019inscription car le nombre de places est limit\u00e9.<\/p>\n<p>L\u2019inscription ne sera pas compl\u00e8te tant que le paiement n&rsquo;aura pas \u00e9t\u00e9 effectu\u00e9. Vous recevrez une confirmation de votre inscription.<\/p>\n<p>D\u00e9tail des tarifs<\/p>\n<table>\n<tbody>\n<tr>\n<td width=\"192\"><\/td>\n<td width=\"192\">Avant le 20 mars 2017<\/td>\n<td width=\"192\">Apr\u00e8s le 20 mars 2017<\/td>\n<\/tr>\n<tr>\n<td width=\"192\">Inscription ordinaire<\/p>\n<p>(communicant)<\/td>\n<td width=\"192\">100 \u20ac<\/td>\n<td width=\"192\">130 \u20ac<\/td>\n<\/tr>\n<tr>\n<td width=\"192\">\u00c9tudiants*<\/td>\n<td width=\"192\">35 \u20ac<\/td>\n<td width=\"192\">55 \u20ac<\/td>\n<\/tr>\n<tr>\n<td width=\"192\">Excursion<\/td>\n<td width=\"192\">50 \u20ac<\/td>\n<td width=\"192\">50 \u20ac<\/td>\n<\/tr>\n<tr>\n<td width=\"192\">Banquet final<\/td>\n<td width=\"192\">50 \u20ac<\/td>\n<td width=\"192\">50 \u20ac<\/td>\n<\/tr>\n<tr>\n<td width=\"192\">Auditeur<\/td>\n<td width=\"192\">35 \u20ac<\/td>\n<td width=\"192\">35 \u20ac<\/td>\n<\/tr>\n<\/tbody>\n<\/table>\n<p>* Les \u00e9tudiants dont l\u2019institution de rattachement (universit\u00e9, laboratoire, institut\u2026) ne prend pas en charge l\u2019inscription au Congr\u00e8s peuvent solliciter la gratuit\u00e9 de l\u2019inscription (35 \u20ac) en fournissant aux organisateurs (aieo2017(at)univ-tlse2.fr) l\u2019attestation d\u2019inscription en doctorat et une attestation de non engagement de l\u2019institution de rattachement.<\/p>\n<p>En cas d\u2019annulation, il ne sera proc\u00e9d\u00e9 \u00e0 aucun remboursement des frais d\u2019inscription.<\/p>\n<p>Les repas et le logement ne sont pas compris dans l\u2019inscription.<\/p>","protected":false},"excerpt":{"rendered":"<p>&nbsp; Les inscriptions avec paiement s\u00e9curis\u00e9 en ligne sont ouvertes depuis le 20 f\u00e9vrier 2017 sur la page http:\/\/w3.colloquescprs.univ-tlse2.fr\/spip.php?rubrique102&amp;lang=fr Pour les chercheurs, le montant de l\u2019inscription est de 100 \u20ac (tarif normal). Apr\u00e8s le 20 mars 2017, le montant sera &hellip; <a href=\"https:\/\/blogs.univ-tlse2.fr\/aieo2017\/fr\/inscripcion\/\">Continuer la lecture <span class=\"meta-nav\">&rarr;<\/span><\/a><\/p>\n","protected":false},"author":299,"featured_media":0,"parent":0,"menu_order":3,"comment_status":"closed","ping_status":"open","template":"","meta":{"footnotes":""},"class_list":["post-202","page","type-page","status-publish","hentry"],"_links":{"self":[{"href":"https:\/\/blogs.univ-tlse2.fr\/aieo2017\/fr\/wp-json\/wp\/v2\/pages\/202","targetHints":{"allow":["GET"]}}],"collection":[{"href":"https:\/\/blogs.univ-tlse2.fr\/aieo2017\/fr\/wp-json\/wp\/v2\/pages"}],"about":[{"href":"https:\/\/blogs.univ-tlse2.fr\/aieo2017\/fr\/wp-json\/wp\/v2\/types\/page"}],"author":[{"embeddable":true,"href":"https:\/\/blogs.univ-tlse2.fr\/aieo2017\/fr\/wp-json\/wp\/v2\/users\/299"}],"replies":[{"embeddable":true,"href":"https:\/\/blogs.univ-tlse2.fr\/aieo2017\/fr\/wp-json\/wp\/v2\/comments?post=202"}],"version-history":[{"count":48,"href":"https:\/\/blogs.univ-tlse2.fr\/aieo2017\/fr\/wp-json\/wp\/v2\/pages\/202\/revisions"}],"predecessor-version":[{"id":1136,"href":"https:\/\/blogs.univ-tlse2.fr\/aieo2017\/fr\/wp-json\/wp\/v2\/pages\/202\/revisions\/1136"}],"wp:attachment":[{"href":"https:\/\/blogs.univ-tlse2.fr\/aieo2017\/fr\/wp-json\/wp\/v2\/media?parent=202"}],"curies":[{"name":"wp","href":"https:\/\/api.w.org\/{rel}","templated":true}]}}