 {"id":234,"date":"2013-01-09T22:10:15","date_gmt":"2013-01-09T22:10:15","guid":{"rendered":"http:\/\/aieo2014.blog.cat\/?page_id=234"},"modified":"2016-12-06T06:50:22","modified_gmt":"2016-12-06T05:50:22","slug":"organizaires-2","status":"publish","type":"page","link":"https:\/\/blogs.univ-tlse2.fr\/aieo2017\/fr\/organizaires-2\/","title":{"rendered":"Organisateurs"},"content":{"rendered":"<p>&nbsp;<\/p>\n<p><strong>Comit\u00e9 d&rsquo;organisation<\/strong><\/p>\n<p>Le comit\u00e9 d\u2019organisation se compose de chercheurs de l\u2019Universit\u00e9 Toulouse-Jean Jaur\u00e8s et de l&rsquo;Institut national universitaire Champollion (Albi) :<\/p>\n<ul>\n<li>Myriam Bras (CLLE-ERSS)<\/li>\n<li>Dominique Billy (CLLE-ERSS)<\/li>\n<li>Jean-Pierre Cavaill\u00e9 (LISST)<\/li>\n<li>Gauthier Couffin (INUC, Albi)<\/li>\n<li>Jean-Fran\u00e7ois Courouau (PLH), coordinateur<\/li>\n<li>H\u00e9l\u00e8ne Debax (FRAMESPA)<\/li>\n<li>Jo\u00eblle Ginestet (PLH)<\/li>\n<li>Jacques Gourc (PLH)<\/li>\n<li>Christophe Imbert (LLA)<\/li>\n<li>Marine Mazars (PLH)<\/li>\n<li>C\u00e9cile Noilhan (PLH)<\/li>\n<li>H\u00e9l\u00e8ne Ricaud-Droisy (LPS-DT)<\/li>\n<li>Patrick Sauzet (CLLE-ERSS)<\/li>\n<li>Raf\u00e8u Sichel-Bazin (CLLE-ERSS)<\/li>\n<\/ul>\n<p><b>Comit\u00e9 scientifique<\/b><\/p>\n<p>Le comit\u00e9 scientifique se compose des membres du Conseil d&rsquo;administration de l&rsquo;AIEO :<\/p>\n<ul>\n<li>Aitor Carrera (Universitat de Lleida)<\/li>\n<li>Jean-Pierre Chambon (Universit\u00e9 Paris-Sorbonne)<\/li>\n<li>Jo\u00eblle Ginestet (Universit\u00e9 Toulouse-Jean Jaur\u00e8s)<\/li>\n<li>Giosu\u00e8 Lachin (Universit\u00e0 di Venezia)<\/li>\n<li>Guy Latry (Universit\u00e9 Bordeaux-Montaigne)<\/li>\n<li>Catherine L\u00e9glu (University of reading)<\/li>\n<li>Herv\u00e9 Lieutard (Universit\u00e9 Paul-Val\u00e9ry, Montpellier)<\/li>\n<li>Rosa Medina Granda (Universidad de Oviedo)<\/li>\n<li>Trudel Meisenburg (Universit\u00e4t Osnabr\u00fcck)<\/li>\n<li>Wendy Pfeffer (University of Louisville)<\/li>\n<li>Claus-Dieter Pusch (Universit\u00e4t Freiburg im Breisgau)<\/li>\n<li>Domergue Sumien<\/li>\n<li>Sergio Vatteroni (Universit\u00e0 di Udine)<\/li>\n<\/ul>\n<p>et des chercheurs suivants :<\/p>\n<ul>\n<li>Michel Banniard (EPHE, Universit\u00e9 Toulouse-Jean Jaur\u00e8s)<\/li>\n<li>Dominique Billy (Universit\u00e9 Toulouse-Jean Jaur\u00e8s)<\/li>\n<li>Dominique Blanc (Universit\u00e9 Toulouse-Jean Jaur\u00e8s)<\/li>\n<li>Myriam Bras (Universit\u00e9 Toulouse-Jean Jaur\u00e8s)<\/li>\n<li>Jean-Yves Casanova (Universit\u00e9 de Pau)<\/li>\n<li>Daniel Lacroix (Universit\u00e9 Toulouse-Jean Jaur\u00e8s)<\/li>\n<li>Laurent Mac\u00e9 (Universit\u00e9 Toulouse-Jean Jaur\u00e8s)<\/li>\n<li>Patrice Poujade (Universit\u00e9 de Perpignan)<\/li>\n<li>Patrick Sauzet (Universit\u00e9 Toulouse-Jean Jaur\u00e8s)<\/li>\n<li>Jean Sibille (CNRS, Universit\u00e9 Toulouse-Jean Jaur\u00e8s)<\/li>\n<li>Herv\u00e9 Terral (Universit\u00e9 Toulouse-Jean Jaur\u00e8s)<\/li>\n<\/ul>\n<p><\/p>","protected":false},"excerpt":{"rendered":"<p>&nbsp; Comit\u00e9 d&rsquo;organisation Le comit\u00e9 d\u2019organisation se compose de chercheurs de l\u2019Universit\u00e9 Toulouse-Jean Jaur\u00e8s et de l&rsquo;Institut national universitaire Champollion (Albi) : Myriam Bras (CLLE-ERSS) Dominique Billy (CLLE-ERSS) Jean-Pierre Cavaill\u00e9 (LISST) Gauthier Couffin (INUC, Albi) Jean-Fran\u00e7ois Courouau (PLH), coordinateur H\u00e9l\u00e8ne &hellip; <a href=\"https:\/\/blogs.univ-tlse2.fr\/aieo2017\/fr\/organizaires-2\/\">Continuer la lecture <span class=\"meta-nav\">&rarr;<\/span><\/a><\/p>\n","protected":false},"author":299,"featured_media":0,"parent":0,"menu_order":8,"comment_status":"closed","ping_status":"open","template":"","meta":{"footnotes":""},"class_list":["post-234","page","type-page","status-publish","hentry"],"_links":{"self":[{"href":"https:\/\/blogs.univ-tlse2.fr\/aieo2017\/fr\/wp-json\/wp\/v2\/pages\/234","targetHints":{"allow":["GET"]}}],"collection":[{"href":"https:\/\/blogs.univ-tlse2.fr\/aieo2017\/fr\/wp-json\/wp\/v2\/pages"}],"about":[{"href":"https:\/\/blogs.univ-tlse2.fr\/aieo2017\/fr\/wp-json\/wp\/v2\/types\/page"}],"author":[{"embeddable":true,"href":"https:\/\/blogs.univ-tlse2.fr\/aieo2017\/fr\/wp-json\/wp\/v2\/users\/299"}],"replies":[{"embeddable":true,"href":"https:\/\/blogs.univ-tlse2.fr\/aieo2017\/fr\/wp-json\/wp\/v2\/comments?post=234"}],"version-history":[{"count":19,"href":"https:\/\/blogs.univ-tlse2.fr\/aieo2017\/fr\/wp-json\/wp\/v2\/pages\/234\/revisions"}],"predecessor-version":[{"id":970,"href":"https:\/\/blogs.univ-tlse2.fr\/aieo2017\/fr\/wp-json\/wp\/v2\/pages\/234\/revisions\/970"}],"wp:attachment":[{"href":"https:\/\/blogs.univ-tlse2.fr\/aieo2017\/fr\/wp-json\/wp\/v2\/media?parent=234"}],"curies":[{"name":"wp","href":"https:\/\/api.w.org\/{rel}","templated":true}]}}