 {"id":236,"date":"2013-01-09T22:10:43","date_gmt":"2013-01-09T22:10:43","guid":{"rendered":"http:\/\/aieo2014.blog.cat\/?page_id=236"},"modified":"2017-07-07T18:44:58","modified_gmt":"2017-07-07T16:44:58","slug":"informacions-practicas-2","status":"publish","type":"page","link":"https:\/\/blogs.univ-tlse2.fr\/aieo2017\/fr\/informacions-practicas-2\/","title":{"rendered":"Informations pratiques"},"content":{"rendered":"<p>&nbsp;<\/p>\n<p>Le Congr\u00e8s a lieu a l&rsquo;<a href=\"http:\/\/www.univ-jfc.fr\/\">Institut National Universitaire Champollion<\/a><\/p>\n<p>Place\u00a0 de Verdun<\/p>\n<p>81 000 ALBI<\/p>\n<p><a href=\"https:\/\/blogs.univ-tlse2.fr\/aieo2017\/files\/2016\/03\/plan-albi-fr2.pdf\"><img loading=\"lazy\" decoding=\"async\" class=\"alignnone size-full wp-image-856\" src=\"https:\/\/blogs.univ-tlse2.fr\/aieo2017\/files\/2016\/03\/plan-albi-fr.png\" alt=\"plan-albi-fr\" width=\"842\" height=\"595\" srcset=\"https:\/\/blogs.univ-tlse2.fr\/aieo2017\/files\/2016\/03\/plan-albi-fr.png 842w, https:\/\/blogs.univ-tlse2.fr\/aieo2017\/files\/2016\/03\/plan-albi-fr-300x212.png 300w, https:\/\/blogs.univ-tlse2.fr\/aieo2017\/files\/2016\/03\/plan-albi-fr-768x543.png 768w\" sizes=\"auto, (max-width: 842px) 100vw, 842px\" \/><\/a><\/p>\n<p>Plan du campus Champollion :<\/p>\n<p><img loading=\"lazy\" decoding=\"async\" class=\"alignnone size-full wp-image-1182\" src=\"https:\/\/blogs.univ-tlse2.fr\/aieo2017\/wp-content\/blogs.dir\/165\/files\/2017\/07\/Capture-d\u2019e\u0301cran-2017-07-01-a\u0300-19.49.57.png\" alt=\"\" width=\"895\" height=\"1266\" srcset=\"https:\/\/blogs.univ-tlse2.fr\/aieo2017\/files\/2017\/07\/Capture-d\u2019e\u0301cran-2017-07-01-a\u0300-19.49.57.png 895w, https:\/\/blogs.univ-tlse2.fr\/aieo2017\/files\/2017\/07\/Capture-d\u2019e\u0301cran-2017-07-01-a\u0300-19.49.57-212x300.png 212w, https:\/\/blogs.univ-tlse2.fr\/aieo2017\/files\/2017\/07\/Capture-d\u2019e\u0301cran-2017-07-01-a\u0300-19.49.57-768x1086.png 768w, https:\/\/blogs.univ-tlse2.fr\/aieo2017\/files\/2017\/07\/Capture-d\u2019e\u0301cran-2017-07-01-a\u0300-19.49.57-724x1024.png 724w\" sizes=\"auto, (max-width: 895px) 100vw, 895px\" \/><\/p>\n<p>&nbsp;<\/p>\n<p>Les sessions de travail se d\u00e9roulent dans le b\u00e2timent Jean Jaur\u00e8s (n\u00b0 2). Les repas des congressistes inscrits sont servis au restaurant universitaire (n\u00b0 7). Les concerts ont lieu au Foyer (n\u00b0 8).<\/p>\n<p>L&rsquo;Institut national universitaire Champollion est \u00e0 15 mn \u00e0 pied du centre ville. Il est desservi par une ligne de bus r\u00e9guli\u00e8re\u00a0:<\/p>\n<p>Ligne R \u2013 arr\u00eat Universit\u00e9 \u2013 descendre Place Jean-Jaur\u00e8s \u2013 fr\u00e9quence 15 mn \u2013 tarif 1,10 \u20ac aller simple \u2013 2,10 \u20ac aller-retour \u2013 2,70 \u20ac billet pour la journ\u00e9e (illimit\u00e9).<\/p>\n<p>Plan d\u00e9taill\u00e9 des transports \u00e0 Albi<\/p>\n<p><a href=\"https:\/\/blogs.univ-tlse2.fr\/aieo2017\/files\/2016\/03\/Plan-detaille-reseau-de-bus-2015-2016_v2-1.pdf\" target=\"_blank\" rel=\"noopener noreferrer\"><img loading=\"lazy\" decoding=\"async\" class=\"alignnone size-full wp-image-830\" src=\"https:\/\/blogs.univ-tlse2.fr\/aieo2017\/files\/2016\/03\/Capture-d\u2019e\u0301cran-2016-03-26-a\u0300-08.43.47.png\" alt=\"Capture d\u2019e\u0301cran 2016-03-26 a\u0300 08.43.47\" width=\"1591\" height=\"1121\" srcset=\"https:\/\/blogs.univ-tlse2.fr\/aieo2017\/files\/2016\/03\/Capture-d\u2019e\u0301cran-2016-03-26-a\u0300-08.43.47.png 1591w, https:\/\/blogs.univ-tlse2.fr\/aieo2017\/files\/2016\/03\/Capture-d\u2019e\u0301cran-2016-03-26-a\u0300-08.43.47-300x211.png 300w, https:\/\/blogs.univ-tlse2.fr\/aieo2017\/files\/2016\/03\/Capture-d\u2019e\u0301cran-2016-03-26-a\u0300-08.43.47-768x541.png 768w, https:\/\/blogs.univ-tlse2.fr\/aieo2017\/files\/2016\/03\/Capture-d\u2019e\u0301cran-2016-03-26-a\u0300-08.43.47-1024x721.png 1024w\" sizes=\"auto, (max-width: 1591px) 100vw, 1591px\" \/><\/a><\/p>\n<p>Plan simplifi\u00e9 des transports \u00e0 Albi<\/p>\n<p><a href=\"https:\/\/blogs.univ-tlse2.fr\/aieo2017\/files\/2016\/03\/Plan-simplifie-reseau-de-bus-2015-2016.pdf\" target=\"_blank\" rel=\"noopener noreferrer\"><img loading=\"lazy\" decoding=\"async\" class=\"alignnone size-full wp-image-832\" src=\"https:\/\/blogs.univ-tlse2.fr\/aieo2017\/files\/2016\/03\/Capture-d\u2019e\u0301cran-2016-03-26-a\u0300-08.46.23.png\" alt=\"Capture d\u2019e\u0301cran 2016-03-26 a\u0300 08.46.23\" width=\"1584\" height=\"662\" srcset=\"https:\/\/blogs.univ-tlse2.fr\/aieo2017\/files\/2016\/03\/Capture-d\u2019e\u0301cran-2016-03-26-a\u0300-08.46.23.png 1584w, https:\/\/blogs.univ-tlse2.fr\/aieo2017\/files\/2016\/03\/Capture-d\u2019e\u0301cran-2016-03-26-a\u0300-08.46.23-300x125.png 300w, https:\/\/blogs.univ-tlse2.fr\/aieo2017\/files\/2016\/03\/Capture-d\u2019e\u0301cran-2016-03-26-a\u0300-08.46.23-768x321.png 768w, https:\/\/blogs.univ-tlse2.fr\/aieo2017\/files\/2016\/03\/Capture-d\u2019e\u0301cran-2016-03-26-a\u0300-08.46.23-1024x428.png 1024w\" sizes=\"auto, (max-width: 1584px) 100vw, 1584px\" \/><\/a><\/p>\n<p><a href=\"https:\/\/blogs.univ-tlse2.fr\/aieo2017\/files\/2016\/03\/oraires-2015-2016_Grand-Albigeois_LIGNE-R1.pdf\">Horaires de la ligne R<\/a><\/p>","protected":false},"excerpt":{"rendered":"<p>&nbsp; Le Congr\u00e8s a lieu a l&rsquo;Institut National Universitaire Champollion Place\u00a0 de Verdun 81 000 ALBI Plan du campus Champollion : &nbsp; Les sessions de travail se d\u00e9roulent dans le b\u00e2timent Jean Jaur\u00e8s (n\u00b0 2). Les repas des congressistes inscrits &hellip; <a href=\"https:\/\/blogs.univ-tlse2.fr\/aieo2017\/fr\/informacions-practicas-2\/\">Continuer la lecture <span class=\"meta-nav\">&rarr;<\/span><\/a><\/p>\n","protected":false},"author":299,"featured_media":0,"parent":0,"menu_order":11,"comment_status":"closed","ping_status":"open","template":"","meta":{"footnotes":""},"class_list":["post-236","page","type-page","status-publish","hentry"],"_links":{"self":[{"href":"https:\/\/blogs.univ-tlse2.fr\/aieo2017\/fr\/wp-json\/wp\/v2\/pages\/236","targetHints":{"allow":["GET"]}}],"collection":[{"href":"https:\/\/blogs.univ-tlse2.fr\/aieo2017\/fr\/wp-json\/wp\/v2\/pages"}],"about":[{"href":"https:\/\/blogs.univ-tlse2.fr\/aieo2017\/fr\/wp-json\/wp\/v2\/types\/page"}],"author":[{"embeddable":true,"href":"https:\/\/blogs.univ-tlse2.fr\/aieo2017\/fr\/wp-json\/wp\/v2\/users\/299"}],"replies":[{"embeddable":true,"href":"https:\/\/blogs.univ-tlse2.fr\/aieo2017\/fr\/wp-json\/wp\/v2\/comments?post=236"}],"version-history":[{"count":31,"href":"https:\/\/blogs.univ-tlse2.fr\/aieo2017\/fr\/wp-json\/wp\/v2\/pages\/236\/revisions"}],"predecessor-version":[{"id":1183,"href":"https:\/\/blogs.univ-tlse2.fr\/aieo2017\/fr\/wp-json\/wp\/v2\/pages\/236\/revisions\/1183"}],"wp:attachment":[{"href":"https:\/\/blogs.univ-tlse2.fr\/aieo2017\/fr\/wp-json\/wp\/v2\/media?parent=236"}],"curies":[{"name":"wp","href":"https:\/\/api.w.org\/{rel}","templated":true}]}}