 {"id":240,"date":"2013-01-09T22:11:37","date_gmt":"2013-01-09T22:11:37","guid":{"rendered":"http:\/\/aieo2014.blog.cat\/?page_id=240"},"modified":"2016-03-05T12:18:29","modified_gmt":"2016-03-05T11:18:29","slug":"nos-contactar","status":"publish","type":"page","link":"https:\/\/blogs.univ-tlse2.fr\/aieo2017\/fr\/nos-contactar\/","title":{"rendered":"Nous contacter"},"content":{"rendered":"<p>&nbsp;<\/p>\n<p>Pour contacter lo Comit\u00e9 d\u2019Organisation :<\/p>\n<p><strong>XII<sup>e<\/sup> Congr\u00e8s de l\u2019AIEO<\/strong><\/p>\n<p>Laboratoire PLH (Jean-Fran\u00e7ois Courouau)<\/p>\n<p>Maison de la Recherche<\/p>\n<p>Universit\u00e9 Toulouse-Jean Jaur\u00e8s<\/p>\n<p>5 all\u00e9es Antonio Machado<\/p>\n<p>F-31058 TOULOUSE CEDEX 9<\/p>\n<p>T\u00e9l\u00e9phone : \u00a0\u00a0\u00a0\u00a0\u00a0\u00a0\u00a0\u00a0\u00a0\u00a0\u00a0\u00a0\u00a0\u00a0\u00a0\u00a0\u00a0\u00a0\u00a0\u00a0\u00a0\u00a0 \u00a0 (0033) (0)5 61 50 47 16<\/p>\n<p>Courrier \u00e9lectronique : \u00a0\u00a0\u00a0\u00a0\u00a0\u00a0\u00a0 aieo2017 (at) univ-tlse2.fr<\/p>","protected":false},"excerpt":{"rendered":"<p>&nbsp; Pour contacter lo Comit\u00e9 d\u2019Organisation : XIIe Congr\u00e8s de l\u2019AIEO Laboratoire PLH (Jean-Fran\u00e7ois Courouau) Maison de la Recherche Universit\u00e9 Toulouse-Jean Jaur\u00e8s 5 all\u00e9es Antonio Machado F-31058 TOULOUSE CEDEX 9 T\u00e9l\u00e9phone : \u00a0\u00a0\u00a0\u00a0\u00a0\u00a0\u00a0\u00a0\u00a0\u00a0\u00a0\u00a0\u00a0\u00a0\u00a0\u00a0\u00a0\u00a0\u00a0\u00a0\u00a0\u00a0 \u00a0 (0033) (0)5 61 50 47 16 &hellip; <a href=\"https:\/\/blogs.univ-tlse2.fr\/aieo2017\/fr\/nos-contactar\/\">Continuer la lecture <span class=\"meta-nav\">&rarr;<\/span><\/a><\/p>\n","protected":false},"author":299,"featured_media":0,"parent":0,"menu_order":18,"comment_status":"closed","ping_status":"open","template":"","meta":{"footnotes":""},"class_list":["post-240","page","type-page","status-publish","hentry"],"_links":{"self":[{"href":"https:\/\/blogs.univ-tlse2.fr\/aieo2017\/fr\/wp-json\/wp\/v2\/pages\/240","targetHints":{"allow":["GET"]}}],"collection":[{"href":"https:\/\/blogs.univ-tlse2.fr\/aieo2017\/fr\/wp-json\/wp\/v2\/pages"}],"about":[{"href":"https:\/\/blogs.univ-tlse2.fr\/aieo2017\/fr\/wp-json\/wp\/v2\/types\/page"}],"author":[{"embeddable":true,"href":"https:\/\/blogs.univ-tlse2.fr\/aieo2017\/fr\/wp-json\/wp\/v2\/users\/299"}],"replies":[{"embeddable":true,"href":"https:\/\/blogs.univ-tlse2.fr\/aieo2017\/fr\/wp-json\/wp\/v2\/comments?post=240"}],"version-history":[{"count":12,"href":"https:\/\/blogs.univ-tlse2.fr\/aieo2017\/fr\/wp-json\/wp\/v2\/pages\/240\/revisions"}],"predecessor-version":[{"id":760,"href":"https:\/\/blogs.univ-tlse2.fr\/aieo2017\/fr\/wp-json\/wp\/v2\/pages\/240\/revisions\/760"}],"wp:attachment":[{"href":"https:\/\/blogs.univ-tlse2.fr\/aieo2017\/fr\/wp-json\/wp\/v2\/media?parent=240"}],"curies":[{"name":"wp","href":"https:\/\/api.w.org\/{rel}","templated":true}]}}