 {"id":259,"date":"2013-01-22T17:01:34","date_gmt":"2013-01-22T17:01:34","guid":{"rendered":"http:\/\/aieo2014.blog.cat\/?page_id=259"},"modified":"2017-02-13T12:00:02","modified_gmt":"2017-02-13T11:00:02","slug":"calendier","status":"publish","type":"page","link":"https:\/\/blogs.univ-tlse2.fr\/aieo2017\/fr\/calendier\/","title":{"rendered":"Calendrier"},"content":{"rendered":"<p>&nbsp;<\/p>\n<p><b>Dates importantes<\/b><\/p>\n<p><strong>2 avril\u00a0 2016<br \/>\n<\/strong><\/p>\n<p>Premi\u00e8re circulaire<\/p>\n<p>Ouverture de la soumission des propositions de communications<\/p>\n<p><strong>30 novembre 2016<\/strong><\/p>\n<p>Date limite de la soumission des\u00a0 propositions de communications<\/p>\n<p><strong>25\u00a0 janvier\u00a0 2017<\/strong><\/p>\n<p>Deuxi\u00e8me circulaire<\/p>\n<p><strong>20\u00a0 f\u00e9vrier\u00a0 2017<\/strong><\/p>\n<p>Ouverture des inscriptions en ligne<\/p>\n<p><strong>20 mars 2017<\/strong><\/p>\n<p>Date limite de l&rsquo;inscription au Congr\u00e8s pour profiter du tarif pr\u00e9f\u00e9rentiel<\/p>\n<p><strong>1<sup>er<\/sup> mai\u00a0 2017<\/strong><\/p>\n<p>Troisi\u00e8me circulaire (programme d\u00e9taill\u00e9)<\/p>\n<p><strong>30\u00a0 juin\u00a0 2017<\/strong><\/p>\n<p>Date limite de l\u2019inscription au Congr\u00e8s en ligne<\/p>","protected":false},"excerpt":{"rendered":"<p>&nbsp; Dates importantes 2 avril\u00a0 2016 Premi\u00e8re circulaire Ouverture de la soumission des propositions de communications 30 novembre 2016 Date limite de la soumission des\u00a0 propositions de communications 25\u00a0 janvier\u00a0 2017 Deuxi\u00e8me circulaire 20\u00a0 f\u00e9vrier\u00a0 2017 Ouverture des inscriptions en &hellip; <a href=\"https:\/\/blogs.univ-tlse2.fr\/aieo2017\/fr\/calendier\/\">Continuer la lecture <span class=\"meta-nav\">&rarr;<\/span><\/a><\/p>\n","protected":false},"author":299,"featured_media":0,"parent":0,"menu_order":1,"comment_status":"closed","ping_status":"open","template":"","meta":{"footnotes":""},"class_list":["post-259","page","type-page","status-publish","hentry"],"_links":{"self":[{"href":"https:\/\/blogs.univ-tlse2.fr\/aieo2017\/fr\/wp-json\/wp\/v2\/pages\/259","targetHints":{"allow":["GET"]}}],"collection":[{"href":"https:\/\/blogs.univ-tlse2.fr\/aieo2017\/fr\/wp-json\/wp\/v2\/pages"}],"about":[{"href":"https:\/\/blogs.univ-tlse2.fr\/aieo2017\/fr\/wp-json\/wp\/v2\/types\/page"}],"author":[{"embeddable":true,"href":"https:\/\/blogs.univ-tlse2.fr\/aieo2017\/fr\/wp-json\/wp\/v2\/users\/299"}],"replies":[{"embeddable":true,"href":"https:\/\/blogs.univ-tlse2.fr\/aieo2017\/fr\/wp-json\/wp\/v2\/comments?post=259"}],"version-history":[{"count":25,"href":"https:\/\/blogs.univ-tlse2.fr\/aieo2017\/fr\/wp-json\/wp\/v2\/pages\/259\/revisions"}],"predecessor-version":[{"id":1085,"href":"https:\/\/blogs.univ-tlse2.fr\/aieo2017\/fr\/wp-json\/wp\/v2\/pages\/259\/revisions\/1085"}],"wp:attachment":[{"href":"https:\/\/blogs.univ-tlse2.fr\/aieo2017\/fr\/wp-json\/wp\/v2\/media?parent=259"}],"curies":[{"name":"wp","href":"https:\/\/api.w.org\/{rel}","templated":true}]}}