 {"id":262,"date":"2013-01-22T17:03:48","date_gmt":"2013-01-22T17:03:48","guid":{"rendered":"http:\/\/aieo2014.blog.cat\/?page_id=262"},"modified":"2016-03-05T11:57:21","modified_gmt":"2016-03-05T10:57:21","slug":"cossi-arribar-a-lheida","status":"publish","type":"page","link":"https:\/\/blogs.univ-tlse2.fr\/aieo2017\/fr\/informacions-practicas-2\/cossi-arribar-a-lheida\/","title":{"rendered":"Comment venir \u00e0 Albi"},"content":{"rendered":"<p>&nbsp;<\/p>\n<p>Albi est une ville facilement accessible.<\/p>\n<p><a href=\"http:\/\/aieo2014.blog.cat\/informacions-practicas-2\/cossi-arribar-a-lheida\/plane_image\/\" rel=\"attachment wp-att-277\"><img loading=\"lazy\" decoding=\"async\" class=\"alignleft size-full wp-image-277\" src=\"https:\/\/blogs.univ-tlse2.fr\/aieo2017\/files\/2013\/01\/plane_image.png\" alt=\"plane_image\" width=\"104\" height=\"66\" \/><\/a><\/p>\n<p><b><span style=\"color: #000000\">En avion<\/span><\/b><\/p>\n<p><span class=\"SYSPEpara2-Value2\"><a title=\"Albi a\u00e9roport\" href=\"http:\/\/aeroport.albi.aero\/fr\/\"><b>A\u00e9roport Albi Le S\u00e9questre<\/b><\/a><br \/>\nTel : 05 63 54 38 49<br \/>\nA\u00e9rodrome \u00e0 vocation d\u2019aviation d\u2019affaires, d\u2019entra\u00eenement et de tourisme<br \/>\n<a title=\"Toulouse A\u00e9roport\" href=\"http:\/\/www.toulouse.aeroport.fr\/\" target=\"_blank\"><b>A\u00e9roport de Toulouse Blagnac<\/b><\/a><br \/>\nTel : 0 825 380 000 (0.15\u20ac\/mn)<br \/>\nCorrespondances nationales et internationales<br \/>\nTemps de trajet Albi\/Blagnac : 1h par A68<br \/>\n<a title=\"A\u00e9roport Castres Mazamet\" href=\"http:\/\/www.castres-mazamet.aeroport.fr\/\" target=\"_blank\"><b>A\u00e9roport de Castres Mazamet<\/b><\/a><br \/>\nTel : 05 63 70 34 77<br \/>\nCorrespondances Airlinair pour Paris<br \/>\nTemps de trajet depuis Albi par RN 112 : 45mn<br \/>\n<a title=\"A\u00e9roport Rodez\" href=\"http:\/\/www.aeroport-rodez.fr\/\" target=\"_blank\"><b>A\u00e9roport de Rodez<\/b><\/a><br \/>\nTel : 05 65 76 02 09<br \/>\nCorrespondances pour Paris, Lyon, Londres<br \/>\nTemps de trajet Albi\/Rodez RN 88 : 1h15<\/span><\/p>\n<p><a href=\"http:\/\/aieo2014.blog.cat\/informacions-practicas-2\/cossi-arribar-a-lheida\/symbol_bus\/\" rel=\"attachment wp-att-278\"><img loading=\"lazy\" decoding=\"async\" class=\"alignleft size-full wp-image-278\" src=\"https:\/\/blogs.univ-tlse2.fr\/aieo2017\/files\/2013\/01\/symbol_bus.gif\" alt=\"symbol_bus\" width=\"125\" height=\"125\" \/><\/a><b><span style=\"color: #000000\">En bus<\/span><\/b><\/p>\n<p><span class=\"SYSPEpara2-Value2\">Tarn Bus<br \/>\nTel 33 (0)5 63 45 64 81 &#8211; <a href=\"m&#x61;i&#108;&#x74;o&#58;&#x74;a&#114;&#x6e;b&#117;&#x73;&#64;&#x63;&#x67;8&#x31;&#x2e;f&#x72;\">&#x74;a&#x72;&#110;b&#x75;s&#x40;&#99;g&#x38;1&#x2e;&#102;r<\/a><br \/>\nAlbi \/ Castres, Cordes-Sur-Ciel, Gaillac etc&#8230;<br \/>\nGare Routi\u00e8re<br \/>\nPlace Jean Jaur\u00e8s 81000 Albi<br \/>\nTel : 33 (0)5 63 80 57 64<\/span><\/p>\n<p><a href=\"http:\/\/aieo2014.blog.cat\/informacions-practicas-2\/cossi-arribar-a-lheida\/train_symbol\/\" rel=\"attachment wp-att-279\"><img loading=\"lazy\" decoding=\"async\" class=\"alignleft size-full wp-image-279\" src=\"https:\/\/blogs.univ-tlse2.fr\/aieo2017\/files\/2013\/01\/train_symbol.gif\" alt=\"train_symbol\" width=\"112\" height=\"108\" \/><\/a><\/p>\n<p><span style=\"color: #000000\"><b>En train<\/b><\/span><\/p>\n<p><span class=\"SYSPEpara2-Value2\"><span style=\"color: #999999\"><b>SNCF<\/b><\/span><br \/>\nContact : 3635 ou 08 36 35 35 35<br \/>\nArr\u00eat gare : Albi-Ville, le centre ville se trouve \u00e0 15 minutes \u00e0 pied.<br \/>\nParis\/Toulouse\/Albi : Liaisons quotidiennes<br \/>\nToulouse\/Albi : 17 Liaisons quotidiennes<br \/>\n<b><a title=\"SNCF - recherche horaires et lignes\" href=\"http:\/\/www.ter.sncf.com\/midi-pyrenees\" target=\"_blank\">Renseignez vous sur les horaires<\/a><\/b><\/span><\/p>\n<p><a href=\"http:\/\/aieo2014.blog.cat\/informacions-practicas-2\/cossi-arribar-a-lheida\/car_symbol\/\" rel=\"attachment wp-att-276\"><img loading=\"lazy\" decoding=\"async\" class=\"alignleft size-full wp-image-276\" src=\"https:\/\/blogs.univ-tlse2.fr\/aieo2017\/files\/2013\/01\/car_symbol.gif\" alt=\"car_symbol\" width=\"125\" height=\"125\" \/><\/a><\/p>\n<p><b><span style=\"color: #000000\">En voiture<\/span><\/b><\/p>\n<p><span style=\"color: #000000\"><span class=\"SYSPEpara2-Value2\">La ville d&rsquo;Albi est accessible de Toulouse par l&rsquo;autoroute A68.<br \/>\n<\/span><\/span><\/p>\n<p><span style=\"color: #000000\"><span class=\"SYSPEpara2-Value2\"><br \/>\nCalculer votre itin\u00e9raire : <a href=\"http:\/\/www.viamichelin.fr\/\" target=\"_blank\"><b>http:\/\/www.viamichelin.fr<\/b><\/a><b><br \/>\nVoyager autrement : <a title=\"Voyager autrement en Midi Pyr\u00e9n\u00e9es\" href=\"http:\/\/www.mobimipy.fr\/midipy\/Voyager-autrement\/Covoiturage\">Covoiturage en Midi-Pyr\u00e9n\u00e9es<\/a><\/b><\/span><\/span><\/p>\n<p><br style=\"color: #000000\" \/><span style=\"color: #000000\"><span style=\"font-family: Times New Roman\">\u00a0<\/span><\/span><\/p>\n<table border=\"0\" width=\"100%\" cellspacing=\"0\" cellpadding=\"0\">\n<tbody>\n<tr>\n<td>\n<table class=\"SYSPEpara2-1-6\" border=\"0\" width=\"100%\" cellspacing=\"0\" cellpadding=\"0\">\n<tbody>\n<tr valign=\"top\">\n<td id=\"bordureGauche4\">\n<h2 class=\"SYSPEpara2-Value1\"><strong>Service de navettes a\u00e9roport Toulouse-Blagnac\/Albi<\/strong><\/h2>\n<\/td>\n<\/tr>\n<\/tbody>\n<\/table>\n<\/td>\n<\/tr>\n<tr>\n<td><img loading=\"lazy\" decoding=\"async\" src=\"http:\/\/www.albi-tourisme.fr\/fr\/s-informer-\/-reserver\/design\/c.gif\" alt=\"\" width=\"1\" height=\"8\" border=\"0\" \/><\/td>\n<\/tr>\n<tr>\n<td>\n<div class=\"SYSPEpara2-1-6-content\"><span class=\"SYSPEpara2-Value2\"><a title=\"Aeroport express navette\" href=\"http:\/\/www.aeroport-express.fr\" target=\"_blank\"><b>A\u00e9roport Express<\/b><\/a><br \/>\nNavette Albi A\u00e9roport Toulouse-Blagnac, transferts et excursions groupes et personnes \u00e0 mobilit\u00e9 r\u00e9duite (1\/8 personnes)<br \/>\n7\/7 &#8211; 24\/24 &#8211; chauffeur bilingue fran\u00e7ais\/anglais &#8211; Sur r\u00e9servation<br \/>\nTel: 33 (0)563 332 113 Mail : aer&#111;&#112;&#x6f;&#x72;&#x74;&#x65;&#x78;pre&#115;&#115;&#x38;&#x31;&#x40;&#x67;&#x6d;ail&#46;&#99;&#x6f;&#x6d;<br \/>\n<b><a class=\"\" title=\"Econavette a\u00e9roport\" href=\"http:\/\/www.eco-navette.fr\/\" target=\"_blank\">Econavette<\/a><\/b><br \/>\nService priv\u00e9 de transport collectif de voyageurs \u00e0 destination des a\u00e9roports.<br \/>\n7\/7 &#8211; 24\/24<br \/>\nTel.33 (0)5 67 33 93 23 &#8211; Mail : &#x73;c&#x6c;&#45;t&#x61;r&#x6e;&#64;e&#x63;o&#x2d;&#110;a&#x76;e&#x74;&#x74;e&#x2e;&#102;r<br \/>\n<span style=\"color: #0000ff\">Albi taxi radio<\/span><br \/>\nV\u00e9hicule climatis\u00e9, 7\/7, Toutes distances &#8211; transfert a\u00e9roport.<br \/>\nTel.33 (0)6 12 99 42 46<br \/>\n<span style=\"color: #0000ff\">Taxi Sylvie<\/span><br \/>\nV\u00e9hicule climatis\u00e9, toutes distances &#8211; transfert a\u00e9roport.<br \/>\nTel.33 (0)6 76 19 47 31<br \/>\n<b><a title=\"O Chauffeur\" href=\"http:\/\/www.o-chauffeur.com\/\" target=\"_blank\">O Chauffeur<\/a><\/b><br \/>\nVoiture de Transport avec Chauffeur<br \/>\nTransfert A\u00e9roport Toulouse-Albi dans un v\u00e9hicule tout confort. Chauffeur <span class=\"SYSPEpara2-Value2\">bilingue fran\u00e7ais\/anglais<\/span> &#8211; 7\/7<br \/>\nTel. 33 (0)6 21 04 54 17<\/span><\/div>\n<\/td>\n<\/tr>\n<\/tbody>\n<\/table>\n<p><b><span style=\"color: #000000\">Pour plus de renseignements :<\/span><\/b><\/p>\n<p><span class=\"SYSPEpara2-Value2\">Office de Tourisme, place Sainte-C\u00e9cile, 81000 Albi<br \/>\nT\u00e9l. :<b> 33 (0)5 63 36 36 00<\/b><br \/>\n<b><a>Envoyez un<\/a><a href=\"&#x6d;a&#x69;&#x6c;t&#x6f;&#x3a;a&#x63;&#x63;u&#x65;&#x69;l&#x40;&#x61;l&#x62;&#105;t&#x6f;&#117;r&#x69;&#115;m&#x65;&#46;c&#x6f;&#109;\"> mail<\/a><\/b>, via le<b><a title=\"Office de Tourisme Albi\" href=\"http:\/\/www.albi-tourisme.fr\/fr\/pagesEditos.asp?id=DE10AE2D&amp;idpage=261\" target=\"_blank\"> formulaire en ligne <\/a><\/b><\/span><\/p>","protected":false},"excerpt":{"rendered":"<p>&nbsp; Albi est une ville facilement accessible. En avion A\u00e9roport Albi Le S\u00e9questre Tel : 05 63 54 38 49 A\u00e9rodrome \u00e0 vocation d\u2019aviation d\u2019affaires, d\u2019entra\u00eenement et de tourisme A\u00e9roport de Toulouse Blagnac Tel : 0 825 380 000 (0.15\u20ac\/mn) &hellip; <a href=\"https:\/\/blogs.univ-tlse2.fr\/aieo2017\/fr\/informacions-practicas-2\/cossi-arribar-a-lheida\/\">Continuer la lecture <span class=\"meta-nav\">&rarr;<\/span><\/a><\/p>\n","protected":false},"author":299,"featured_media":0,"parent":236,"menu_order":0,"comment_status":"closed","ping_status":"open","template":"","meta":{"footnotes":""},"class_list":["post-262","page","type-page","status-publish","hentry"],"_links":{"self":[{"href":"https:\/\/blogs.univ-tlse2.fr\/aieo2017\/fr\/wp-json\/wp\/v2\/pages\/262","targetHints":{"allow":["GET"]}}],"collection":[{"href":"https:\/\/blogs.univ-tlse2.fr\/aieo2017\/fr\/wp-json\/wp\/v2\/pages"}],"about":[{"href":"https:\/\/blogs.univ-tlse2.fr\/aieo2017\/fr\/wp-json\/wp\/v2\/types\/page"}],"author":[{"embeddable":true,"href":"https:\/\/blogs.univ-tlse2.fr\/aieo2017\/fr\/wp-json\/wp\/v2\/users\/299"}],"replies":[{"embeddable":true,"href":"https:\/\/blogs.univ-tlse2.fr\/aieo2017\/fr\/wp-json\/wp\/v2\/comments?post=262"}],"version-history":[{"count":8,"href":"https:\/\/blogs.univ-tlse2.fr\/aieo2017\/fr\/wp-json\/wp\/v2\/pages\/262\/revisions"}],"predecessor-version":[{"id":755,"href":"https:\/\/blogs.univ-tlse2.fr\/aieo2017\/fr\/wp-json\/wp\/v2\/pages\/262\/revisions\/755"}],"up":[{"embeddable":true,"href":"https:\/\/blogs.univ-tlse2.fr\/aieo2017\/fr\/wp-json\/wp\/v2\/pages\/236"}],"wp:attachment":[{"href":"https:\/\/blogs.univ-tlse2.fr\/aieo2017\/fr\/wp-json\/wp\/v2\/media?parent=262"}],"curies":[{"name":"wp","href":"https:\/\/api.w.org\/{rel}","templated":true}]}}