 {"id":264,"date":"2013-01-22T17:04:42","date_gmt":"2013-01-22T17:04:42","guid":{"rendered":"http:\/\/aieo2014.blog.cat\/?page_id=264"},"modified":"2016-04-01T19:51:18","modified_gmt":"2016-04-01T17:51:18","slug":"lotjament","status":"publish","type":"page","link":"https:\/\/blogs.univ-tlse2.fr\/aieo2017\/fr\/informacions-practicas-2\/lotjament\/","title":{"rendered":"Logement"},"content":{"rendered":"<p>&nbsp;<\/p>\n<p>Albi est une ville tr\u00e8s touristique, inscrite depuis 2010 au Patrimoine mondial de l&rsquo;humanit\u00e9 (UNESCO), tr\u00e8s visit\u00e9e en \u00e9t\u00e9. Nous vous conseillons d&rsquo;effectuer votre r\u00e9servation suffisamment t\u00f4t.<\/p>\n<p>Pour prendre connaissance des possibilit\u00e9s d&rsquo;h\u00e9bergement dans les h\u00f4tels d&rsquo;Albi et de sa r\u00e9gion, cliquez sur le site de l&rsquo;Office de Tourisme d&rsquo;Albi : <a href=\"http:\/\/www.albi-tourisme.fr\/fr\/sejourner\/hebergements.html?page=1\">ici<\/a>.<\/p>\n<p>Voici une s\u00e9lection d&rsquo;h\u00f4tels situ\u00e9s \u00e0 proximit\u00e9 du Centre national universitaire Champollion o\u00f9 se d\u00e9roule le Congr\u00e8s :<\/p>\n<p><a href=\"https:\/\/blogs.univ-tlse2.fr\/aieo2017\/files\/2016\/03\/plan-albi-fr2.pdf\" target=\"_blank\"><img loading=\"lazy\" decoding=\"async\" class=\"alignnone size-full wp-image-856\" src=\"https:\/\/blogs.univ-tlse2.fr\/aieo2017\/files\/2016\/03\/plan-albi-fr.png\" alt=\"plan-albi-fr\" width=\"842\" height=\"595\" srcset=\"https:\/\/blogs.univ-tlse2.fr\/aieo2017\/files\/2016\/03\/plan-albi-fr.png 842w, https:\/\/blogs.univ-tlse2.fr\/aieo2017\/files\/2016\/03\/plan-albi-fr-300x212.png 300w, https:\/\/blogs.univ-tlse2.fr\/aieo2017\/files\/2016\/03\/plan-albi-fr-768x543.png 768w\" sizes=\"auto, (max-width: 842px) 100vw, 842px\" \/><\/a><\/p>\n<p><strong><a href=\"http:\/\/www.fabulhouse.fr\/\">G\u00eete Fabul&rsquo;house<\/a><\/strong><br \/>\n61 avenue Mar\u00e9chal Foch<\/p>\n<p><strong><a href=\"http:\/\/www.hotel-le-rochegude.com\/\">H\u00f4tel Le Rochegude**<\/a><\/strong><br \/>\n41 avenue Mar\u00e9chal Foch<\/p>\n<p><strong><a href=\"http:\/\/www.hotel-orleans-albi.com\/\">Grand H\u00f4tel d\u2019Orl\u00e9ans<\/a>***<\/strong><br \/>\nPlace Stalingrad<\/p>\n<p><strong><a href=\"http:\/\/www.hotel-du-parc-albi.com\/\">H\u00f4tel Brasserie du Parc<\/a>**<\/strong><br \/>\n3 avenue du Parc<\/p>\n<p><strong><a href=\"http:\/\/www.ibis.com\/fr\/hotel-5914-ibis-albi\/index.shtml\">Ibis Albi<\/a>***<\/strong><br \/>\n16 avenue Gambetta<\/p>\n<p><strong><a href=\"http:\/\/www.hotel-laperouse.com\/\">H\u00f4tel Laperouse<\/a>**<\/strong><br \/>\n21 place Lap\u00e9rouse<\/p>\n<p><strong><a href=\"http:\/\/www.accorhotels.com\/fr\/hotel-5602-ibis-budget-albi-centre\/index.shtml\">Ibis budget Centre<\/a>**<\/strong><br \/>\n16 rue Castelginest<\/p>\n<p><strong><a href=\"http:\/\/www.hotelvigan.com\/\">H\u00f4tel du Vigan<\/a>***<\/strong><br \/>\n16 place du Vigan<\/p>\n<p><strong><a href=\"http:\/\/alchimyalbi.fr\/fr\/\">H\u00f4tel Alchimy<\/a>****<\/strong><br \/>\n10-12 place du Palais<\/p>","protected":false},"excerpt":{"rendered":"<p>&nbsp; Albi est une ville tr\u00e8s touristique, inscrite depuis 2010 au Patrimoine mondial de l&rsquo;humanit\u00e9 (UNESCO), tr\u00e8s visit\u00e9e en \u00e9t\u00e9. Nous vous conseillons d&rsquo;effectuer votre r\u00e9servation suffisamment t\u00f4t. Pour prendre connaissance des possibilit\u00e9s d&rsquo;h\u00e9bergement dans les h\u00f4tels d&rsquo;Albi et de &hellip; <a href=\"https:\/\/blogs.univ-tlse2.fr\/aieo2017\/fr\/informacions-practicas-2\/lotjament\/\">Continuer la lecture <span class=\"meta-nav\">&rarr;<\/span><\/a><\/p>\n","protected":false},"author":299,"featured_media":0,"parent":236,"menu_order":0,"comment_status":"closed","ping_status":"open","template":"","meta":{"footnotes":""},"class_list":["post-264","page","type-page","status-publish","hentry"],"_links":{"self":[{"href":"https:\/\/blogs.univ-tlse2.fr\/aieo2017\/fr\/wp-json\/wp\/v2\/pages\/264","targetHints":{"allow":["GET"]}}],"collection":[{"href":"https:\/\/blogs.univ-tlse2.fr\/aieo2017\/fr\/wp-json\/wp\/v2\/pages"}],"about":[{"href":"https:\/\/blogs.univ-tlse2.fr\/aieo2017\/fr\/wp-json\/wp\/v2\/types\/page"}],"author":[{"embeddable":true,"href":"https:\/\/blogs.univ-tlse2.fr\/aieo2017\/fr\/wp-json\/wp\/v2\/users\/299"}],"replies":[{"embeddable":true,"href":"https:\/\/blogs.univ-tlse2.fr\/aieo2017\/fr\/wp-json\/wp\/v2\/comments?post=264"}],"version-history":[{"count":40,"href":"https:\/\/blogs.univ-tlse2.fr\/aieo2017\/fr\/wp-json\/wp\/v2\/pages\/264\/revisions"}],"predecessor-version":[{"id":901,"href":"https:\/\/blogs.univ-tlse2.fr\/aieo2017\/fr\/wp-json\/wp\/v2\/pages\/264\/revisions\/901"}],"up":[{"embeddable":true,"href":"https:\/\/blogs.univ-tlse2.fr\/aieo2017\/fr\/wp-json\/wp\/v2\/pages\/236"}],"wp:attachment":[{"href":"https:\/\/blogs.univ-tlse2.fr\/aieo2017\/fr\/wp-json\/wp\/v2\/media?parent=264"}],"curies":[{"name":"wp","href":"https:\/\/api.w.org\/{rel}","templated":true}]}}