 {"id":589,"date":"2014-04-27T08:24:31","date_gmt":"2014-04-27T08:24:31","guid":{"rendered":"http:\/\/aieo2014.blog.cat\/?page_id=589"},"modified":"2017-07-01T17:56:30","modified_gmt":"2017-07-01T15:56:30","slug":"orari-de-las-comunicacions","status":"publish","type":"page","link":"https:\/\/blogs.univ-tlse2.fr\/aieo2017\/fr\/orari-de-las-comunicacions\/","title":{"rendered":"Horaire des communications"},"content":{"rendered":"<p>&nbsp;<\/p>\n<p>Le programme d\u00e9taill\u00e9 des communications (noms des communicants) peut \u00eatre consult\u00e9 ici (cliquer sur l&rsquo;image pour t\u00e9l\u00e9charger le document) :<\/p>\n<p><a href=\"https:\/\/blogs.univ-tlse2.fr\/aieo2017\/wp-content\/blogs.dir\/165\/files\/2017\/07\/Oraris.pdf\"><img loading=\"lazy\" decoding=\"async\" class=\"alignnone size-full wp-image-1127\" src=\"https:\/\/blogs.univ-tlse2.fr\/aieo2017\/wp-content\/blogs.dir\/165\/files\/2017\/06\/ProgOrari.png\" alt=\"\" width=\"1146\" height=\"780\" srcset=\"https:\/\/blogs.univ-tlse2.fr\/aieo2017\/files\/2017\/06\/ProgOrari.png 1146w, https:\/\/blogs.univ-tlse2.fr\/aieo2017\/files\/2017\/06\/ProgOrari-300x204.png 300w, https:\/\/blogs.univ-tlse2.fr\/aieo2017\/files\/2017\/06\/ProgOrari-768x523.png 768w, https:\/\/blogs.univ-tlse2.fr\/aieo2017\/files\/2017\/06\/ProgOrari-1024x697.png 1024w\" sizes=\"auto, (max-width: 1146px) 100vw, 1146px\" \/><\/a><\/p>\n<p>Pour conna\u00eetre le contenu des communications, des tables rondes et des conf\u00e9rences pl\u00e9ni\u00e8res, on peut consulter le programme d\u00e9taill\u00e9 class\u00e9 par disciplines ou domaines de recherche (cliquer sur l&rsquo;image pour t\u00e9l\u00e9charger le document).<\/p>\n<p><a href=\"https:\/\/blogs.univ-tlse2.fr\/aieo2017\/wp-content\/blogs.dir\/165\/files\/2017\/07\/ResumAIEOAlbi.pdf\"><img loading=\"lazy\" decoding=\"async\" class=\"alignnone size-full wp-image-1113\" src=\"https:\/\/blogs.univ-tlse2.fr\/aieo2017\/wp-content\/blogs.dir\/165\/files\/2017\/06\/SSAff.png\" alt=\"\" width=\"812\" height=\"1152\" srcset=\"https:\/\/blogs.univ-tlse2.fr\/aieo2017\/files\/2017\/06\/SSAff.png 812w, https:\/\/blogs.univ-tlse2.fr\/aieo2017\/files\/2017\/06\/SSAff-211x300.png 211w, https:\/\/blogs.univ-tlse2.fr\/aieo2017\/files\/2017\/06\/SSAff-768x1090.png 768w, https:\/\/blogs.univ-tlse2.fr\/aieo2017\/files\/2017\/06\/SSAff-722x1024.png 722w\" sizes=\"auto, (max-width: 812px) 100vw, 812px\" \/><\/a><\/p>","protected":false},"excerpt":{"rendered":"<p>&nbsp; Le programme d\u00e9taill\u00e9 des communications (noms des communicants) peut \u00eatre consult\u00e9 ici (cliquer sur l&rsquo;image pour t\u00e9l\u00e9charger le document) : Pour conna\u00eetre le contenu des communications, des tables rondes et des conf\u00e9rences pl\u00e9ni\u00e8res, on peut consulter le programme d\u00e9taill\u00e9 &hellip; <a href=\"https:\/\/blogs.univ-tlse2.fr\/aieo2017\/fr\/orari-de-las-comunicacions\/\">Continuer la lecture <span class=\"meta-nav\">&rarr;<\/span><\/a><\/p>\n","protected":false},"author":299,"featured_media":0,"parent":0,"menu_order":6,"comment_status":"closed","ping_status":"open","template":"","meta":{"footnotes":""},"class_list":["post-589","page","type-page","status-publish","hentry"],"_links":{"self":[{"href":"https:\/\/blogs.univ-tlse2.fr\/aieo2017\/fr\/wp-json\/wp\/v2\/pages\/589","targetHints":{"allow":["GET"]}}],"collection":[{"href":"https:\/\/blogs.univ-tlse2.fr\/aieo2017\/fr\/wp-json\/wp\/v2\/pages"}],"about":[{"href":"https:\/\/blogs.univ-tlse2.fr\/aieo2017\/fr\/wp-json\/wp\/v2\/types\/page"}],"author":[{"embeddable":true,"href":"https:\/\/blogs.univ-tlse2.fr\/aieo2017\/fr\/wp-json\/wp\/v2\/users\/299"}],"replies":[{"embeddable":true,"href":"https:\/\/blogs.univ-tlse2.fr\/aieo2017\/fr\/wp-json\/wp\/v2\/comments?post=589"}],"version-history":[{"count":43,"href":"https:\/\/blogs.univ-tlse2.fr\/aieo2017\/fr\/wp-json\/wp\/v2\/pages\/589\/revisions"}],"predecessor-version":[{"id":1167,"href":"https:\/\/blogs.univ-tlse2.fr\/aieo2017\/fr\/wp-json\/wp\/v2\/pages\/589\/revisions\/1167"}],"wp:attachment":[{"href":"https:\/\/blogs.univ-tlse2.fr\/aieo2017\/fr\/wp-json\/wp\/v2\/media?parent=589"}],"curies":[{"name":"wp","href":"https:\/\/api.w.org\/{rel}","templated":true}]}}