 {"id":617,"date":"2014-09-07T10:34:31","date_gmt":"2014-09-07T10:34:31","guid":{"rendered":"http:\/\/aieo2014.blog.cat\/?page_id=617"},"modified":"2017-08-15T17:22:05","modified_gmt":"2017-08-15T15:22:05","slug":"normas-de-presentacion","status":"publish","type":"page","link":"https:\/\/blogs.univ-tlse2.fr\/aieo2017\/fr\/normas-de-presentacion\/","title":{"rendered":"Normes de pr\u00e9sentation des textes"},"content":{"rendered":"<p>&nbsp;<\/p>\n<p>T\u00e9l\u00e9charger les <a href=\"https:\/\/blogs.univ-tlse2.fr\/aieo2017\/wp-content\/blogs.dir\/165\/files\/2017\/08\/Normes.pdf\">normes de pr\u00e9sentation des contributions \u00e9crites<\/a>.<\/p>","protected":false},"excerpt":{"rendered":"<p>&nbsp; T\u00e9l\u00e9charger les normes de pr\u00e9sentation des contributions \u00e9crites.<\/p>\n","protected":false},"author":299,"featured_media":0,"parent":0,"menu_order":17,"comment_status":"closed","ping_status":"open","template":"","meta":{"footnotes":""},"class_list":["post-617","page","type-page","status-publish","hentry"],"_links":{"self":[{"href":"https:\/\/blogs.univ-tlse2.fr\/aieo2017\/fr\/wp-json\/wp\/v2\/pages\/617","targetHints":{"allow":["GET"]}}],"collection":[{"href":"https:\/\/blogs.univ-tlse2.fr\/aieo2017\/fr\/wp-json\/wp\/v2\/pages"}],"about":[{"href":"https:\/\/blogs.univ-tlse2.fr\/aieo2017\/fr\/wp-json\/wp\/v2\/types\/page"}],"author":[{"embeddable":true,"href":"https:\/\/blogs.univ-tlse2.fr\/aieo2017\/fr\/wp-json\/wp\/v2\/users\/299"}],"replies":[{"embeddable":true,"href":"https:\/\/blogs.univ-tlse2.fr\/aieo2017\/fr\/wp-json\/wp\/v2\/comments?post=617"}],"version-history":[{"count":11,"href":"https:\/\/blogs.univ-tlse2.fr\/aieo2017\/fr\/wp-json\/wp\/v2\/pages\/617\/revisions"}],"predecessor-version":[{"id":1190,"href":"https:\/\/blogs.univ-tlse2.fr\/aieo2017\/fr\/wp-json\/wp\/v2\/pages\/617\/revisions\/1190"}],"wp:attachment":[{"href":"https:\/\/blogs.univ-tlse2.fr\/aieo2017\/fr\/wp-json\/wp\/v2\/media?parent=617"}],"curies":[{"name":"wp","href":"https:\/\/api.w.org\/{rel}","templated":true}]}}