 {"id":194,"date":"2012-12-30T20:50:54","date_gmt":"2012-12-30T20:50:54","guid":{"rendered":"http:\/\/aieo2014.blog.cat\/?page_id=194"},"modified":"2017-02-11T18:33:08","modified_gmt":"2017-02-11T17:33:08","slug":"presentacion-2","status":"publish","type":"page","link":"https:\/\/blogs.univ-tlse2.fr\/aieo2017\/","title":{"rendered":"Inici"},"content":{"rendered":"<p>&nbsp;<\/p>\n<p>Lo\u00a0XII<sup>n<\/sup> Congr\u00e8s de l&#8217;<a href=\"http:\/\/www.aieo.org\/\">Associacion internacionala d&#8217;estudis occitans<\/a> (A.I.E.O.) se debanar\u00e0 <strong>del diluns 10 de julh al dissabte 15 de julh de 2017<\/strong> as <strong>Albi<\/strong>.<\/p>\n<p>Fondada en 1981 a Li\u00e8ja (Belgica), l\u2019Associacion Internacionala d\u2019Estudis Occitans (A.I.E.O.) a per objectiu de favorizar e coordonar las recercas dins lo domeni dels estudis occitans. Tanben, sa vocacion es, en def\u00f2ra de tota doctrina o tend\u00e9ncia, de recampar totes los que se consacran a aquestas recercas dins lo mond enti\u00e8r, que si\u00e1n tanplan medievistas coma modernistas, ling\u00fcistas coma literaris, istorians, antropol\u00f2gs, musicol\u00f2gs&#8230;, e que consid\u00e8ren los probl\u00e8mas de la lenga e de la literatura d\u2019\u00f2c tanplan en se coma dins lors rap\u00f2rts amb l\u2019environament cultural e social. L\u2019Associacion es un lu\u00f2c de rescontres e de dial\u00f2gs entre de disciplinas que dependon de l\u2019ensemble de las sci\u00e9ncias umanas e socialas.<\/p>\n<p>Las activitats de l\u2019A.E.I.O. prenon u\u00e8i tres vias de desvolopament :<\/p>\n<p>&#8211; l\u2019organizacion de rescontres scientifics e de re\u00fcnions de trabalh, e, es de notar, cada tres ans, l\u2019organizacion d\u2019un grand Congr\u00e8s Internacional d\u2019Estudis Occitans dins lo perlongament dels Congr\u00e8sses de Lenga e Literatura d\u2019\u00d2c que se tengu\u00e8ron dempu\u00e8i 1955 dusca a 1981\u00a0;<\/p>\n<p>&#8211; la publicacion de trabalhs scientifics que pert\u00f2can los estudis occitans\u00a0;<\/p>\n<p>&#8211; lo regropament e la difusion d\u2019informacions sus las recercas realizadas o que son a se realizar dins lo domeni dels estudis occitans.<\/p>\n<p>L\u2019Associacion es bailejada per un Conselh d\u2019Administracion elegit per l\u2019Amassada Generala que clava cada Congr\u00e8s tercenal. Dempu\u00e8i 1981, lo Prof. Peter Ricketts (Reiaume-Unit, 1981-1990), lo Prof. Q.I.M. Mok, (Pa\u00edses Basses, 1990-1993), lo Prof. Georg Kremnitz (\u00c0ustria, 1993-2005) e lo Prof. Walter Meliga (It\u00e0lia, 2005-2014) ne fogu\u00e8ron successivament los presidents.<\/p>\n<p>U\u00e8i sa presidenta es la D\u00f2na Prof. Rosa Medina Granda (Universitat d\u2019Oviedo, Espanha).<\/p>\n<p>Dempu\u00e8i la fondacion de l\u2019A.I.E.O. en 1981, los Congr\u00e8sses fogu\u00e8ron organizats a\u00a0:<\/p>\n<ul>\n<li><strong>Southampton <\/strong>(Anglat\u00e8rra, 1984). Actes editats per Peter Ricketts<\/li>\n<li><strong>Turin<\/strong> (It\u00e0lia 1987). Actes editats per Giuliano Gasca Queirazza<\/li>\n<li><strong>Montpelhi\u00e8r<\/strong> (Fran\u00e7a, 1990). Actes editats per Gerard Gouiran<\/li>\n<li><strong>Vitoria-Gasteiz<\/strong> (Espanha, 1993). Actes editats per Ricardo Cierbide<\/li>\n<li><strong>Tolosa<\/strong> (Fran\u00e7a, 1996). Actes editats per Jacme Gourc e Franc\u00e9s Pic<\/li>\n<li><strong>Wien<\/strong> (Austria, 1999). Actes editats per Georg Kremnitz, Barbara Czernilowsky, Peter Cichon e Robert Tanzmeister<\/li>\n<li><strong>Reggio di Calabria e Messina<\/strong> (It\u00e0lia, 2002). Actes editats per Rossana Castano, Saverio Guida e Fortunata Latella<\/li>\n<li><strong>Bord\u00e8u<\/strong> (Fran\u00e7a, 2005). Actes editats per Guiu Latry<\/li>\n<li><strong>Aachen<\/strong> (Allemanha, 2008). Actes editats per Angelica Rieger.<\/li>\n<li><strong>Besi\u00e8rs<\/strong> (Fran\u00e7a, 2011). Actes editats per Carmen Al\u00e9n Garabato, Clara Torreilles e Maria-Joana Verny<\/li>\n<li><strong>Lh\u00e8ida<\/strong> (Espanha, 2014). Actes en cors d\u2019edicion per Aitor Carrera<\/li>\n<\/ul>\n<p><\/p>","protected":false},"excerpt":{"rendered":"<p>&nbsp; Lo\u00a0XIIn Congr\u00e8s de l&#8217;Associacion internacionala d&#8217;estudis occitans (A.I.E.O.) se debanar\u00e0 del diluns 10 de julh al dissabte 15 de julh de 2017 as Albi. Fondada en 1981 a Li\u00e8ja (Belgica), l\u2019Associacion Internacionala d\u2019Estudis Occitans (A.I.E.O.) a per objectiu de &hellip; <a href=\"https:\/\/blogs.univ-tlse2.fr\/aieo2017\/\">Continue reading <span class=\"meta-nav\">&rarr;<\/span><\/a><\/p>\n","protected":false},"author":299,"featured_media":0,"parent":0,"menu_order":1,"comment_status":"closed","ping_status":"open","template":"","meta":{"footnotes":""},"class_list":["post-194","page","type-page","status-publish","hentry"],"_links":{"self":[{"href":"https:\/\/blogs.univ-tlse2.fr\/aieo2017\/wp-json\/wp\/v2\/pages\/194","targetHints":{"allow":["GET"]}}],"collection":[{"href":"https:\/\/blogs.univ-tlse2.fr\/aieo2017\/wp-json\/wp\/v2\/pages"}],"about":[{"href":"https:\/\/blogs.univ-tlse2.fr\/aieo2017\/wp-json\/wp\/v2\/types\/page"}],"author":[{"embeddable":true,"href":"https:\/\/blogs.univ-tlse2.fr\/aieo2017\/wp-json\/wp\/v2\/users\/299"}],"replies":[{"embeddable":true,"href":"https:\/\/blogs.univ-tlse2.fr\/aieo2017\/wp-json\/wp\/v2\/comments?post=194"}],"version-history":[{"count":30,"href":"https:\/\/blogs.univ-tlse2.fr\/aieo2017\/wp-json\/wp\/v2\/pages\/194\/revisions"}],"predecessor-version":[{"id":1073,"href":"https:\/\/blogs.univ-tlse2.fr\/aieo2017\/wp-json\/wp\/v2\/pages\/194\/revisions\/1073"}],"wp:attachment":[{"href":"https:\/\/blogs.univ-tlse2.fr\/aieo2017\/wp-json\/wp\/v2\/media?parent=194"}],"curies":[{"name":"wp","href":"https:\/\/api.w.org\/{rel}","templated":true}]}}