 {"id":201,"date":"2012-12-30T21:16:37","date_gmt":"2012-12-30T21:16:37","guid":{"rendered":"http:\/\/aieo2014.blog.cat\/?page_id=201"},"modified":"2017-02-11T09:40:59","modified_gmt":"2017-02-11T08:40:59","slug":"proposicions-de-comunicacion","status":"publish","type":"page","link":"https:\/\/blogs.univ-tlse2.fr\/aieo2017\/proposicions-de-comunicacion\/","title":{"rendered":"Proposicions de comunicacion"},"content":{"rendered":"<p>Atencion : la data limit per prepausar una comunicacion qu&#8217;\u00e8ra estada remandada al 15 de geni\u00e8r de 2017 es ara despassada.<\/p>\n<p>La procedura indicada \u00e7ai-dej\u00f3s es donada per mem\u00f2ria.<\/p>\n<p>Se desiratz presentar una comunicacion al Congr\u00e8s, vos cal escriure un messatge\u00a0 electronic a l\u2019adrei\u00e7a seguenta, en indicant <i>Congr\u00e8s AIEO<\/i> dins l\u2019obj\u00e8cte del messatge :<\/p>\n<p>aieo2017 (at) univ-tlse2.fr<\/p>\n<p>Vos cal mandar lo t\u00edtol e un br\u00e8u resumit de la comunicacion (entre <b>500 et 1000 mots<\/b>) assorti de refer\u00e9ncias bibliograficas, dins un document estacat <b>al format Word<\/b>. Las comunicacions se p\u00f2don far en occitan o dins quina lenga romanica que si\u00e1, en angl\u00e9s o en alemand, e devon portar de donadas nov\u00e8las o de perspectivas innovairas dins lor domeni. Es tanben possible de presentar de proj\u00e8ctes scientifics en cors.<\/p>\n<p>La presentacion de las comunicacions ser\u00e0 de 25 minutas al maximum, amb al mens 5 minutas\u00a0 reservadas a la discussion. Las proposicions de comunicacion devon \u00e8sser mandadas <b>abans lo 15 de geni\u00e8r de 2017<\/b>.<\/p>\n<p>Tanl\u00e8u que lo Comitat Scientific aur\u00e0 avalorat v\u00f2stra proposicion, seretz informat se v\u00f2stra comunicacion es estada retenguda o refusada abans <b>lo 20 de geni\u00e8r de 2017<\/b>. S\u2019inscriur\u00e0n las proposicions de comunicacion dins una de las seccions del Congr\u00e8s. L&#8217;acceptacion de v\u00f2stra comunicacion orala implica pas automaticament una acceptacion de la publicacion dins los actes del Congr\u00e8s.<\/p>\n<p>Per poder presentar v\u00f2stra comunicacion al congr\u00e8s, auretz de vos inscriure priorit\u00e0riament abans <b>lo 31 de junh de 2017<\/b>.<\/p>\n<p>&nbsp;<\/p>","protected":false},"excerpt":{"rendered":"<p>Atencion : la data limit per prepausar una comunicacion qu&#8217;\u00e8ra estada remandada al 15 de geni\u00e8r de 2017 es ara despassada. La procedura indicada \u00e7ai-dej\u00f3s es donada per mem\u00f2ria. Se desiratz presentar una comunicacion al Congr\u00e8s, vos cal escriure un &hellip; <a href=\"https:\/\/blogs.univ-tlse2.fr\/aieo2017\/proposicions-de-comunicacion\/\">Continue reading <span class=\"meta-nav\">&rarr;<\/span><\/a><\/p>\n","protected":false},"author":299,"featured_media":0,"parent":0,"menu_order":4,"comment_status":"closed","ping_status":"open","template":"","meta":{"footnotes":""},"class_list":["post-201","page","type-page","status-publish","hentry"],"_links":{"self":[{"href":"https:\/\/blogs.univ-tlse2.fr\/aieo2017\/wp-json\/wp\/v2\/pages\/201","targetHints":{"allow":["GET"]}}],"collection":[{"href":"https:\/\/blogs.univ-tlse2.fr\/aieo2017\/wp-json\/wp\/v2\/pages"}],"about":[{"href":"https:\/\/blogs.univ-tlse2.fr\/aieo2017\/wp-json\/wp\/v2\/types\/page"}],"author":[{"embeddable":true,"href":"https:\/\/blogs.univ-tlse2.fr\/aieo2017\/wp-json\/wp\/v2\/users\/299"}],"replies":[{"embeddable":true,"href":"https:\/\/blogs.univ-tlse2.fr\/aieo2017\/wp-json\/wp\/v2\/comments?post=201"}],"version-history":[{"count":16,"href":"https:\/\/blogs.univ-tlse2.fr\/aieo2017\/wp-json\/wp\/v2\/pages\/201\/revisions"}],"predecessor-version":[{"id":1001,"href":"https:\/\/blogs.univ-tlse2.fr\/aieo2017\/wp-json\/wp\/v2\/pages\/201\/revisions\/1001"}],"wp:attachment":[{"href":"https:\/\/blogs.univ-tlse2.fr\/aieo2017\/wp-json\/wp\/v2\/media?parent=201"}],"curies":[{"name":"wp","href":"https:\/\/api.w.org\/{rel}","templated":true}]}}