 {"id":202,"date":"2012-12-30T21:16:57","date_gmt":"2012-12-30T21:16:57","guid":{"rendered":"http:\/\/aieo2014.blog.cat\/?page_id=202"},"modified":"2017-06-17T12:09:00","modified_gmt":"2017-06-17T10:09:00","slug":"inscripcion","status":"publish","type":"page","link":"https:\/\/blogs.univ-tlse2.fr\/aieo2017\/inscripcion\/","title":{"rendered":"Inscripcion"},"content":{"rendered":"<p>&nbsp;<\/p>\n<p>Les inscripcions amb pagament securizat en linha son dob\u00e8rtas despu\u00e8i lo 20 de febri\u00e8r de 2017 sus la pagina <a href=\"http:\/\/w3.colloquescprs.univ-tlse2.fr\/spip.php?rubrique102&amp;lang=fr\">http:\/\/w3.colloquescprs.univ-tlse2.fr\/spip.php?rubrique102&amp;lang=fr<\/a><\/p>\n<p>Pels cercaires, lo montant de l\u2019inscripcion es de 100 \u20ac (tarifa normala). Apr\u00e8s lo <b>20 de mar\u00e7<\/b> <b>de 2017<\/b>, lo montant ser\u00e0 de 130 \u20ac. Los estudiants (doctorants et masters) an drech a una tarifa reducha de 35 \u20ac (55 \u20ac apr\u00e8s lo 20 de mar\u00e7 de 2017). L\u2019inscripcion compren lo libre dels resumits, lo material del Congr\u00e8s, l\u2019acc\u00e8s a las confer\u00e9ncias e als obradors, las pausas-caf\u00e8, e tanben la soscripcion als actes del Congr\u00e8s.<\/p>\n<p>Pel auditors, la tarifa unica es 35 \u20ac.<\/p>\n<p>Apr\u00e8s lo <b>30 de junh de 2017<\/b> ser\u00e0 pas mai possible de s\u2019inscriure per via electronica e l\u2019inscripcion se deur\u00e0 far sus pla\u00e7a pendent lo Congr\u00e8s.<\/p>\n<p>Se prepausa una escorreguda pels lu\u00f2cs m\u00e0gers de Tarn de fai\u00e7on opcionala lo dim\u00e8cres 12 de julh, e compren un repais. Lo divendres 14 de julh, lo ser es reservat a la taulejada finala del Congr\u00e8s. Lo montant de l\u2019inscripcion es a cada c\u00f2p de 50 \u20ac. Aqueles que desiran de participar a l\u2019escorreguda e a la\u00a0taulejada finala son pregats de confirmar lor participacion al moment de far l\u2019inscripcion, que lo nombre de pla\u00e7as es limitat.<\/p>\n<p>L\u2019inscripcion ser\u00e0 pas completa abans que lo pagament si\u00e1 efectuat. Recebretz una confirmacion de v\u00f2stra inscripcion.<\/p>\n<p>Detalh de las tarifas<\/p>\n<table>\n<tbody>\n<tr>\n<td width=\"192\"><\/td>\n<td width=\"192\">Avant lo 20 de mar\u00e7 de 2017<\/td>\n<td width=\"192\">Apr\u00e8s lo 20 de mar\u00e7 de 2017<\/td>\n<\/tr>\n<tr>\n<td width=\"192\">Inscripcion ordin\u00e0ria<\/p>\n<p>(comunicant)<\/td>\n<td width=\"192\">100 \u20ac<\/td>\n<td width=\"192\">130 \u20ac<\/td>\n<\/tr>\n<tr>\n<td width=\"192\">Estudiants*<\/td>\n<td width=\"192\">35 \u20ac<\/td>\n<td width=\"192\">55 \u20ac<\/td>\n<\/tr>\n<tr>\n<td width=\"192\">Escorreguda<\/td>\n<td width=\"192\">50 \u20ac<\/td>\n<td width=\"192\">50 \u20ac<\/td>\n<\/tr>\n<tr>\n<td width=\"192\">Banquet final<\/td>\n<td width=\"192\">50 \u20ac<\/td>\n<td width=\"192\">50 \u20ac<\/td>\n<\/tr>\n<tr>\n<td width=\"192\">Auditor<\/td>\n<td width=\"192\">35 \u20ac<\/td>\n<td width=\"192\">35 \u20ac<\/td>\n<\/tr>\n<\/tbody>\n<\/table>\n<p>* Los estudiants que lor institution de restacament (universitat, laborat\u00f2ri, institut\u2026) pren pas en carga l\u2019inscripcion al Congr\u00e8s p\u00f2don sollicitar la gratuitat de l\u2019inscripcion (35 \u20ac) en fornissent als organizaires (aieo2017(at)univ-tlse2.fr) l\u2019atestacion d\u2019inscripcion en doctorat e una atestacion de non engatjament de l\u2019institucion de restacament.<\/p>\n<p>En cas d\u2019anullacion, i aur\u00e0 pas de remborsament de las despensas d\u2019inscripcion.<\/p>\n<p>Los repaisses e lo lotjament son pas compreses dins l\u2019inscripcion.<\/p>\n<p>&nbsp;<\/p>\n<p>&nbsp;<\/p>","protected":false},"excerpt":{"rendered":"<p>&nbsp; Les inscripcions amb pagament securizat en linha son dob\u00e8rtas despu\u00e8i lo 20 de febri\u00e8r de 2017 sus la pagina http:\/\/w3.colloquescprs.univ-tlse2.fr\/spip.php?rubrique102&amp;lang=fr Pels cercaires, lo montant de l\u2019inscripcion es de 100 \u20ac (tarifa normala). Apr\u00e8s lo 20 de mar\u00e7 de 2017, &hellip; <a href=\"https:\/\/blogs.univ-tlse2.fr\/aieo2017\/inscripcion\/\">Continue reading <span class=\"meta-nav\">&rarr;<\/span><\/a><\/p>\n","protected":false},"author":299,"featured_media":0,"parent":0,"menu_order":3,"comment_status":"closed","ping_status":"open","template":"","meta":{"footnotes":""},"class_list":["post-202","page","type-page","status-publish","hentry"],"_links":{"self":[{"href":"https:\/\/blogs.univ-tlse2.fr\/aieo2017\/wp-json\/wp\/v2\/pages\/202","targetHints":{"allow":["GET"]}}],"collection":[{"href":"https:\/\/blogs.univ-tlse2.fr\/aieo2017\/wp-json\/wp\/v2\/pages"}],"about":[{"href":"https:\/\/blogs.univ-tlse2.fr\/aieo2017\/wp-json\/wp\/v2\/types\/page"}],"author":[{"embeddable":true,"href":"https:\/\/blogs.univ-tlse2.fr\/aieo2017\/wp-json\/wp\/v2\/users\/299"}],"replies":[{"embeddable":true,"href":"https:\/\/blogs.univ-tlse2.fr\/aieo2017\/wp-json\/wp\/v2\/comments?post=202"}],"version-history":[{"count":48,"href":"https:\/\/blogs.univ-tlse2.fr\/aieo2017\/wp-json\/wp\/v2\/pages\/202\/revisions"}],"predecessor-version":[{"id":1136,"href":"https:\/\/blogs.univ-tlse2.fr\/aieo2017\/wp-json\/wp\/v2\/pages\/202\/revisions\/1136"}],"wp:attachment":[{"href":"https:\/\/blogs.univ-tlse2.fr\/aieo2017\/wp-json\/wp\/v2\/media?parent=202"}],"curies":[{"name":"wp","href":"https:\/\/api.w.org\/{rel}","templated":true}]}}