 {"id":234,"date":"2013-01-09T22:10:15","date_gmt":"2013-01-09T22:10:15","guid":{"rendered":"http:\/\/aieo2014.blog.cat\/?page_id=234"},"modified":"2016-12-06T06:50:22","modified_gmt":"2016-12-06T05:50:22","slug":"organizaires-2","status":"publish","type":"page","link":"https:\/\/blogs.univ-tlse2.fr\/aieo2017\/organizaires-2\/","title":{"rendered":"Organizaires"},"content":{"rendered":"<p>&nbsp;<\/p>\n<p><strong>Comitat d&#8217;organizacion<\/strong><\/p>\n<p>Lo comitat d\u2019organizacion se compausa de cercaires de l\u2019Universitat Tolosa-Joan Jaur\u00e9s e del Centre nacional universitari Champollion (Albi) :<\/p>\n<ul>\n<li>Miriam Bras (CLLE-ERSS)<\/li>\n<li>Dominique Billy (CLLE-ERSS)<\/li>\n<li>Joan-P\u00e8ire Cavaill\u00e9 (LISST)<\/li>\n<li>Gauti\u00e8r Couffin (INUC, Albi)<\/li>\n<li>Joan-Franc\u00e9s Courouau (PLH), coordinator<\/li>\n<li>Elena Debax (FRAMESPA)<\/li>\n<li>Jo\u00e8la Ginestet (PLH)<\/li>\n<li>Jacme Gourc (PLH)<\/li>\n<li>Crist\u00f2l Imbert (LLA)<\/li>\n<li>Elena Ricaud-Drosiy (LPS-DT)<\/li>\n<li>Patric Sauzet (CLLE-ERSS)<\/li>\n<li>Raf\u00e8u Sichel-Bazin (CLLE-ERSS)<\/li>\n<\/ul>\n<p>&nbsp;<\/p>\n<p><b>Comitat scientific<\/b><\/p>\n<p>Lo comitat scientific se compausa dels membres del Conselh d&#8217;administracion de l&#8217;AIEO :<\/p>\n<p>&nbsp;<\/p>\n<ul>\n<li>Aitor Carrera (Universitat de Lleida)<\/li>\n<li>Jean-Pierre Chambon (Universit\u00e9 Paris-Sorbonne)<\/li>\n<li>Jo\u00eblle Ginestet (Universit\u00e9 Toulouse-Jean Jaur\u00e8s)<\/li>\n<li>Giosu\u00e8 Lachin (Universit\u00e0 di Venezia)<\/li>\n<li>Guy Latry (Universit\u00e9 Bordeaux-Montaigne)<\/li>\n<li>Catherine L\u00e9glu (University of reading)<\/li>\n<li>Herv\u00e9 Lieutard (Universit\u00e9 Paul-Val\u00e9ry, Montpellier)<\/li>\n<li>Rosa Medina Granda (Universidad de Oviedo)<\/li>\n<li>Trudel Meisenburg (Universit\u00e4t Osnabr\u00fcck)<\/li>\n<li>Wendy Pfeffer (University of Louisville)<\/li>\n<li>Claus-Dieter Pusch (Universit\u00e4t Freiburg im Breisgau)<\/li>\n<li>Domergue Sumien<\/li>\n<li>Sergio Vatteroni (Universit\u00e0 di Udine)<\/li>\n<\/ul>\n<p>&nbsp;<\/p>\n<p>e dels cercaires seguents :<\/p>\n<ul>\n<li>Miqu\u00e8l Banniard (EPHE, Universitat Tolosa-Joan Jaur\u00e9s)<\/li>\n<li>Dominique Billy (Universitat Tolosa-Joan Jaur\u00e9s)<\/li>\n<li>Domenge Blanc (Universitat Tolosa-Joan Jaur\u00e9s)<\/li>\n<li>Miriam Bras (Universitat Tolosa-Joan Jaur\u00e9s)<\/li>\n<li>Joan-Ives Casanova (Universitat de Pau)<\/li>\n<li>Dani\u00e8l Lacroix (Universitat Tolosa-Joan Jaur\u00e9s)<\/li>\n<li>Lauren\u00e7 Mac\u00e9 (Universitat Tolosa-Joan Jaur\u00e9s)<\/li>\n<li>Patrici Poujade (Universitat de Perpinhan)<\/li>\n<li>Patric Sauzet (Universitat Tolosa-Joan Jaur\u00e9s)<\/li>\n<li>Joan Sibille (CNRS, Universitat Tolosa-Joan Jaur\u00e9s)<\/li>\n<li>Arvei Terral (Universitat Tolosa-Joan Jaur\u00e9s)<\/li>\n<\/ul>\n<p>&nbsp;<\/p>\n<p>&nbsp;<\/p>\n<p>&nbsp;<\/p>","protected":false},"excerpt":{"rendered":"<p>&nbsp; Comitat d&#8217;organizacion Lo comitat d\u2019organizacion se compausa de cercaires de l\u2019Universitat Tolosa-Joan Jaur\u00e9s e del Centre nacional universitari Champollion (Albi) : Miriam Bras (CLLE-ERSS) Dominique Billy (CLLE-ERSS) Joan-P\u00e8ire Cavaill\u00e9 (LISST) Gauti\u00e8r Couffin (INUC, Albi) Joan-Franc\u00e9s Courouau (PLH), coordinator Elena &hellip; <a href=\"https:\/\/blogs.univ-tlse2.fr\/aieo2017\/organizaires-2\/\">Continue reading <span class=\"meta-nav\">&rarr;<\/span><\/a><\/p>\n","protected":false},"author":299,"featured_media":0,"parent":0,"menu_order":8,"comment_status":"closed","ping_status":"open","template":"","meta":{"footnotes":""},"class_list":["post-234","page","type-page","status-publish","hentry"],"_links":{"self":[{"href":"https:\/\/blogs.univ-tlse2.fr\/aieo2017\/wp-json\/wp\/v2\/pages\/234","targetHints":{"allow":["GET"]}}],"collection":[{"href":"https:\/\/blogs.univ-tlse2.fr\/aieo2017\/wp-json\/wp\/v2\/pages"}],"about":[{"href":"https:\/\/blogs.univ-tlse2.fr\/aieo2017\/wp-json\/wp\/v2\/types\/page"}],"author":[{"embeddable":true,"href":"https:\/\/blogs.univ-tlse2.fr\/aieo2017\/wp-json\/wp\/v2\/users\/299"}],"replies":[{"embeddable":true,"href":"https:\/\/blogs.univ-tlse2.fr\/aieo2017\/wp-json\/wp\/v2\/comments?post=234"}],"version-history":[{"count":19,"href":"https:\/\/blogs.univ-tlse2.fr\/aieo2017\/wp-json\/wp\/v2\/pages\/234\/revisions"}],"predecessor-version":[{"id":970,"href":"https:\/\/blogs.univ-tlse2.fr\/aieo2017\/wp-json\/wp\/v2\/pages\/234\/revisions\/970"}],"wp:attachment":[{"href":"https:\/\/blogs.univ-tlse2.fr\/aieo2017\/wp-json\/wp\/v2\/media?parent=234"}],"curies":[{"name":"wp","href":"https:\/\/api.w.org\/{rel}","templated":true}]}}