 {"id":262,"date":"2013-01-22T17:03:48","date_gmt":"2013-01-22T17:03:48","guid":{"rendered":"http:\/\/aieo2014.blog.cat\/?page_id=262"},"modified":"2016-03-05T11:57:21","modified_gmt":"2016-03-05T10:57:21","slug":"cossi-arribar-a-lheida","status":"publish","type":"page","link":"https:\/\/blogs.univ-tlse2.fr\/aieo2017\/informacions-practicas-2\/cossi-arribar-a-lheida\/","title":{"rendered":"Coss\u00ed arribar as Albi"},"content":{"rendered":"<p>&nbsp;<\/p>\n<p>Albi es una vila que s&#8217;i p\u00f2t accedir aisidament.<\/p>\n<p>&nbsp;<\/p>\n<p><a href=\"http:\/\/aieo2014.blog.cat\/informacions-practicas-2\/cossi-arribar-a-lheida\/plane_image\/\" rel=\"attachment wp-att-277\"><img loading=\"lazy\" decoding=\"async\" class=\"alignleft size-full wp-image-277\" src=\"https:\/\/blogs.univ-tlse2.fr\/aieo2017\/files\/2013\/01\/plane_image.png\" alt=\"plane_image\" width=\"104\" height=\"66\" \/><\/a><\/p>\n<p><b><span style=\"color: #000000\">En avion<\/span><\/b><\/p>\n<p>&nbsp;<\/p>\n<p><span class=\"SYSPEpara2-Value2\"><a title=\"Albi a\u00e9roport\" href=\"http:\/\/aeroport.albi.aero\/fr\/\"><b>Aerop\u00f2rt Albi Lo Sequ\u00e8stre<\/b><\/a><br \/>\nTel : 05 63 54 38 49<br \/>\nAerodr\u00f2ma de vocacion d\u2019aviacion d\u2019afars, d\u2019entrainament e de torisme<br \/>\n<a title=\"Toulouse A\u00e9roport\" href=\"http:\/\/www.toulouse.aeroport.fr\/\" target=\"_blank\"><b>Aerop\u00f2rt de Tolosa Blanhac<\/b><\/a><br \/>\nTel : 0 825 380 000 (0.15\u20ac\/mn)<br \/>\nCorrespond\u00e9ncias nacionalas e internacionalas<br \/>\nTemps de traj\u00e8cte Albi\/Blanhac : 1 ora per A68<br \/>\n<a title=\"A\u00e9roport Castres Mazamet\" href=\"http:\/\/www.castres-mazamet.aeroport.fr\/\" target=\"_blank\"><b>Aerop\u00f2rt de Castras Masamet<\/b><\/a><br \/>\nTel : 05 63 70 34 77<br \/>\nCorrespond\u00e9ncias Airlinair per Par\u00eds<br \/>\nTemps de traj\u00e8cte d&#8217;Albi per RN 112 : 45mn<br \/>\n<a title=\"A\u00e9roport Rodez\" href=\"http:\/\/www.aeroport-rodez.fr\/\" target=\"_blank\"><b>Aerop\u00f2rt de Rod\u00e9s<\/b><\/a><br \/>\nTel : 05 65 76 02 09 Correspond\u00e9ncias per Par\u00eds, Lion, Londres Temps de traj\u00e8cte Albi\/Rod\u00e9s per RN 88 : 1 ora 15 mn<br \/>\n<\/span><\/p>\n<p>&nbsp;<\/p>\n<p><a href=\"http:\/\/aieo2014.blog.cat\/informacions-practicas-2\/cossi-arribar-a-lheida\/symbol_bus\/\" rel=\"attachment wp-att-278\"><img loading=\"lazy\" decoding=\"async\" class=\"alignleft size-full wp-image-278\" src=\"https:\/\/blogs.univ-tlse2.fr\/aieo2017\/files\/2013\/01\/symbol_bus.gif\" alt=\"symbol_bus\" width=\"125\" height=\"125\" \/><\/a><b><span style=\"color: #000000\">En bus<\/span><\/b><\/p>\n<p><span class=\"SYSPEpara2-Value2\">Tarn Bus<br \/>\nTel 33 (0)5 63 45 64 81 &#8211; <a href=\"&#109;a&#x69;l&#x74;o&#x3a;t&#x61;r&#x6e;b&#x75;s&#x40;c&#x67;8&#x31;&#46;&#x66;&#114;\">&#x74;a&#x72;&#x6e;b&#x75;&#115;&#64;&#x63;&#103;8&#x31;&#46;&#x66;&#x72;<\/a><br \/>\nAlbi \/ Castras, C\u00f2rdes, Galhac etc&#8230;<br \/>\nGara Roti\u00e8ra<br \/>\nPla\u00e7a Joan Jaur\u00e9s 81000 Albi<br \/>\nTel : 33 (0)5 63 80 57 64<\/span><\/p>\n<p>&nbsp;<\/p>\n<p><a href=\"http:\/\/aieo2014.blog.cat\/informacions-practicas-2\/cossi-arribar-a-lheida\/train_symbol\/\" rel=\"attachment wp-att-279\"><img loading=\"lazy\" decoding=\"async\" class=\"alignleft size-full wp-image-279\" src=\"https:\/\/blogs.univ-tlse2.fr\/aieo2017\/files\/2013\/01\/train_symbol.gif\" alt=\"train_symbol\" width=\"112\" height=\"108\" \/><\/a><\/p>\n<p><span style=\"color: #000000\"><b>En tren<\/b><\/span><\/p>\n<p>&nbsp;<\/p>\n<p><span class=\"SYSPEpara2-Value2\"><span style=\"color: #999999\"><b>SNCF<\/b><\/span><br \/>\nContacte : 3635 ou 08 36 35 35 35<br \/>\nEstanc gara : Albi-Vila, lo centre-vila se tr\u00f2ba a 15 minutas a p\u00e8.<br \/>\nPar\u00eds\/Tolosa\/Albi : <span class=\"SYSPEpara2-Value2\">Ligasons<\/span> quotidianas<br \/>\nTolosa\/Albi : 17 Ligasons quotidianas<br \/>\n<b><a title=\"SNCF - recherche horaires et lignes\" href=\"http:\/\/www.ter.sncf.com\/midi-pyrenees\" target=\"_blank\">Entresenhatz-vos suls oraris<\/a><\/b><\/span><\/p>\n<p>&nbsp;<\/p>\n<p><a href=\"http:\/\/aieo2014.blog.cat\/informacions-practicas-2\/cossi-arribar-a-lheida\/car_symbol\/\" rel=\"attachment wp-att-276\"><img loading=\"lazy\" decoding=\"async\" class=\"alignleft size-full wp-image-276\" src=\"https:\/\/blogs.univ-tlse2.fr\/aieo2017\/files\/2013\/01\/car_symbol.gif\" alt=\"car_symbol\" width=\"125\" height=\"125\" \/><\/a><\/p>\n<p><b><span style=\"color: #000000\">En veitura<\/span><\/b><\/p>\n<p><span style=\"color: #000000\"><span class=\"SYSPEpara2-Value2\">La vila d&#8217;Albi es accessibla de Tolosa per l&#8217;autorota A68.<br \/>\n<\/span><\/span><\/p>\n<p><span style=\"color: #000000\"><span class=\"SYSPEpara2-Value2\"><br \/>\nCalcular v\u00f2stre itinerari : <a href=\"http:\/\/www.viamichelin.fr\/\" target=\"_blank\"><b>http:\/\/www.viamichelin.fr<\/b><\/a><b><br \/>\nViatjar autrament : <a title=\"Voyager autrement en Midi Pyr\u00e9n\u00e9es\" href=\"http:\/\/www.mobimipy.fr\/midipy\/Voyager-autrement\/Covoiturage\">Covoiturage en Midi-Pyr\u00e9n\u00e9es<\/a><\/b><\/span><\/span><\/p>\n<p><br style=\"color: #000000\" \/><span style=\"color: #000000\"><span style=\"font-family: Times New Roman\">\u00a0<\/span><\/span><\/p>\n<table border=\"0\" width=\"100%\" cellspacing=\"0\" cellpadding=\"0\">\n<tbody>\n<tr>\n<td>\n<table class=\"SYSPEpara2-1-6\" border=\"0\" width=\"100%\" cellspacing=\"0\" cellpadding=\"0\">\n<tbody>\n<tr valign=\"top\">\n<td id=\"bordureGauche4\">\n<h2 class=\"SYSPEpara2-Value1\"><strong>Servici de navetas aerop\u00f2rt Tolosa-Blanhac\/Albi<\/strong><\/h2>\n<\/td>\n<\/tr>\n<\/tbody>\n<\/table>\n<\/td>\n<\/tr>\n<tr>\n<td><img loading=\"lazy\" decoding=\"async\" src=\"http:\/\/www.albi-tourisme.fr\/fr\/s-informer-\/-reserver\/design\/c.gif\" alt=\"\" width=\"1\" height=\"8\" border=\"0\" \/><\/td>\n<\/tr>\n<tr>\n<td>\n<div class=\"SYSPEpara2-1-6-content\"><span class=\"SYSPEpara2-Value2\"><a title=\"Aeroport express navette\" href=\"http:\/\/www.aeroport-express.fr\" target=\"_blank\"><b>A\u00e9roport Express<\/b><\/a><br \/>\nNaveta Albi Aerop\u00f2rt Tolosa-Blanhac, transferiments e excursions grops e personas de mobilitat reducha (1\/8 personas)<br \/>\n7\/7 &#8211; 24\/24 &#8211; conductor bilingue franc\u00e9s\/angl\u00e9s &#8211; Sus reservacion<br \/>\nTel: 33 (0)563 332 113 Mail : &#x61;&#101;ro&#x70;&#x6f;rt&#x65;&#x78;pr&#x65;&#x73;&#115;8&#x31;&#x40;&#103;m&#x61;&#x69;&#108;&#46;&#x63;&#x6f;&#109;<br \/>\n<b><a class=\"\" title=\"Econavette a\u00e9roport\" href=\"http:\/\/www.eco-navette.fr\/\" target=\"_blank\">Econavette<\/a><\/b><br \/>\nServici privat de transp\u00f2rt collectiu de viatjaires a destinacion dels aerop\u00f2rts.<br \/>\n7\/7 &#8211; 24\/24<br \/>\nTel.33 (0)5 67 33 93 23 &#8211; Mail : scl-tarn&#64;eco-navett&#101;&#46;&#102;&#114;<br \/>\n<span style=\"color: #0000ff\">Albi taxi radio<\/span><br \/>\nVe\u00efcul climatizat, 7\/7, Toutes distances &#8211; transfert a\u00e9roport.<br \/>\nTel.33 (0)6 12 99 42 46<br \/>\n<span style=\"color: #0000ff\">Taxi Sylvie<\/span><br \/>\nVe\u00efcul climatizat, totas dist\u00e0ncias &#8211; transferiment aerop\u00f2rt.<br \/>\nTel.33 (0)6 76 19 47 31<br \/>\n<b><a title=\"O Chauffeur\" href=\"http:\/\/www.o-chauffeur.com\/\" target=\"_blank\">O Chauffeur<\/a><\/b><br \/>\nVeitura de transp\u00f2rt amb conductor<br \/>\nTransferiment Aerop\u00f2rt Tolosa-Albi dins un ve\u00efcul tot conf\u00f2rt. Conductor bilingue franc\u00e9s\/angl\u00e9s &#8211; 7\/7<br \/>\nTel. 33 (0)6 21 04 54 17<\/span><\/div>\n<\/td>\n<\/tr>\n<\/tbody>\n<\/table>\n<p>&nbsp;<\/p>\n<p>&nbsp;<\/p>\n<p><b><span style=\"color: #000000\">Per mai d\u2019entresenhas :<\/span><\/b><\/p>\n<p><span class=\"SYSPEpara2-Value2\">Ofici de Torisme, pla\u00e7a Santa-Ceselha, 81000 Albi<br \/>\nTel. :<b> 33 (0)5 63 36 36 00<\/b><br \/>\n<b><a>Mandatz un<\/a><a href=\"mai&#108;&#x74;&#x6f;&#x3a;&#x61;ccu&#101;&#x69;&#x6c;&#x40;&#x61;lbi&#116;&#111;&#x75;&#x72;&#x69;&#x73;me&#46;&#99;&#x6f;&#x6d;\"> mail<\/a><\/b>, via lo<b><a title=\"Office de Tourisme Albi\" href=\"http:\/\/www.albi-tourisme.fr\/fr\/pagesEditos.asp?id=DE10AE2D&amp;idpage=261\" target=\"_blank\"> formulari en linha <\/a><\/b><\/span><\/p>\n<p>&nbsp;<\/p>","protected":false},"excerpt":{"rendered":"<p>&nbsp; Albi es una vila que s&#8217;i p\u00f2t accedir aisidament. &nbsp; En avion &nbsp; Aerop\u00f2rt Albi Lo Sequ\u00e8stre Tel : 05 63 54 38 49 Aerodr\u00f2ma de vocacion d\u2019aviacion d\u2019afars, d\u2019entrainament e de torisme Aerop\u00f2rt de Tolosa Blanhac Tel : &hellip; <a href=\"https:\/\/blogs.univ-tlse2.fr\/aieo2017\/informacions-practicas-2\/cossi-arribar-a-lheida\/\">Continue reading <span class=\"meta-nav\">&rarr;<\/span><\/a><\/p>\n","protected":false},"author":299,"featured_media":0,"parent":236,"menu_order":0,"comment_status":"closed","ping_status":"open","template":"","meta":{"footnotes":""},"class_list":["post-262","page","type-page","status-publish","hentry"],"_links":{"self":[{"href":"https:\/\/blogs.univ-tlse2.fr\/aieo2017\/wp-json\/wp\/v2\/pages\/262","targetHints":{"allow":["GET"]}}],"collection":[{"href":"https:\/\/blogs.univ-tlse2.fr\/aieo2017\/wp-json\/wp\/v2\/pages"}],"about":[{"href":"https:\/\/blogs.univ-tlse2.fr\/aieo2017\/wp-json\/wp\/v2\/types\/page"}],"author":[{"embeddable":true,"href":"https:\/\/blogs.univ-tlse2.fr\/aieo2017\/wp-json\/wp\/v2\/users\/299"}],"replies":[{"embeddable":true,"href":"https:\/\/blogs.univ-tlse2.fr\/aieo2017\/wp-json\/wp\/v2\/comments?post=262"}],"version-history":[{"count":8,"href":"https:\/\/blogs.univ-tlse2.fr\/aieo2017\/wp-json\/wp\/v2\/pages\/262\/revisions"}],"predecessor-version":[{"id":755,"href":"https:\/\/blogs.univ-tlse2.fr\/aieo2017\/wp-json\/wp\/v2\/pages\/262\/revisions\/755"}],"up":[{"embeddable":true,"href":"https:\/\/blogs.univ-tlse2.fr\/aieo2017\/wp-json\/wp\/v2\/pages\/236"}],"wp:attachment":[{"href":"https:\/\/blogs.univ-tlse2.fr\/aieo2017\/wp-json\/wp\/v2\/media?parent=262"}],"curies":[{"name":"wp","href":"https:\/\/api.w.org\/{rel}","templated":true}]}}