 {"id":264,"date":"2013-01-22T17:04:42","date_gmt":"2013-01-22T17:04:42","guid":{"rendered":"http:\/\/aieo2014.blog.cat\/?page_id=264"},"modified":"2016-04-01T19:51:18","modified_gmt":"2016-04-01T17:51:18","slug":"lotjament","status":"publish","type":"page","link":"https:\/\/blogs.univ-tlse2.fr\/aieo2017\/informacions-practicas-2\/lotjament\/","title":{"rendered":"Lotjament"},"content":{"rendered":"<p>&nbsp;<\/p>\n<p>Albi es una vila f\u00f2r\u00e7a toristica, inscricha despu\u00e8i 2010 al Patrim\u00f2ni mondial de l&#8217;umanitat (UNESCO), f\u00f2r\u00e7a visitada en estiu. Vos conselham d&#8217;efectuar v\u00f2stra reservacion pro d&#8217;ora.<\/p>\n<p>Per prene coneissen\u00e7a de las possibilitats d&#8217;albergament dins las 23 ostalari\u00e1s d&#8217;Albi e de sa region, clicatz sul site de l&#8217;Ofici de Torisme d&#8217;Albi : <a href=\"http:\/\/www.albi-tourisme.fr\/fr\/sejourner\/hebergements.html?page=1\">aqu\u00ed<\/a>.<\/p>\n<p>Aqu\u00ed una seleccion d&#8217;ostalari\u00e1s situadas a proximitat del Centre universitari nacional Champollion ont se debana lo Congr\u00e8s :<\/p>\n<p><a href=\"https:\/\/blogs.univ-tlse2.fr\/aieo2017\/files\/2016\/03\/plan-albi-ocr.pdf\" target=\"_blank\"><img loading=\"lazy\" decoding=\"async\" class=\"alignnone size-full wp-image-857\" src=\"https:\/\/blogs.univ-tlse2.fr\/aieo2017\/files\/2016\/03\/plan-albi-oc.png\" alt=\"plan-albi-oc\" width=\"842\" height=\"595\" srcset=\"https:\/\/blogs.univ-tlse2.fr\/aieo2017\/files\/2016\/03\/plan-albi-oc.png 842w, https:\/\/blogs.univ-tlse2.fr\/aieo2017\/files\/2016\/03\/plan-albi-oc-300x212.png 300w, https:\/\/blogs.univ-tlse2.fr\/aieo2017\/files\/2016\/03\/plan-albi-oc-768x543.png 768w\" sizes=\"auto, (max-width: 842px) 100vw, 842px\" \/><\/a><\/p>\n<p><strong><a href=\"http:\/\/www.fabulhouse.fr\/\">G\u00eete Fabul&#8217;house<\/a><\/strong><br \/>\n61 avenguda Marescal Foch<\/p>\n<p><strong><a href=\"http:\/\/www.hotel-le-rochegude.com\/\">H\u00f4tel Le Rochegude<\/a>**<\/strong><br \/>\n41 avenguda Marescal Foch<\/p>\n<p><strong><a href=\"http:\/\/www.hotel-orleans-albi.com\/\">Grand H\u00f4tel d\u2019Orl\u00e9ans<\/a>***<\/strong><br \/>\nPla\u00e7a Stalingrad<\/p>\n<p><strong><a href=\"http:\/\/www.hotel-du-parc-albi.com\/\">H\u00f4tel Brasserie du Parc<\/a>**<\/strong><br \/>\n3 avenguda del Parc<\/p>\n<p><strong><a href=\"http:\/\/www.ibis.com\/fr\/hotel-5914-ibis-albi\/index.shtml\">Ibis Albi<\/a>***<\/strong><br \/>\n16 avenguda Gambetta<\/p>\n<p><strong><a href=\"http:\/\/www.hotel-laperouse.com\/\">Hotel Laperouse<\/a>**<\/strong><br \/>\n21 pla\u00e7a Lap\u00e9rouse<\/p>\n<p><strong><a href=\"http:\/\/www.accorhotels.com\/fr\/hotel-5602-ibis-budget-albi-centre\/index.shtml\">Ibis budget Centre<\/a>**<\/strong><br \/>\n16 carri\u00e8ra Castelginest<\/p>\n<p><strong><a href=\"http:\/\/www.hotelvigan.com\/\">H\u00f4tel du Vigan<\/a>***<\/strong><br \/>\n16 pla\u00e7a del Vigan<\/p>\n<p><strong><a href=\"http:\/\/alchimyalbi.fr\/fr\/\">H\u00f4tel Alchimy<\/a>****<\/strong><br \/>\n10-12 pla\u00e7a del Palais<\/p>","protected":false},"excerpt":{"rendered":"<p>&nbsp; Albi es una vila f\u00f2r\u00e7a toristica, inscricha despu\u00e8i 2010 al Patrim\u00f2ni mondial de l&#8217;umanitat (UNESCO), f\u00f2r\u00e7a visitada en estiu. Vos conselham d&#8217;efectuar v\u00f2stra reservacion pro d&#8217;ora. Per prene coneissen\u00e7a de las possibilitats d&#8217;albergament dins las 23 ostalari\u00e1s d&#8217;Albi e &hellip; <a href=\"https:\/\/blogs.univ-tlse2.fr\/aieo2017\/informacions-practicas-2\/lotjament\/\">Continue reading <span class=\"meta-nav\">&rarr;<\/span><\/a><\/p>\n","protected":false},"author":299,"featured_media":0,"parent":236,"menu_order":0,"comment_status":"closed","ping_status":"open","template":"","meta":{"footnotes":""},"class_list":["post-264","page","type-page","status-publish","hentry"],"_links":{"self":[{"href":"https:\/\/blogs.univ-tlse2.fr\/aieo2017\/wp-json\/wp\/v2\/pages\/264","targetHints":{"allow":["GET"]}}],"collection":[{"href":"https:\/\/blogs.univ-tlse2.fr\/aieo2017\/wp-json\/wp\/v2\/pages"}],"about":[{"href":"https:\/\/blogs.univ-tlse2.fr\/aieo2017\/wp-json\/wp\/v2\/types\/page"}],"author":[{"embeddable":true,"href":"https:\/\/blogs.univ-tlse2.fr\/aieo2017\/wp-json\/wp\/v2\/users\/299"}],"replies":[{"embeddable":true,"href":"https:\/\/blogs.univ-tlse2.fr\/aieo2017\/wp-json\/wp\/v2\/comments?post=264"}],"version-history":[{"count":40,"href":"https:\/\/blogs.univ-tlse2.fr\/aieo2017\/wp-json\/wp\/v2\/pages\/264\/revisions"}],"predecessor-version":[{"id":901,"href":"https:\/\/blogs.univ-tlse2.fr\/aieo2017\/wp-json\/wp\/v2\/pages\/264\/revisions\/901"}],"up":[{"embeddable":true,"href":"https:\/\/blogs.univ-tlse2.fr\/aieo2017\/wp-json\/wp\/v2\/pages\/236"}],"wp:attachment":[{"href":"https:\/\/blogs.univ-tlse2.fr\/aieo2017\/wp-json\/wp\/v2\/media?parent=264"}],"curies":[{"name":"wp","href":"https:\/\/api.w.org\/{rel}","templated":true}]}}