 {"id":547,"date":"2014-04-14T10:56:02","date_gmt":"2014-04-14T10:56:02","guid":{"rendered":"http:\/\/aieo2014.blog.cat\/?page_id=547"},"modified":"2017-08-26T10:26:48","modified_gmt":"2017-08-26T08:26:48","slug":"documentacion-complementaria","status":"publish","type":"page","link":"https:\/\/blogs.univ-tlse2.fr\/aieo2017\/documentacion-complementaria\/","title":{"rendered":"Documents complementaris"},"content":{"rendered":"<p>&nbsp;<\/p>\n<p><a href=\"https:\/\/blogs.univ-tlse2.fr\/aieo2017\/wp-content\/blogs.dir\/165\/files\/2017\/08\/Sovenirs.pdf\">L&#8217;album-f\u00f2tos del Congr\u00e8s (PDF)<\/a><\/p>\n<p><a href=\"https:\/\/blogs.univ-tlse2.fr\/aieo2017\/wp-content\/blogs.dir\/165\/files\/2017\/07\/ConcertMardi.pdf\">Lo programa dels conc\u00e8rts del dimars 11 de julh (PDF)<\/a><\/p>\n<p><a href=\"https:\/\/blogs.univ-tlse2.fr\/aieo2017\/wp-content\/blogs.dir\/165\/files\/2017\/07\/ProgrammeExcursion.pdf\">Lo programa de l&#8217;escorreguda dins Tarn dim\u00e8cres 12 de julh (PDF)<\/a><\/p>\n<p><a href=\"https:\/\/blogs.univ-tlse2.fr\/aieo2017\/wp-content\/blogs.dir\/165\/files\/2017\/07\/ConcertTalvera.pdf\">Lo programa del conc\u00e8rt del dim\u00e8cres 12 de julh (PDF)<\/a><\/p>\n<p><a href=\"https:\/\/blogs.univ-tlse2.fr\/aieo2017\/wp-content\/blogs.dir\/165\/files\/2017\/07\/FilmsAIEO.pdf\">Los filmes del dij\u00f2us 13 de julh (PDF)<\/a><\/p>\n<p><a href=\"https:\/\/blogs.univ-tlse2.fr\/aieo2017\/wp-content\/blogs.dir\/165\/files\/2017\/07\/ChifrasCongresAIEO.pdf\">Qualques chifras sul Congr\u00e8s d&#8217;Albi (PDF)<\/a><\/p>\n<p><a href=\"https:\/\/blogs.univ-tlse2.fr\/aieo2017\/wp-content\/blogs.dir\/165\/files\/2017\/08\/Stats_Lengas.pdf\">D&#8217;autras chifras : lengas utilizadas (PDF)<\/a><\/p>\n<p><a href=\"https:\/\/blogs.univ-tlse2.fr\/aieo2017\/wp-content\/blogs.dir\/165\/files\/2017\/07\/DossPresCongrAIEO.pdf\">Lo dorsi\u00e8r de premsa (PDF)<\/a><\/p>\n<p>&nbsp;<\/p>\n<p>&nbsp;<\/p>\n<p>&nbsp;<\/p>\n<p>&nbsp;<\/p>","protected":false},"excerpt":{"rendered":"<p>&nbsp; L&#8217;album-f\u00f2tos del Congr\u00e8s (PDF) Lo programa dels conc\u00e8rts del dimars 11 de julh (PDF) Lo programa de l&#8217;escorreguda dins Tarn dim\u00e8cres 12 de julh (PDF) Lo programa del conc\u00e8rt del dim\u00e8cres 12 de julh (PDF) Los filmes del dij\u00f2us &hellip; <a href=\"https:\/\/blogs.univ-tlse2.fr\/aieo2017\/documentacion-complementaria\/\">Continue reading <span class=\"meta-nav\">&rarr;<\/span><\/a><\/p>\n","protected":false},"author":299,"featured_media":0,"parent":0,"menu_order":12,"comment_status":"closed","ping_status":"closed","template":"","meta":{"footnotes":""},"class_list":["post-547","page","type-page","status-publish","hentry"],"_links":{"self":[{"href":"https:\/\/blogs.univ-tlse2.fr\/aieo2017\/wp-json\/wp\/v2\/pages\/547","targetHints":{"allow":["GET"]}}],"collection":[{"href":"https:\/\/blogs.univ-tlse2.fr\/aieo2017\/wp-json\/wp\/v2\/pages"}],"about":[{"href":"https:\/\/blogs.univ-tlse2.fr\/aieo2017\/wp-json\/wp\/v2\/types\/page"}],"author":[{"embeddable":true,"href":"https:\/\/blogs.univ-tlse2.fr\/aieo2017\/wp-json\/wp\/v2\/users\/299"}],"replies":[{"embeddable":true,"href":"https:\/\/blogs.univ-tlse2.fr\/aieo2017\/wp-json\/wp\/v2\/comments?post=547"}],"version-history":[{"count":20,"href":"https:\/\/blogs.univ-tlse2.fr\/aieo2017\/wp-json\/wp\/v2\/pages\/547\/revisions"}],"predecessor-version":[{"id":1198,"href":"https:\/\/blogs.univ-tlse2.fr\/aieo2017\/wp-json\/wp\/v2\/pages\/547\/revisions\/1198"}],"wp:attachment":[{"href":"https:\/\/blogs.univ-tlse2.fr\/aieo2017\/wp-json\/wp\/v2\/media?parent=547"}],"curies":[{"name":"wp","href":"https:\/\/api.w.org\/{rel}","templated":true}]}}