 {"id":24,"date":"2021-10-29T19:02:59","date_gmt":"2021-10-29T17:02:59","guid":{"rendered":"https:\/\/blogs.univ-tlse2.fr\/aloes2021\/?page_id=24"},"modified":"2021-11-10T14:40:31","modified_gmt":"2021-11-10T13:40:31","slug":"contact","status":"publish","type":"page","link":"https:\/\/blogs.univ-tlse2.fr\/aloes2021\/contact\/","title":{"rendered":"Contact"},"content":{"rendered":"\n<p>Anne Przewozny-Desriaux <a href=\"&#x6d;&#97;il&#x74;&#x6f;:a&#x6e;&#x6e;&#101;&#46;p&#x72;&#122;ew&#x6f;&#x7a;&#110;y&#x40;&#x75;&#110;iv&#x2d;&#x74;ls&#x65;&#x32;&#46;f&#x72;\">&#x61;nn&#x65;&#46;p&#x72;ze&#x77;oz&#x6e;y&#64;&#x75;ni&#x76;&#45;t&#x6c;&#115;e&#x32;&#46;f&#x72;<\/a><\/p>\n\n\n\n<p>Am\u00e9lie Josselin-Leray <a href=\"&#x6d;&#x61;&#x69;&#x6c;&#x74;&#x6f;&#x3a;&#x61;&#x6d;&#x65;&#x6c;&#x69;&#x65;&#x2e;&#x6a;&#x6f;&#x73;&#x73;&#x65;&#x6c;&#x69;&#x6e;&#x2d;&#x6c;&#x65;&#x72;&#x61;&#x79;&#x40;&#x75;&#x6e;&#x69;&#x76;&#x2d;&#x74;&#x6c;&#x73;&#x65;&#x32;&#x2e;&#x66;&#x72;\">a&#x6d;e&#x6c;&#x69;e&#x2e;j&#111;&#x73;s&#x65;l&#105;&#x6e;-&#x6c;e&#114;&#x61;y&#x40;&#x75;n&#x69;v&#45;&#x74;l&#x73;e&#50;&#x2e;f&#x72;<\/a><\/p>\n\n\n\n<p>Julie Rouaud <a href=\"&#x6d;&#x61;&#105;lto&#x3a;&#x6a;&#x75;&#108;ie&#x2e;&#x72;&#x6f;&#117;au&#x64;&#x40;&#x75;&#110;iv&#x2d;&#x74;&#x6c;&#115;e2&#46;&#x66;&#x72;\">j&#117;&#x6c;&#x69;&#x65;&#46;&#114;&#x6f;&#x75;&#x61;u&#100;&#x40;&#x75;&#x6e;i&#118;&#x2d;&#x74;&#x6c;s&#101;&#x32;&#x2e;&#x66;r<\/a><\/p>\n\n\n\n<p>Nathalie Huet <a href=\"mailto:nathalie&#46;huet&#64;univ-tlse2&#46;fr\">&#x6e;&#x61;&#x74;&#x68;&#x61;&#x6c;&#x69;&#x65;&#x2e;&#x68;&#x75;&#x65;&#x74;&#x40;&#x75;&#x6e;&#x69;&#x76;&#x2d;&#x74;&#x6c;&#x73;&#x65;&#x32;&#x2e;&#x66;&#x72;<\/a><\/p>\n\n\n\n<p><\/p>\n\n\n\n<h2 class=\"wp-block-heading\">Acc\u00e8s<\/h2>\n\n\n\n<p>56 Avenue de l&rsquo;U.R.S.S, 31400 Toulouse<\/p>\n\n\n\n<p>M\u00e9tro Ligne B, arr\u00eat Saint Agne<\/p>\n","protected":false},"excerpt":{"rendered":"<p>Anne Przewozny-Desriaux &#x61;n&#x6e;&#x65;&#46;&#x70;&#114;z&#x65;&#119;o&#x7a;&#110;y&#x40;&#117;n&#x69;v&#x2d;&#x74;l&#x73;&#x65;2&#x2e;&#102;r Am\u00e9lie Josselin-Leray am&#101;&#x6c;&#x69;&#x65;&#46;jo&#115;&#x73;&#x65;&#x6c;in&#45;&#108;&#x65;&#x72;&#x61;y&#64;&#117;&#x6e;&#x69;&#x76;-tl&#115;&#x65;&#x32;&#x2e;fr Julie Rouaud &#106;&#x75;l&#x69;e&#x2e;r&#x6f;u&#x61;u&#100;&#x40;&#117;&#x6e;i&#x76;-&#x74;l&#x73;e&#x32;&#46;&#102;&#x72; Nathalie Huet na&#116;&#x68;&#x61;lie&#46;&#x68;&#x75;et&#64;&#117;&#x6e;&#x69;v-&#116;&#x6c;&#x73;&#x65;2&#46;&#102;&#x72; Acc\u00e8s 56 Avenue de l&rsquo;U.R.S.S, 31400 Toulouse M\u00e9tro Ligne B, arr\u00eat Saint Agne<\/p>\n","protected":false},"author":1068,"featured_media":0,"parent":0,"menu_order":0,"comment_status":"closed","ping_status":"closed","template":"","meta":{"footnotes":""},"class_list":["post-24","page","type-page","status-publish","hentry"],"_links":{"self":[{"href":"https:\/\/blogs.univ-tlse2.fr\/aloes2021\/wp-json\/wp\/v2\/pages\/24","targetHints":{"allow":["GET"]}}],"collection":[{"href":"https:\/\/blogs.univ-tlse2.fr\/aloes2021\/wp-json\/wp\/v2\/pages"}],"about":[{"href":"https:\/\/blogs.univ-tlse2.fr\/aloes2021\/wp-json\/wp\/v2\/types\/page"}],"author":[{"embeddable":true,"href":"https:\/\/blogs.univ-tlse2.fr\/aloes2021\/wp-json\/wp\/v2\/users\/1068"}],"replies":[{"embeddable":true,"href":"https:\/\/blogs.univ-tlse2.fr\/aloes2021\/wp-json\/wp\/v2\/comments?post=24"}],"version-history":[{"count":4,"href":"https:\/\/blogs.univ-tlse2.fr\/aloes2021\/wp-json\/wp\/v2\/pages\/24\/revisions"}],"predecessor-version":[{"id":87,"href":"https:\/\/blogs.univ-tlse2.fr\/aloes2021\/wp-json\/wp\/v2\/pages\/24\/revisions\/87"}],"wp:attachment":[{"href":"https:\/\/blogs.univ-tlse2.fr\/aloes2021\/wp-json\/wp\/v2\/media?parent=24"}],"curies":[{"name":"wp","href":"https:\/\/api.w.org\/{rel}","templated":true}]}}