 {"id":42,"date":"2021-10-29T19:34:38","date_gmt":"2021-10-29T17:34:38","guid":{"rendered":"https:\/\/blogs.univ-tlse2.fr\/aloes2021\/?page_id=42"},"modified":"2021-11-10T14:18:15","modified_gmt":"2021-11-10T13:18:15","slug":"accueil","status":"publish","type":"page","link":"https:\/\/blogs.univ-tlse2.fr\/aloes2021\/","title":{"rendered":"Accueil"},"content":{"rendered":"\n<p class=\"has-text-align-left\">Comme chaque ann\u00e9e impaire, l\u2019ALOES (Association des anglicistes pour les \u00e9tudes de Langue Orale dans l\u2019Enseignement Sup\u00e9rieur, Secondaire et Primaire), qui regroupe les enseignants fran\u00e7ais sp\u00e9cialistes de la langue orale anglaise, qu\u2019ils exercent dans les lyc\u00e9es et coll\u00e8ges ou les universit\u00e9s et grandes \u00e9coles ou \u00e0 l\u2019\u00e9cole primaire et maternelle, organise une journ\u00e9e d\u2019\u00e9tude consacr\u00e9e \u00e0 l\u2019enseignement.<\/p>\n\n\n\n<p class=\"has-text-align-left\">Cette journ\u00e9e d&rsquo;\u00e9tude est co-organis\u00e9e sous l\u2019\u00e9gide de l\u2019unit\u00e9 de recherche Cognition, Langues, Langage, Ergonomie (UMR 5263) et de la SFR-AEF INSPE Toulouse Occitanie-Pyr\u00e9n\u00e9es, en partenariat avec le Rectorat de l\u2019Acad\u00e9mie de Toulouse, et soutenue par le D\u00e9partement des \u00c9tudes du Monde Anglophone de l&rsquo;Universit\u00e9 Toulouse Jean-Jaur\u00e8s.<\/p>\n\n\n\n<p><\/p>\n\n\n\n<h2 class=\"wp-block-heading\">19 novembre 2021 (hybride)<\/h2>\n\n\n\n<h2 class=\"wp-block-heading\">Institut National Sup\u00e9rieur du Professorat et de l&rsquo;Education, Saint-Agne, Toulouse, Occitanie-Pyr\u00e9n\u00e9es<\/h2>\n\n\n\n<p><br><br><br><br><br><br><\/p>\n","protected":false},"excerpt":{"rendered":"<p>Comme chaque ann\u00e9e impaire, l\u2019ALOES (Association des anglicistes pour les \u00e9tudes de Langue Orale dans l\u2019Enseignement Sup\u00e9rieur, Secondaire et Primaire), qui regroupe les enseignants fran\u00e7ais sp\u00e9cialistes de la langue orale anglaise, qu\u2019ils exercent dans les lyc\u00e9es et coll\u00e8ges ou les universit\u00e9s et grandes \u00e9coles ou \u00e0 l\u2019\u00e9cole primaire et maternelle, organise une journ\u00e9e d\u2019\u00e9tude consacr\u00e9e [&hellip;]<\/p>\n","protected":false},"author":1068,"featured_media":0,"parent":0,"menu_order":0,"comment_status":"closed","ping_status":"closed","template":"","meta":{"footnotes":""},"class_list":["post-42","page","type-page","status-publish","hentry"],"_links":{"self":[{"href":"https:\/\/blogs.univ-tlse2.fr\/aloes2021\/wp-json\/wp\/v2\/pages\/42","targetHints":{"allow":["GET"]}}],"collection":[{"href":"https:\/\/blogs.univ-tlse2.fr\/aloes2021\/wp-json\/wp\/v2\/pages"}],"about":[{"href":"https:\/\/blogs.univ-tlse2.fr\/aloes2021\/wp-json\/wp\/v2\/types\/page"}],"author":[{"embeddable":true,"href":"https:\/\/blogs.univ-tlse2.fr\/aloes2021\/wp-json\/wp\/v2\/users\/1068"}],"replies":[{"embeddable":true,"href":"https:\/\/blogs.univ-tlse2.fr\/aloes2021\/wp-json\/wp\/v2\/comments?post=42"}],"version-history":[{"count":6,"href":"https:\/\/blogs.univ-tlse2.fr\/aloes2021\/wp-json\/wp\/v2\/pages\/42\/revisions"}],"predecessor-version":[{"id":84,"href":"https:\/\/blogs.univ-tlse2.fr\/aloes2021\/wp-json\/wp\/v2\/pages\/42\/revisions\/84"}],"wp:attachment":[{"href":"https:\/\/blogs.univ-tlse2.fr\/aloes2021\/wp-json\/wp\/v2\/media?parent=42"}],"curies":[{"name":"wp","href":"https:\/\/api.w.org\/{rel}","templated":true}]}}