 {"id":138,"date":"2013-04-19T20:50:42","date_gmt":"2013-04-19T18:50:42","guid":{"rendered":"https:\/\/blogs.univ-tlse2.fr\/ambassadeurs\/?page_id=138"},"modified":"2021-11-02T15:06:23","modified_gmt":"2021-11-02T14:06:23","slug":"archives","status":"publish","type":"page","link":"https:\/\/blogs.univ-tlse2.fr\/ambassadeurs\/evenements-events\/archives\/?lang=fr","title":{"rendered":"2012 L&rsquo;\u00e9toffe des Ambassadeurs \/ Diplomatic Fabrics"},"content":{"rendered":"<p><\/p>\n<h2><strong>L\u2019ETOFFE DES AMBASSADEURS :<\/strong><\/h2>\n<h2><strong>Les formes de la diplomatie en Europe du XV<sup>\u00e8me<\/sup> au XVII<sup>\u00e8me<\/sup> si\u00e8cle.<\/strong><\/h2>\n<h3>8-10 Novembre 2012<\/h3>\n<h3>Universit\u00e9 Toulouse 2 Le Mirail, Maison de la Recherche, Salle des Actes, D29.<\/h3>\n<p><strong>Texte de cadrage <\/strong> Ce projet vise \u00e0 observer et th\u00e9oriser les formes marginales que recouvrait la diplomatie avant qu&rsquo;elle ne soit strictement d\u00e9finie au XVIII\u00e8me si\u00e8cle. Les r\u00f4les d&rsquo;\u00e9missaire, d&rsquo;ambassadeur, de h\u00e9raut, de m\u00e9diateur ne sont pas propres \u00e0 la premi\u00e8re modernit\u00e9. Acteurs de l&rsquo;ombre plong\u00e9s souvent dans la lumi\u00e8res des fastes de cours, ils ont toujours assum\u00e9 ce r\u00f4le de m\u00e9diation entre les princes. Toutefois, la premi\u00e8re modernit\u00e9 se distingue en ce qu&rsquo;elle permet le d\u00e9veloppement et la syst\u00e9matisation d&rsquo;une forme particuli\u00e8re d&rsquo;ambassade: la diplomatie culturelle.<\/p>\n<p>La circulation d&rsquo;objets d&rsquo;art, d&rsquo;\u00e9toffes pr\u00e9cieuses, de textes, d&rsquo;un monarque \u00e0 un autre par l&rsquo;interm\u00e9diaire d&rsquo;ambassades n&rsquo;est pas une nouveaut\u00e9 \u00e0 l&rsquo;\u00e9poque moderne. Certes, elle confirme le r\u00f4le de l&rsquo;art en tant que monnaie d&rsquo;\u00e9change politique particuli\u00e8re, mais surtout en se syst\u00e9matisant, elle marque le d\u00e9but d&rsquo;un positionnement nouveau face \u00e0 l&rsquo;art et sa diffusion. Suivre la circulation des \u0153uvres d&rsquo;art, de ceux qui les cr\u00e9ent et ceux qui les pourvoient, est un moyen de cartographier les r\u00e9seaux d&rsquo;influence politiques et \u00e9conomiques de la premi\u00e8re modernit\u00e9. Ainsi, il faudra consid\u00e9rer tous les acteurs de la diplomatie culturelle avant d&rsquo;identifier les moyens mat\u00e9riels mis en \u0153uvre pour faire fonctionner ce type de m\u00e9diation ainsi que les lieux parfois inattendus o\u00f9 se pratique ce jeu esth\u00e9tique et diplomatique.<\/p>\n<p><strong>Comit\u00e9 Scientifique<\/strong><\/p>\n<ul>\n<li>&#8211; Pr Michael Barry (Princeton University)<\/li>\n<li>&#8211; Pr Pierre Civil (Paris 3 Sorbonne Nouvelle)<\/li>\n<li>&#8211; Pr Timothy Hampton (Berkeley University)<\/li>\n<li>&#8211; Dr Farah Karim-Cooper (King\u2019s College London-Globe Theatre)<\/li>\n<li>&#8211; Pr Ros King (Centre for Medieval and Renaissance Culture, Southampton University)<\/li>\n<li>&#8211; Pr Jean-Christophe Mayer (Institut de Recherche sur la Renaissance, l&rsquo;\u00e2ge Classique et les Lumi\u00e8res (UMR 5186)-CNRS)<\/li>\n<li>&#8211; Pr Jean-Luc Nardone (Universit\u00e9 de Toulouse Le Mirail-Il Laboratorio (EA4590))<\/li>\n<li>&#8211; Dr Nathalie Rivere de Carles (Universit\u00e9 de Toulouse Le Mirail -CAS (EA 801))<\/li>\n<\/ul>\n<p><strong>Organisation:<\/strong><\/p>\n<ul>\n<li>Pr. Jean-Luc Nardone &amp; Dr Nathalie Rivere de Carles<\/li>\n<li><strong>Unit\u00e9 de Recherche proposant la manifestation<\/strong>: Institut de Recherche Pluridisciplinaire en Arts, Lettres et Langues\u00a0 (IRPALL)<\/li>\n<li><strong>Laboratoires Associ\u00e9s et Partenaires<\/strong>: Laboratoire Cultures Anglo-Saxonnes (EA 801) ; Il Laboratorio (EA 4590); D\u00e9partement des Etudes du Monde Anglophone ; D\u00e9partement d\u2019Italien, UFR LLCE.<\/li>\n<\/ul>\n<p><span style=\"color: #ff0000\">PROGRAMME<\/span><\/p>\n<p><strong>Jeudi 8\/11<\/strong><strong> (Salle des Actes (D29), Maison de la Recherche)<\/strong><\/p>\n<p>13h45 Discours d\u2019ouverture\u00a0 Michel Lehman (directeur de l&rsquo;Institut IRPALL)<\/p>\n<p><strong><em>Th\u00e8me: Ecritures Diplomatiques \u00e0 la Renaissance<\/em><\/strong><\/p>\n<p><em>Pr\u00e9sidente de s\u00e9ance : N. Rivere de Carles<\/em><\/p>\n<p><strong>14H-15h00 Timothy Hampton (Berkeley) : \u00ab Les trait\u00e9s de paix dans la culture renaissante\u00bb.<\/strong><\/p>\n<p>15h00 Jane Newman (UC Irvine) \u00ab Mediating Amicably? The Birth of the Trauerspiel out of the Letter of Westphalia (Andreas Gryphius, <em>Catherina von Georgien, oder Bewehrete Best\u00e4ndigkeit<\/em>, 1645-1655)<\/p>\n<p><em>15h30-15h45<\/em> <em>Pause<\/em><\/p>\n<p>15h45 Jo Craigwood (Cambridge) \u00ab Political Writing, Literary Geographies and the English Embassy in Paris \u00bb<\/p>\n<p>16h15 Diego Pirillo (Berkeley) \u00ab\u00a0Scribes, Heretics and Spies: Giacomo Castelvetro\u2019s Thesoro politico\u00a0\u00bb<\/p>\n<p><em>18h00 R\u00e9ception de bienvenue- concert <\/em><\/p>\n<p><strong>Vendredi 9\/11 <\/strong><strong>(Salle des Actes (D29), Maison de la Recherche)<\/strong><\/p>\n<p><strong>Th\u00e8me : Relations Orient-Europe<\/strong><\/p>\n<p><em>Pr\u00e9sident de S\u00e9ance : Timothy Hampton.<\/em><\/p>\n<p><strong>9H-10h Michael Barry (Princeton) <em>De Legatione Babylonica<\/em><\/strong><\/p>\n<p><em>10h-10h15 Pause <\/em><\/p>\n<p>10h15 Barbara Fuchs (UCLA) \u00ab\u00a0Captives and Renegades as Intermediaries\u00a0\u00bb<\/p>\n<p>10h45 Ladan Niayesh (Paris 7 Diderot) \u00ab\u00a0Costume as Diplomatic Space : The Anglo-Persian-Catholic Case of Sir Robert Sherley\u00a0\u00bb<\/p>\n<p>11h15 Roberta Anderson (Bath Spa University) \u2018We have no great opinion of his wisdom, for coming with a turban on his head\u2019: Ambassadors from the Orient to the Court of St James, 1603 \u2013 1649<\/p>\n<p><em>12h00-14h00 <\/em><em>D\u00e9jeuner.<\/em><\/p>\n<p><strong>Th\u00e8me: Repr\u00e9sentations Diplomatiques: entre r\u00e9alit\u00e9 et fiction <\/strong><\/p>\n<p><em>Pr\u00e9sident de S\u00e9ance : Michel Feuillet.<\/em><\/p>\n<p>14h Christine Duvauchelle (Mus\u00e9e National de la Renaissance) \u00ab Fran\u00e7ois 1er et Soliman le Magnifique. Les Voies de la Diplomatie \u00e0 la Renaissance \u00bb.<\/p>\n<p>14h 30 Gemma Watson (Southampton) \u00ab Diplomacy in action: Roger Machado and the English embassies to Spain, Portugal and Brittany, 1488-1490) \u00bb<\/p>\n<p><em>15h-15h15 Pause<\/em><\/p>\n<p><em>Pr\u00e9sident de s\u00e9ance: Jean-Luc Nardone<\/em><\/p>\n<p>15h15 Nathalie Rivere de Carles (UTM) : \u00ab The space of Proteus: Representing Early Modern English Diplomacy in Jacobean Drama\u00bb.<\/p>\n<p>15h45 Valeria Cimmieri (UTM) \u00ab Le pouvoir performatif de la parole diplomatique dans les trag\u00e9dies italiennes inspir\u00e9es des guerres contre les Turcs \u00bb.<\/p>\n<p><strong>16h30-17h30 Dominique Goy-Blanquet (Picardie-Soci\u00e9t\u00e9 Fran\u00e7aise Shakespeare):<\/strong> <strong>\u00ab Ces petits livres en fran\u00e7ois de Messieurs les Hotmans \u00bb : familles et g\u00e9n\u00e9alogies diplomatiques<\/strong><strong>.<\/strong><\/p>\n<p><em>20h D\u00eener du colloque <\/em><\/p>\n<p><strong>Samedi 10\/11<\/strong><strong>. (Salle des Actes (D29), Maison de la Recherche)<\/strong><\/p>\n<p><strong>Th\u00e8me : Diplomatie, arts visuels et la langue des objets <\/strong><\/p>\n<p><em>Pr\u00e9sident de S\u00e9ance : Michael Barry<\/em>.<\/p>\n<p><strong>9h-10h Michel Feuillet (Lyon 3) \u00ab Chancellerie et diplomatie sous le pinceau de Pinturicchio : l\u2019irr\u00e9sistible ascension politique d\u2019Aeneas Sylvius Piccolomini \u00bb.<\/strong><\/p>\n<p><em>10h-10h15 Pause<\/em><\/p>\n<p>10h15 Sophie Salviati (UTM) \u00ab L\u2019impossible r\u00e9surrection de la croisade : Deux exemples de pr\u00e9sents diplomatiques orientaux \u00e0 Florence entre 1461 et 1487 \u00bb.<\/p>\n<p>10h45 Catherine Fletcher (Sheffield) \u00ab The language of liberality: towards a typology of diplomatic gifts in Renaissance Rome \u00bb<\/p>\n<p>11h15 Jean-Luc Nardone (UTM) \u00ab Des pr\u00e9sents inutiles. Sur l\u2019\u00e9dition lyonnaise du catalogue des dons diplomatiques entre Espagne et Angleterre \u00e0 l\u2019occasion du mariage (rat\u00e9) du Prince de Galles et de l\u2019Infante d\u2019Espagne \u00bb.<\/p>\n<p><em>12h00 D\u00e9jeuner de cl\u00f4ture<\/em><\/p>\n<p><strong>14h30 Conclusions et Visite du Mus\u00e9e des Augustins par Charlotte Riou, Conservatrice (charg\u00e9e des sculptures) du Mus\u00e9e. <\/strong><\/p>\n<p><a href=\"https:\/\/blogs.univ-tlse2.fr\/ambassadeurs\/files\/2012\/10\/RESUMES-ABSTRACTS.pdf\">RESUMES ABSTRACTS<\/a><\/p>","protected":false},"excerpt":{"rendered":"<p>L\u2019ETOFFE DES AMBASSADEURS : Les formes de la diplomatie en Europe du XV\u00e8me au XVII\u00e8me si\u00e8cle. 8-10 Novembre 2012 Universit\u00e9 Toulouse 2 Le Mirail, Maison de la Recherche, Salle des Actes, D29. Texte de cadrage Ce projet vise \u00e0 observer et th\u00e9oriser les formes marginales que recouvrait la diplomatie avant qu&rsquo;elle ne soit strictement d\u00e9finie [&hellip;]<\/p>\n","protected":false},"author":111,"featured_media":0,"parent":644,"menu_order":-1,"comment_status":"closed","ping_status":"closed","template":"","meta":{"footnotes":""},"class_list":["post-138","page","type-page","status-publish","hentry","post-preview"],"_links":{"self":[{"href":"https:\/\/blogs.univ-tlse2.fr\/ambassadeurs\/wp-json\/wp\/v2\/pages\/138","targetHints":{"allow":["GET"]}}],"collection":[{"href":"https:\/\/blogs.univ-tlse2.fr\/ambassadeurs\/wp-json\/wp\/v2\/pages"}],"about":[{"href":"https:\/\/blogs.univ-tlse2.fr\/ambassadeurs\/wp-json\/wp\/v2\/types\/page"}],"author":[{"embeddable":true,"href":"https:\/\/blogs.univ-tlse2.fr\/ambassadeurs\/wp-json\/wp\/v2\/users\/111"}],"replies":[{"embeddable":true,"href":"https:\/\/blogs.univ-tlse2.fr\/ambassadeurs\/wp-json\/wp\/v2\/comments?post=138"}],"version-history":[{"count":13,"href":"https:\/\/blogs.univ-tlse2.fr\/ambassadeurs\/wp-json\/wp\/v2\/pages\/138\/revisions"}],"predecessor-version":[{"id":372,"href":"https:\/\/blogs.univ-tlse2.fr\/ambassadeurs\/wp-json\/wp\/v2\/pages\/138\/revisions\/372"}],"up":[{"embeddable":true,"href":"https:\/\/blogs.univ-tlse2.fr\/ambassadeurs\/wp-json\/wp\/v2\/pages\/644"}],"wp:attachment":[{"href":"https:\/\/blogs.univ-tlse2.fr\/ambassadeurs\/wp-json\/wp\/v2\/media?parent=138"}],"curies":[{"name":"wp","href":"https:\/\/api.w.org\/{rel}","templated":true}]}}